{"id":3258,"date":"2025-08-08T14:20:16","date_gmt":"2025-08-08T06:20:16","guid":{"rendered":"https:\/\/ecmicrophones.com\/?page_id=3258"},"modified":"2026-03-05T16:34:23","modified_gmt":"2026-03-05T08:34:23","slug":"dynamic-microphone-applications","status":"publish","type":"page","link":"https:\/\/ecmicrophones.com\/de\/dynamic-microphone-applications\/","title":{"rendered":"Dynamische Mikrofonanwendungen"},"content":{"rendered":"<blockquote class=\"wp-block-quote is-layout-flow wp-block-quote-is-layout-flow\">\n<p>Entdecken Sie unsere zuverl\u00e4ssigen dynamischen Mikrofonelemente, die ideal f\u00fcr B\u00fchnengesang, Instrumentenabnahme, Podcasts und Walkie-Talkie-Kommunikation sind. Hier finden Sie Produktdetails wie Modell, Abmessungen und Impedanz f\u00fcr optimale Klangqualit\u00e4t und Haltbarkeit.<\/p>\n<\/blockquote>","protected":false},"excerpt":{"rendered":"<p>Entdecken Sie unsere zuverl\u00e4ssigen dynamischen Mikrofonelemente, die ideal f\u00fcr B\u00fchnengesang, Instrumentenabnahme, Podcasts und Walkie-Talkie-Kommunikation sind. Hier finden Sie Produktdetails wie Modell, Abmessungen und Impedanz f\u00fcr optimale Klangqualit\u00e4t und Haltbarkeit.<\/p>","protected":false},"author":1,"featured_media":0,"parent":0,"menu_order":0,"comment_status":"closed","ping_status":"closed","template":"","meta":{"footnotes":""},"class_list":["post-3258","page","type-page","status-publish","hentry"],"_links":{"self":[{"href":"https:\/\/ecmicrophones.com\/de\/wp-json\/wp\/v2\/pages\/3258","targetHints":{"allow":["GET"]}}],"collection":[{"href":"https:\/\/ecmicrophones.com\/de\/wp-json\/wp\/v2\/pages"}],"about":[{"href":"https:\/\/ecmicrophones.com\/de\/wp-json\/wp\/v2\/types\/page"}],"author":[{"embeddable":true,"href":"https:\/\/ecmicrophones.com\/de\/wp-json\/wp\/v2\/users\/1"}],"replies":[{"embeddable":true,"href":"https:\/\/ecmicrophones.com\/de\/wp-json\/wp\/v2\/comments?post=3258"}],"version-history":[{"count":0,"href":"https:\/\/ecmicrophones.com\/de\/wp-json\/wp\/v2\/pages\/3258\/revisions"}],"wp:attachment":[{"href":"https:\/\/ecmicrophones.com\/de\/wp-json\/wp\/v2\/media?parent=3258"}],"curies":[{"name":"wp","href":"https:\/\/api.w.org\/{rel}","templated":true}]}}