{"id":403,"date":"2024-04-18T06:39:16","date_gmt":"2024-04-18T06:39:16","guid":{"rendered":"https:\/\/ecmicrophones.com\/?page_id=403"},"modified":"2026-03-05T16:36:49","modified_gmt":"2026-03-05T08:36:49","slug":"faq","status":"publish","type":"page","link":"https:\/\/ecmicrophones.com\/de\/faq\/","title":{"rendered":"FAQ"},"content":{"rendered":"<p>Dieser FAQ-Bereich beantwortet h\u00e4ufig gestellte Fragen zu ECMIC-Mikrofonkapseln, einschlie\u00dflich Produktspezifikationen, OEM-Anpassungsoptionen, Produktionsvorlaufzeiten und technischer Unterst\u00fctzung f\u00fcr Hersteller.<\/p>","protected":false},"excerpt":{"rendered":"<p>Dieser FAQ-Bereich beantwortet h\u00e4ufig gestellte Fragen zu ECMIC-Mikrofonkapseln, einschlie\u00dflich Produktspezifikationen, OEM-Anpassungsoptionen, Produktionsvorlaufzeiten und technischer Unterst\u00fctzung f\u00fcr Hersteller.<\/p>","protected":false},"author":1,"featured_media":0,"parent":0,"menu_order":0,"comment_status":"closed","ping_status":"closed","template":"","meta":{"footnotes":""},"class_list":["post-403","page","type-page","status-publish","hentry"],"_links":{"self":[{"href":"https:\/\/ecmicrophones.com\/de\/wp-json\/wp\/v2\/pages\/403","targetHints":{"allow":["GET"]}}],"collection":[{"href":"https:\/\/ecmicrophones.com\/de\/wp-json\/wp\/v2\/pages"}],"about":[{"href":"https:\/\/ecmicrophones.com\/de\/wp-json\/wp\/v2\/types\/page"}],"author":[{"embeddable":true,"href":"https:\/\/ecmicrophones.com\/de\/wp-json\/wp\/v2\/users\/1"}],"replies":[{"embeddable":true,"href":"https:\/\/ecmicrophones.com\/de\/wp-json\/wp\/v2\/comments?post=403"}],"version-history":[{"count":0,"href":"https:\/\/ecmicrophones.com\/de\/wp-json\/wp\/v2\/pages\/403\/revisions"}],"wp:attachment":[{"href":"https:\/\/ecmicrophones.com\/de\/wp-json\/wp\/v2\/media?parent=403"}],"curies":[{"name":"wp","href":"https:\/\/api.w.org\/{rel}","templated":true}]}}