{"id":1033,"date":"2024-06-05T17:36:29","date_gmt":"2024-06-05T09:36:29","guid":{"rendered":"https:\/\/ecmicrophones.com\/?post_type=product&#038;p=1033"},"modified":"2026-03-19T15:25:08","modified_gmt":"2026-03-19T07:25:08","slug":"acoustic-guitar-microphone-capsule-10mm","status":"publish","type":"product","link":"https:\/\/ecmicrophones.com\/de\/acoustic-guitar-microphone-capsule-10mm\/","title":{"rendered":"Mikrofonkapsel f\u00fcr Akustikgitarre, 10 mm"},"content":{"rendered":"<h2 class=\"text-start\">Technische Daten<\/h2>\n<p class=\"text-start\">Das ECM-B1045UL-53 ist eine kompakte 10 \u00d7 4,5 mm Mikrofonkapsel mit unidirektionaler Richtcharakteristik, die f\u00fcr die pr\u00e4zise Aufnahme von Gitarren-Pickups und anderen Musikinstrumenten entwickelt wurde. Es verf\u00fcgt \u00fcber eine hochwertige, in Korea hergestellte Membran, die f\u00fcr Klangtreue und Langlebigkeit optimiert ist und eine gleichbleibende Leistung gew\u00e4hrleistet.<\/p>\n<p class=\"text-start\">Der Frequenzgang ist auf Musikinstrumente zugeschnitten, mit einer sp\u00fcrbaren Anhebung in den tiefen Frequenzen f\u00fcr satte, volle T\u00f6ne, gefolgt von einer allm\u00e4hlichen Anhebung im Mitteltonbereich, um die Klarheit zu verbessern. Hohe Frequenzen werden kontrolliert, um H\u00e4rte zu vermeiden, und bieten ein weiches und nat\u00fcrliches Klangprofil.<\/p>\n<h3 class=\"pt-5 text-start\">Standardtestschaltung<\/h3>\n<p><img loading=\"lazy\" decoding=\"async\" class=\"alignnone wp-image-3068 size-full\" src=\"https:\/\/ecmicrophones.com\/wp-content\/uploads\/2024\/06\/standard-test-circuit_ecm-b1045ul-53.png\" alt=\"Standardtestschaltung\" width=\"527\" height=\"226\" srcset=\"https:\/\/ecmicrophones.com\/wp-content\/uploads\/2024\/06\/standard-test-circuit_ecm-b1045ul-53.png 527w, https:\/\/ecmicrophones.com\/wp-content\/uploads\/2024\/06\/standard-test-circuit_ecm-b1045ul-53-300x129.png 300w, https:\/\/ecmicrophones.com\/wp-content\/uploads\/2024\/06\/standard-test-circuit_ecm-b1045ul-53-18x8.png 18w\" sizes=\"auto, (max-width: 527px) 100vw, 527px\" \/><\/p>\n<p>Testschaltung: RL = 680\u03a9, VS = 1,5V, C = 1\u03bcF.<\/p>\n<h3 class=\"pt-5 text-start\">Typischer Frequenzgang<\/h3>\n<p><img loading=\"lazy\" decoding=\"async\" class=\"alignnone wp-image-3069 size-full\" src=\"https:\/\/ecmicrophones.com\/wp-content\/uploads\/2024\/06\/typical-frequency-response_ecm-b1045ul-53.png\" alt=\"Typischer Frequenzgang\" width=\"599\" height=\"218\" srcset=\"https:\/\/ecmicrophones.com\/wp-content\/uploads\/2024\/06\/typical-frequency-response_ecm-b1045ul-53.png 599w, https:\/\/ecmicrophones.com\/wp-content\/uploads\/2024\/06\/typical-frequency-response_ecm-b1045ul-53-300x109.png 300w, https:\/\/ecmicrophones.com\/wp-content\/uploads\/2024\/06\/typical-frequency-response_ecm-b1045ul-53-18x7.png 18w\" sizes=\"auto, (max-width: 599px) 100vw, 599px\" \/><\/p>\n<p>Der Frequenzgang steigt von 100Hz bis 1kHz stetig an, bleibt bis 5kHz flach und f\u00e4llt dann allm\u00e4hlich ab.<\/p>\n<h3 class=\"pt-5 text-start\">Abmessungen (UNIT: mm)<\/h3>\n<p><img loading=\"lazy\" decoding=\"async\" class=\"alignnone wp-image-3070 size-full\" src=\"https:\/\/ecmicrophones.com\/wp-content\/uploads\/2024\/06\/appearance-dimension_ecm-b1045ul-53-1.png\" alt=\"Abmessungen (UNIT: mm)\" width=\"504\" height=\"368\" srcset=\"https:\/\/ecmicrophones.com\/wp-content\/uploads\/2024\/06\/appearance-dimension_ecm-b1045ul-53-1.png 504w, https:\/\/ecmicrophones.com\/wp-content\/uploads\/2024\/06\/appearance-dimension_ecm-b1045ul-53-1-300x219.png 300w, https:\/\/ecmicrophones.com\/wp-content\/uploads\/2024\/06\/appearance-dimension_ecm-b1045ul-53-1-16x12.png 16w\" sizes=\"auto, (max-width: 504px) 100vw, 504px\" \/><\/p>\n<p>Die Kapsel hat einen Durchmesser von 10 mm, eine H\u00f6he von 4,5 mm, ein Staubschutzgitter auf der Vorderseite und eine akustische \u00d6ffnung auf der R\u00fcckseite.<\/p>","protected":false},"excerpt":{"rendered":"<p>Eine kompakte 10 \u00d7 4,5 mm unidirektionale Mikrofonkapsel mit au\u00dfergew\u00f6hnlicher Klangtreue f\u00fcr Gitarrentonabnehmer und Musikinstrumente. F\u00fcr Modelle mit 50 mm L\u00f6tanschluss, siehe die <a href=\"https:\/\/ecmicrophones.com\/de\/10mm-unidirectional-electret-microphone-element-with-leads-for-guitar-pickup\/\">ECM-B1045UL-53-L50<\/a>.<\/p>","protected":false},"featured_media":2466,"comment_status":"open","ping_status":"closed","template":"","meta":[],"product_brand":[721],"product_cat":[16,21],"product_tag":[281,111,288],"class_list":{"0":"post-1033","1":"product","2":"type-product","3":"status-publish","4":"has-post-thumbnail","6":"product_brand-ecmic","7":"product_cat-electret-microphones","8":"product_cat-unidirectional-microphones","9":"product_tag-10mm","10":"product_tag-instrument","11":"product_tag-solder-pads","13":"first","14":"instock","15":"shipping-taxable","16":"purchasable","17":"product-type-simple"},"_links":{"self":[{"href":"https:\/\/ecmicrophones.com\/de\/wp-json\/wp\/v2\/product\/1033","targetHints":{"allow":["GET"]}}],"collection":[{"href":"https:\/\/ecmicrophones.com\/de\/wp-json\/wp\/v2\/product"}],"about":[{"href":"https:\/\/ecmicrophones.com\/de\/wp-json\/wp\/v2\/types\/product"}],"replies":[{"embeddable":true,"href":"https:\/\/ecmicrophones.com\/de\/wp-json\/wp\/v2\/comments?post=1033"}],"wp:featuredmedia":[{"embeddable":true,"href":"https:\/\/ecmicrophones.com\/de\/wp-json\/wp\/v2\/media\/2466"}],"wp:attachment":[{"href":"https:\/\/ecmicrophones.com\/de\/wp-json\/wp\/v2\/media?parent=1033"}],"wp:term":[{"taxonomy":"product_brand","embeddable":true,"href":"https:\/\/ecmicrophones.com\/de\/wp-json\/wp\/v2\/product_brand?post=1033"},{"taxonomy":"product_cat","embeddable":true,"href":"https:\/\/ecmicrophones.com\/de\/wp-json\/wp\/v2\/product_cat?post=1033"},{"taxonomy":"product_tag","embeddable":true,"href":"https:\/\/ecmicrophones.com\/de\/wp-json\/wp\/v2\/product_tag?post=1033"}],"curies":[{"name":"wp","href":"https:\/\/api.w.org\/{rel}","templated":true}]}}