{"id":1040,"date":"2024-06-05T18:12:30","date_gmt":"2024-06-05T10:12:30","guid":{"rendered":"https:\/\/ecmicrophones.com\/?post_type=product&#038;p=1040"},"modified":"2026-03-19T15:24:49","modified_gmt":"2026-03-19T07:24:49","slug":"computer-headset-microphone-capsule-9-7mm","status":"publish","type":"product","link":"https:\/\/ecmicrophones.com\/de\/computer-headset-microphone-capsule-9-7mm\/","title":{"rendered":"Computer-Headset-Mikrofonkapsel 9,7 mm"},"content":{"rendered":"<h2 class=\"text-start\">Technische Daten<\/h2>\n<p class=\"text-start\">Unser omnidirektionaler Mikrofonkopf 9745 verf\u00fcgt \u00fcber ein Doppelkondensatordesign mit importierten Kernkomponenten. Er enth\u00e4lt integrierte Doppelkondensatoren zur Filterung und sorgt so f\u00fcr eine effektive Rauschunterdr\u00fcckung und St\u00f6rfestigkeit.<\/p>\n<h3 class=\"pt-5 text-start\">Standardtestschaltung<\/h3>\n<p><img loading=\"lazy\" decoding=\"async\" class=\"alignnone size-full wp-image-1041\" src=\"https:\/\/ecmicrophones.com\/wp-content\/uploads\/2024\/06\/standard-test-circuit_ecm-b9745al38.jpg\" alt=\"Standardtestschaltung\" width=\"750\" height=\"400\" srcset=\"https:\/\/ecmicrophones.com\/wp-content\/uploads\/2024\/06\/standard-test-circuit_ecm-b9745al38.jpg 750w, https:\/\/ecmicrophones.com\/wp-content\/uploads\/2024\/06\/standard-test-circuit_ecm-b9745al38-300x160.jpg 300w, https:\/\/ecmicrophones.com\/wp-content\/uploads\/2024\/06\/standard-test-circuit_ecm-b9745al38-18x10.jpg 18w, https:\/\/ecmicrophones.com\/wp-content\/uploads\/2024\/06\/standard-test-circuit_ecm-b9745al38-600x320.jpg 600w\" sizes=\"auto, (max-width: 750px) 100vw, 750px\" \/><\/p>\n<p>Testbedingungen: RL = 2,2K\u03a9, Vs = 2V, C = 1\u03bcF.<\/p>\n<h3 class=\"pt-5 text-start\">Typischer Frequenzgang<\/h3>\n<p><img loading=\"lazy\" decoding=\"async\" class=\"alignnone size-full wp-image-1042\" src=\"https:\/\/ecmicrophones.com\/wp-content\/uploads\/2024\/06\/typical-frequency-response_ecm-b9745al38.jpg\" alt=\"Typischer Frequenzgang\" width=\"750\" height=\"400\" srcset=\"https:\/\/ecmicrophones.com\/wp-content\/uploads\/2024\/06\/typical-frequency-response_ecm-b9745al38.jpg 750w, https:\/\/ecmicrophones.com\/wp-content\/uploads\/2024\/06\/typical-frequency-response_ecm-b9745al38-300x160.jpg 300w, https:\/\/ecmicrophones.com\/wp-content\/uploads\/2024\/06\/typical-frequency-response_ecm-b9745al38-18x10.jpg 18w, https:\/\/ecmicrophones.com\/wp-content\/uploads\/2024\/06\/typical-frequency-response_ecm-b9745al38-600x320.jpg 600w\" sizes=\"auto, (max-width: 750px) 100vw, 750px\" \/><\/p>\n<p>Frequenzbereich: 50Hz-16kHz. Der Frequenzgang bleibt von 50Hz bis etwa 3kHz flach, gefolgt von einem stetigen Anstieg, der bei 10kHz seinen H\u00f6hepunkt erreicht. Nach Erreichen des Spitzenwerts f\u00e4llt die Kurve allm\u00e4hlich in Richtung der oberen Frequenzgrenze ab.<\/p>\n<h3 class=\"pt-5 text-start\">Abmessungen (UNIT: mm)<\/h3>\n<p><img loading=\"lazy\" decoding=\"async\" class=\"alignnone size-full wp-image-1043\" src=\"https:\/\/ecmicrophones.com\/wp-content\/uploads\/2024\/06\/appearance-dimension_ecm-b9745al38.jpg\" alt=\"Aussehen Dimension\" width=\"750\" height=\"400\" srcset=\"https:\/\/ecmicrophones.com\/wp-content\/uploads\/2024\/06\/appearance-dimension_ecm-b9745al38.jpg 750w, https:\/\/ecmicrophones.com\/wp-content\/uploads\/2024\/06\/appearance-dimension_ecm-b9745al38-300x160.jpg 300w, https:\/\/ecmicrophones.com\/wp-content\/uploads\/2024\/06\/appearance-dimension_ecm-b9745al38-18x10.jpg 18w, https:\/\/ecmicrophones.com\/wp-content\/uploads\/2024\/06\/appearance-dimension_ecm-b9745al38-600x320.jpg 600w\" sizes=\"auto, (max-width: 750px) 100vw, 750px\" \/><\/p>\n<p>Dieses Ger\u00e4t misst 9,7 mm im Durchmesser und 4,5 mm in der H\u00f6he. Die Vorderseite ist durch ein staubdichtes Netz gesch\u00fctzt, w\u00e4hrend die R\u00fcckseite vollst\u00e4ndig versiegelt ist und keine akustische \u00d6ffnung aufweist.<\/p>","protected":false},"excerpt":{"rendered":"<p>Das ECM-B9745AL38 ist eine vielseitige omnidirektionale Mikrofonkapsel, die sich ideal f\u00fcr den Einsatz in Headsets, Ohrh\u00f6rern und Unterrichtsger\u00e4ten eignet. Mit einer Empfindlichkeit von -38 dB\u00b12 und einem Signal-Rausch-Verh\u00e4ltnis von 62 dB sorgt es f\u00fcr eine klare und hochwertige Audiowiedergabe. Durch sein kompaktes Design eignet es sich f\u00fcr verschiedene Audioaufzeichnungs- und Kommunikationsanforderungen.<\/p>","protected":false},"featured_media":2672,"comment_status":"open","ping_status":"closed","template":"","meta":[],"product_brand":[721],"product_cat":[16,20],"product_tag":[282,235,288],"class_list":{"0":"post-1040","1":"product","2":"type-product","3":"status-publish","4":"has-post-thumbnail","6":"product_brand-ecmic","7":"product_cat-electret-microphones","8":"product_cat-omnidirectional-microphones","9":"product_tag-9-7mm","10":"product_tag-conference","11":"product_tag-solder-pads","13":"first","14":"instock","15":"shipping-taxable","16":"purchasable","17":"product-type-simple"},"_links":{"self":[{"href":"https:\/\/ecmicrophones.com\/de\/wp-json\/wp\/v2\/product\/1040","targetHints":{"allow":["GET"]}}],"collection":[{"href":"https:\/\/ecmicrophones.com\/de\/wp-json\/wp\/v2\/product"}],"about":[{"href":"https:\/\/ecmicrophones.com\/de\/wp-json\/wp\/v2\/types\/product"}],"replies":[{"embeddable":true,"href":"https:\/\/ecmicrophones.com\/de\/wp-json\/wp\/v2\/comments?post=1040"}],"wp:featuredmedia":[{"embeddable":true,"href":"https:\/\/ecmicrophones.com\/de\/wp-json\/wp\/v2\/media\/2672"}],"wp:attachment":[{"href":"https:\/\/ecmicrophones.com\/de\/wp-json\/wp\/v2\/media?parent=1040"}],"wp:term":[{"taxonomy":"product_brand","embeddable":true,"href":"https:\/\/ecmicrophones.com\/de\/wp-json\/wp\/v2\/product_brand?post=1040"},{"taxonomy":"product_cat","embeddable":true,"href":"https:\/\/ecmicrophones.com\/de\/wp-json\/wp\/v2\/product_cat?post=1040"},{"taxonomy":"product_tag","embeddable":true,"href":"https:\/\/ecmicrophones.com\/de\/wp-json\/wp\/v2\/product_tag?post=1040"}],"curies":[{"name":"wp","href":"https:\/\/api.w.org\/{rel}","templated":true}]}}