{"id":107,"date":"2024-03-27T11:12:39","date_gmt":"2024-03-27T11:12:39","guid":{"rendered":"https:\/\/ecmicrophones.com\/?post_type=product&#038;p=107"},"modified":"2026-03-19T15:40:38","modified_gmt":"2026-03-19T07:40:38","slug":"14mm-unidirectional-electret-condenser-microphone-element-for-high-fidelity","status":"publish","type":"product","link":"https:\/\/ecmicrophones.com\/de\/14mm-unidirectional-electret-condenser-microphone-element-for-high-fidelity\/","title":{"rendered":"14 mm unidirektionales Elektret-Kondensatormikrofonelement f\u00fcr hohe Wiedergabetreue"},"content":{"rendered":"<h2 class=\"text-start\">Technische Daten<\/h2>\n<p class=\"text-start\">Unser unidirektionaler Mikrofonkopf 1465, der speziell f\u00fcr Gesangsanwendungen entwickelt wurde, wird strengen Tests unterzogen, darunter einem 12-st\u00fcndigen Alterungsprozess bei 80 \u00b0C, Falltests aus 1 Meter H\u00f6he sowie Salzspr\u00fchnebel- und Feuchtigkeitstests. Dies gew\u00e4hrleistet gleichbleibende Qualit\u00e4t und Zuverl\u00e4ssigkeit auch unter den anspruchsvollsten Bedingungen.<\/p>\n<h3 class=\"pt-5 text-start\">Standardtestschaltung<\/h3>\n<p><img loading=\"lazy\" decoding=\"async\" class=\"alignnone size-full wp-image-265\" src=\"https:\/\/ecmicrophones.com\/wp-content\/uploads\/2024\/03\/standard-test-circuit_ecm-b1465ul42-231165.png\" alt=\"ECM-B1465UL42 Pr\u00fcfschaltkreis: 6,8k\u03a9 Vorspannung, 4,5V Versorgung, 1\u03bcF Ausgang\" width=\"510\" height=\"230\" srcset=\"https:\/\/ecmicrophones.com\/wp-content\/uploads\/2024\/03\/standard-test-circuit_ecm-b1465ul42-231165.png 510w, https:\/\/ecmicrophones.com\/wp-content\/uploads\/2024\/03\/standard-test-circuit_ecm-b1465ul42-231165-300x135.png 300w, https:\/\/ecmicrophones.com\/wp-content\/uploads\/2024\/03\/standard-test-circuit_ecm-b1465ul42-231165-18x8.png 18w\" sizes=\"auto, (max-width: 510px) 100vw, 510px\" \/><\/p>\n<p>6,8k\u03a9 Vorspannungswiderstand, 4,5V DC Versorgung, 1\u03bcF Ausgangskondensator. Unidirektionales Mikrofon mit Source-Output-Konfiguration.<\/p>\n<h3 class=\"pt-5 text-start\">Typischer Frequenzgang<\/h3>\n<p><img loading=\"lazy\" decoding=\"async\" class=\"alignnone wp-image-266\" src=\"https:\/\/ecmicrophones.com\/wp-content\/uploads\/2024\/03\/typical-frequency-response_ecm-b1465ul42-231165-1024x496.png\" alt=\"ECM-B1465UL42 Frequenzgang: Stufenweiser Anstieg von 50Hz-8kHz mit D\u00e4mpfung der hohen Frequenzen\" width=\"542\" height=\"263\" srcset=\"https:\/\/ecmicrophones.com\/wp-content\/uploads\/2024\/03\/typical-frequency-response_ecm-b1465ul42-231165-1024x496.png 1024w, https:\/\/ecmicrophones.com\/wp-content\/uploads\/2024\/03\/typical-frequency-response_ecm-b1465ul42-231165-300x145.png 300w, https:\/\/ecmicrophones.com\/wp-content\/uploads\/2024\/03\/typical-frequency-response_ecm-b1465ul42-231165-768x372.png 768w, https:\/\/ecmicrophones.com\/wp-content\/uploads\/2024\/03\/typical-frequency-response_ecm-b1465ul42-231165-1536x744.png 1536w, https:\/\/ecmicrophones.com\/wp-content\/uploads\/2024\/03\/typical-frequency-response_ecm-b1465ul42-231165-2048x993.png 2048w, https:\/\/ecmicrophones.com\/wp-content\/uploads\/2024\/03\/typical-frequency-response_ecm-b1465ul42-231165-18x9.png 18w, https:\/\/ecmicrophones.com\/wp-content\/uploads\/2024\/03\/typical-frequency-response_ecm-b1465ul42-231165-600x291.png 600w\" sizes=\"auto, (max-width: 542px) 100vw, 542px\" \/><\/p>\n<p>Allm\u00e4hlicher Anstieg von den tiefen zu den mittleren Frequenzen (50Hz-8kHz) mit sanftem Abklingen der hohen Frequenzen<\/p>\n<h3 class=\"pt-5 text-start\">Abmessungen (Einheit: mm)<\/h3>\n<p><img loading=\"lazy\" decoding=\"async\" class=\"alignnone size-full wp-image-264\" src=\"https:\/\/ecmicrophones.com\/wp-content\/uploads\/2024\/03\/appearance-dimension_ecm-b1465ul42-231165.png\" alt=\"ECM-B1465UL42 Abmessungen: \u03a614\u00d76,5mm unidirektionale Kapsel mit zwei Anschl\u00fcssen\" width=\"515\" height=\"390\" srcset=\"https:\/\/ecmicrophones.com\/wp-content\/uploads\/2024\/03\/appearance-dimension_ecm-b1465ul42-231165.png 515w, https:\/\/ecmicrophones.com\/wp-content\/uploads\/2024\/03\/appearance-dimension_ecm-b1465ul42-231165-300x227.png 300w, https:\/\/ecmicrophones.com\/wp-content\/uploads\/2024\/03\/appearance-dimension_ecm-b1465ul42-231165-16x12.png 16w\" sizes=\"auto, (max-width: 515px) 100vw, 515px\" \/><\/p>\n<p>Professionelle \u03a614\u00d76,5 mm unidirektionale Kapsel mit Staubschutzgitter vorne und Schalleinlass hinten.<\/p>","protected":false},"excerpt":{"rendered":"<p>Das ECM-B1465UL42-231165 ist eine 14 \u00d7 6,5 mm gro\u00dfe Mikrofonkapsel, die f\u00fcr professionelle Audioanforderungen entwickelt wurde. Mit einer Empfindlichkeit von -42 dB\u00b12 und einem Signal-Rausch-Verh\u00e4ltnis von 73 dB liefert es klaren und detaillierten Klang \u00fcber alle Frequenzen hinweg. Sein unidirektionales Muster isoliert Schallquellen effektiv. Es ist ideal f\u00fcr Studios, Live-Events und Rundfunk und gew\u00e4hrleistet erstklassige Audioqualit\u00e4t in professionellen Umgebungen.<\/p>","protected":false},"featured_media":2536,"comment_status":"open","ping_status":"closed","template":"","meta":[],"product_brand":[721],"product_cat":[16,21],"product_tag":[280,292,116],"class_list":{"0":"post-107","1":"product","2":"type-product","3":"status-publish","4":"has-post-thumbnail","6":"product_brand-ecmic","7":"product_cat-electret-microphones","8":"product_cat-unidirectional-microphones","9":"product_tag-14mm","10":"product_tag-3-solder-pads","11":"product_tag-vocal","13":"first","14":"instock","15":"shipping-taxable","16":"purchasable","17":"product-type-simple"},"_links":{"self":[{"href":"https:\/\/ecmicrophones.com\/de\/wp-json\/wp\/v2\/product\/107","targetHints":{"allow":["GET"]}}],"collection":[{"href":"https:\/\/ecmicrophones.com\/de\/wp-json\/wp\/v2\/product"}],"about":[{"href":"https:\/\/ecmicrophones.com\/de\/wp-json\/wp\/v2\/types\/product"}],"replies":[{"embeddable":true,"href":"https:\/\/ecmicrophones.com\/de\/wp-json\/wp\/v2\/comments?post=107"}],"wp:featuredmedia":[{"embeddable":true,"href":"https:\/\/ecmicrophones.com\/de\/wp-json\/wp\/v2\/media\/2536"}],"wp:attachment":[{"href":"https:\/\/ecmicrophones.com\/de\/wp-json\/wp\/v2\/media?parent=107"}],"wp:term":[{"taxonomy":"product_brand","embeddable":true,"href":"https:\/\/ecmicrophones.com\/de\/wp-json\/wp\/v2\/product_brand?post=107"},{"taxonomy":"product_cat","embeddable":true,"href":"https:\/\/ecmicrophones.com\/de\/wp-json\/wp\/v2\/product_cat?post=107"},{"taxonomy":"product_tag","embeddable":true,"href":"https:\/\/ecmicrophones.com\/de\/wp-json\/wp\/v2\/product_tag?post=107"}],"curies":[{"name":"wp","href":"https:\/\/api.w.org\/{rel}","templated":true}]}}