{"id":114,"date":"2024-03-27T11:17:20","date_gmt":"2024-03-27T11:17:20","guid":{"rendered":"https:\/\/ecmicrophones.com\/?post_type=product&#038;p=114"},"modified":"2026-03-19T15:40:47","modified_gmt":"2026-03-19T07:40:47","slug":"live-recording-microphone-capsule-5-8mm","status":"publish","type":"product","link":"https:\/\/ecmicrophones.com\/de\/live-recording-microphone-capsule-5-8mm\/","title":{"rendered":"Mikrofonkapsel f\u00fcr Live-Aufnahmen, 5,8 mm"},"content":{"rendered":"<h2 class=\"text-start\">Technische Daten<\/h2>\n<p class=\"text-start\">Unser omnidirektionaler Mikrofonkopf 5820 wird unter Verwendung hochwertiger Panasonic JFETs ma\u00dfgefertigt. Er bietet ein Signal-Rausch-Verh\u00e4ltnis von 71 dB und einen flachen Frequenzgang und gew\u00e4hrleistet so eine \u00fcberragende Audioleistung.<\/p>\n<h3 class=\"pt-5 text-start\">Standardtestschaltung<\/h3>\n<p><img loading=\"lazy\" decoding=\"async\" class=\"alignnone size-full wp-image-270\" src=\"https:\/\/ecmicrophones.com\/wp-content\/uploads\/2024\/03\/standard-test-circuit_ecm-b5820al36-522.png\" alt=\"ECM-B5820AL36 Testschaltung: 2,2k\u03a9 Vorspannung, 2V Versorgung, 1\u03bcF Ausgang\" width=\"543\" height=\"233\" srcset=\"https:\/\/ecmicrophones.com\/wp-content\/uploads\/2024\/03\/standard-test-circuit_ecm-b5820al36-522.png 543w, https:\/\/ecmicrophones.com\/wp-content\/uploads\/2024\/03\/standard-test-circuit_ecm-b5820al36-522-300x129.png 300w, https:\/\/ecmicrophones.com\/wp-content\/uploads\/2024\/03\/standard-test-circuit_ecm-b5820al36-522-18x8.png 18w\" sizes=\"auto, (max-width: 543px) 100vw, 543px\" \/><\/p>\n<p>2,2k\u03a9 Vorspannungswiderstand, 2V DC Versorgung, 1\u03bcF Ausgangskondensator. Standardmikrofonkonfiguration mit Kugelcharakteristik.<\/p>\n<h3 class=\"pt-5 text-start\">Typischer Frequenzgang<\/h3>\n<p><img loading=\"lazy\" decoding=\"async\" class=\"alignnone size-full wp-image-268\" src=\"https:\/\/ecmicrophones.com\/wp-content\/uploads\/2024\/03\/typical-frequency-response_ecm-b5820al36-522.png\" alt=\"ECM-B5820AL36 Frequenzgang: Flacher Frequenzgang 50Hz-20kHz (gemessen)\" width=\"397\" height=\"284\" srcset=\"https:\/\/ecmicrophones.com\/wp-content\/uploads\/2024\/03\/typical-frequency-response_ecm-b5820al36-522.png 397w, https:\/\/ecmicrophones.com\/wp-content\/uploads\/2024\/03\/typical-frequency-response_ecm-b5820al36-522-300x215.png 300w, https:\/\/ecmicrophones.com\/wp-content\/uploads\/2024\/03\/typical-frequency-response_ecm-b5820al36-522-18x12.png 18w\" sizes=\"auto, (max-width: 397px) 100vw, 397px\" \/><\/p>\n<p>Flacher Frequenzgang im Bereich von 50Hz-20kHz.<\/p>\n<h3 class=\"pt-5 text-start\">Abmessungen (Einheit: mm)<\/h3>\n<p><img loading=\"lazy\" decoding=\"async\" class=\"alignnone size-full wp-image-269\" src=\"https:\/\/ecmicrophones.com\/wp-content\/uploads\/2024\/03\/appearance-dimension_ecm-b5820al36-522.png\" alt=\"ECM-B5820AL36 Abmessungen: \u03a65,8\u00d72,0mm ultrakompakte, abgedichtete Bauweise\" width=\"430\" height=\"372\" srcset=\"https:\/\/ecmicrophones.com\/wp-content\/uploads\/2024\/03\/appearance-dimension_ecm-b5820al36-522.png 430w, https:\/\/ecmicrophones.com\/wp-content\/uploads\/2024\/03\/appearance-dimension_ecm-b5820al36-522-300x260.png 300w, https:\/\/ecmicrophones.com\/wp-content\/uploads\/2024\/03\/appearance-dimension_ecm-b5820al36-522-14x12.png 14w\" sizes=\"auto, (max-width: 430px) 100vw, 430px\" \/><\/p>\n<p>Ultrakompaktes \u03a65,8\u00d72,0-mm-Geh\u00e4use mit Staubschutzgitter auf der Vorderseite (R\u00fcckseite ohne Portierung).<\/p>","protected":false},"excerpt":{"rendered":"<p>Das ECM-B5820AL36-522 ist eine 5,8 \u00d7 2 mm gro\u00dfe omnidirektionale Mikrofonkapsel, die f\u00fcr Instrumentenabnahmemikrofone und akustische Aufnahmen entwickelt wurde. Es verf\u00fcgt \u00fcber eine Empfindlichkeit von -36 dB\u00b12 und einen Signal-Rausch-Abstand von 71 dB und gew\u00e4hrleistet so eine hochwertige Tonaufnahme f\u00fcr Musikanwendungen.<\/p>","protected":false},"featured_media":2658,"comment_status":"open","ping_status":"closed","template":"","meta":[],"product_brand":[721],"product_cat":[16,20],"product_tag":[286,111,288],"class_list":{"0":"post-114","1":"product","2":"type-product","3":"status-publish","4":"has-post-thumbnail","6":"product_brand-ecmic","7":"product_cat-electret-microphones","8":"product_cat-omnidirectional-microphones","9":"product_tag-5-8mm","10":"product_tag-instrument","11":"product_tag-solder-pads","13":"first","14":"instock","15":"shipping-taxable","16":"purchasable","17":"product-type-simple"},"_links":{"self":[{"href":"https:\/\/ecmicrophones.com\/de\/wp-json\/wp\/v2\/product\/114","targetHints":{"allow":["GET"]}}],"collection":[{"href":"https:\/\/ecmicrophones.com\/de\/wp-json\/wp\/v2\/product"}],"about":[{"href":"https:\/\/ecmicrophones.com\/de\/wp-json\/wp\/v2\/types\/product"}],"replies":[{"embeddable":true,"href":"https:\/\/ecmicrophones.com\/de\/wp-json\/wp\/v2\/comments?post=114"}],"wp:featuredmedia":[{"embeddable":true,"href":"https:\/\/ecmicrophones.com\/de\/wp-json\/wp\/v2\/media\/2658"}],"wp:attachment":[{"href":"https:\/\/ecmicrophones.com\/de\/wp-json\/wp\/v2\/media?parent=114"}],"wp:term":[{"taxonomy":"product_brand","embeddable":true,"href":"https:\/\/ecmicrophones.com\/de\/wp-json\/wp\/v2\/product_brand?post=114"},{"taxonomy":"product_cat","embeddable":true,"href":"https:\/\/ecmicrophones.com\/de\/wp-json\/wp\/v2\/product_cat?post=114"},{"taxonomy":"product_tag","embeddable":true,"href":"https:\/\/ecmicrophones.com\/de\/wp-json\/wp\/v2\/product_tag?post=114"}],"curies":[{"name":"wp","href":"https:\/\/api.w.org\/{rel}","templated":true}]}}