{"id":1236,"date":"2024-07-08T18:04:34","date_gmt":"2024-07-08T10:04:34","guid":{"rendered":"https:\/\/ecmicrophones.com\/?post_type=product&#038;p=1236"},"modified":"2026-03-19T15:23:59","modified_gmt":"2026-03-19T07:23:59","slug":"9-7mm-unidirectional-electret-condenser-microphone-insert-for-voice-amplifier","status":"publish","type":"product","link":"https:\/\/ecmicrophones.com\/de\/9-7mm-unidirectional-electret-condenser-microphone-insert-for-voice-amplifier\/","title":{"rendered":"9,7 mm unidirektionaler Elektret-Kondensatormikrofon-Einsatz f\u00fcr Sprachverst\u00e4rker"},"content":{"rendered":"<h2 class=\"text-start\">Technische Daten<\/h2>\n<p class=\"text-start\">Unser unidirektionaler Mikrofonkopf 9750 liefert hochwertigen Klang mit hervorragender Rauschunterdr\u00fcckung, Interferenzresistenz und Ger\u00e4uschunterdr\u00fcckungseffekten.<\/p>\n<h3 class=\"pt-5 text-start\">Standardtestschaltung<\/h3>\n<p><img loading=\"lazy\" decoding=\"async\" src=\"https:\/\/ecmicrophones.com\/wp-content\/uploads\/2024\/07\/standard-test-circuit_ecm-f9752ul.png\" alt=\"Standardtestschaltung\" width=\"614\" height=\"255\" class=\"alignnone size-full wp-image-1239\" srcset=\"https:\/\/ecmicrophones.com\/wp-content\/uploads\/2024\/07\/standard-test-circuit_ecm-f9752ul.png 614w, https:\/\/ecmicrophones.com\/wp-content\/uploads\/2024\/07\/standard-test-circuit_ecm-f9752ul-300x125.png 300w, https:\/\/ecmicrophones.com\/wp-content\/uploads\/2024\/07\/standard-test-circuit_ecm-f9752ul-18x7.png 18w, https:\/\/ecmicrophones.com\/wp-content\/uploads\/2024\/07\/standard-test-circuit_ecm-f9752ul-600x249.png 600w\" sizes=\"auto, (max-width: 614px) 100vw, 614px\" \/><\/p>\n<p>Testbedingungen: Lastwiderstand (RL) = 680\u03a9, Versorgungsspannung (VS) = 1,5V, Koppelkondensator (C) = 1\u03bcF.<\/p>\n<h3 class=\"pt-5 text-start\">Typischer Frequenzgang<\/h3>\n<p><img loading=\"lazy\" decoding=\"async\" src=\"https:\/\/ecmicrophones.com\/wp-content\/uploads\/2024\/07\/typical-frequency-response_ecm-f9752ul.png\" alt=\"Typischer Frequenzgang\" width=\"633\" height=\"273\" class=\"alignnone size-full wp-image-1237\" srcset=\"https:\/\/ecmicrophones.com\/wp-content\/uploads\/2024\/07\/typical-frequency-response_ecm-f9752ul.png 633w, https:\/\/ecmicrophones.com\/wp-content\/uploads\/2024\/07\/typical-frequency-response_ecm-f9752ul-300x129.png 300w, https:\/\/ecmicrophones.com\/wp-content\/uploads\/2024\/07\/typical-frequency-response_ecm-f9752ul-18x8.png 18w, https:\/\/ecmicrophones.com\/wp-content\/uploads\/2024\/07\/typical-frequency-response_ecm-f9752ul-600x259.png 600w\" sizes=\"auto, (max-width: 633px) 100vw, 633px\" \/><\/p>\n<p>\nFrequenzgang: 100Hz-10kHz. Die Kurve zeigt einen Anstieg von 100Hz bis etwa 1kHz, gefolgt von einem relativ flachen und leicht ansteigenden Mitteltonbereich. Bei 5kHz beginnt ein sanfter Abfall.\n<\/p>\n<h3 class=\"pt-5 text-start\">Abmessungen (UNIT: mm)<\/h3>\n<p><img loading=\"lazy\" decoding=\"async\" src=\"https:\/\/ecmicrophones.com\/wp-content\/uploads\/2024\/07\/appearance-dimension_ecm-f9752ul.png\" alt=\"Aussehen Dimension\" width=\"494\" height=\"350\" class=\"alignnone size-full wp-image-1238\" srcset=\"https:\/\/ecmicrophones.com\/wp-content\/uploads\/2024\/07\/appearance-dimension_ecm-f9752ul.png 494w, https:\/\/ecmicrophones.com\/wp-content\/uploads\/2024\/07\/appearance-dimension_ecm-f9752ul-300x213.png 300w, https:\/\/ecmicrophones.com\/wp-content\/uploads\/2024\/07\/appearance-dimension_ecm-f9752ul-18x12.png 18w\" sizes=\"auto, (max-width: 494px) 100vw, 494px\" \/><\/p>\n<p>\nDurchmesser: 9,7 mm; H\u00f6he: 5,0 mm. Die Vorderseite ist mit einem staubdichten Netz ausgestattet, w\u00e4hrend die R\u00fcckseite einen Tonabnehmeranschluss enth\u00e4lt.<\/p>","protected":false},"excerpt":{"rendered":"<p>Das ECM-F9750UL-51 ist eine unidirektionale Mikrofonkapsel mit den Abmessungen 9,7 \u00d7 5 mm, einer Empfindlichkeit von -51 dB\u00b12 und einem Signal-Rausch-Verh\u00e4ltnis von 58 dB. Es wird haupts\u00e4chlich in Headsets und H\u00fcftmegaphonen verwendet und bietet f\u00fcr diese Anwendungen eine klare und fokussierte Audioaufnahme.<\/p>","protected":false},"featured_media":2511,"comment_status":"open","ping_status":"closed","template":"","meta":[],"product_brand":[721],"product_cat":[16,21],"product_tag":[282,235,288],"class_list":{"0":"post-1236","1":"product","2":"type-product","3":"status-publish","4":"has-post-thumbnail","6":"product_brand-ecmic","7":"product_cat-electret-microphones","8":"product_cat-unidirectional-microphones","9":"product_tag-9-7mm","10":"product_tag-conference","11":"product_tag-solder-pads","13":"first","14":"instock","15":"shipping-taxable","16":"purchasable","17":"product-type-simple"},"_links":{"self":[{"href":"https:\/\/ecmicrophones.com\/de\/wp-json\/wp\/v2\/product\/1236","targetHints":{"allow":["GET"]}}],"collection":[{"href":"https:\/\/ecmicrophones.com\/de\/wp-json\/wp\/v2\/product"}],"about":[{"href":"https:\/\/ecmicrophones.com\/de\/wp-json\/wp\/v2\/types\/product"}],"replies":[{"embeddable":true,"href":"https:\/\/ecmicrophones.com\/de\/wp-json\/wp\/v2\/comments?post=1236"}],"wp:featuredmedia":[{"embeddable":true,"href":"https:\/\/ecmicrophones.com\/de\/wp-json\/wp\/v2\/media\/2511"}],"wp:attachment":[{"href":"https:\/\/ecmicrophones.com\/de\/wp-json\/wp\/v2\/media?parent=1236"}],"wp:term":[{"taxonomy":"product_brand","embeddable":true,"href":"https:\/\/ecmicrophones.com\/de\/wp-json\/wp\/v2\/product_brand?post=1236"},{"taxonomy":"product_cat","embeddable":true,"href":"https:\/\/ecmicrophones.com\/de\/wp-json\/wp\/v2\/product_cat?post=1236"},{"taxonomy":"product_tag","embeddable":true,"href":"https:\/\/ecmicrophones.com\/de\/wp-json\/wp\/v2\/product_tag?post=1236"}],"curies":[{"name":"wp","href":"https:\/\/api.w.org\/{rel}","templated":true}]}}