{"id":130,"date":"2024-03-27T11:26:14","date_gmt":"2024-03-27T11:26:14","guid":{"rendered":"https:\/\/ecmicrophones.com\/?post_type=product&#038;p=130"},"modified":"2026-03-19T15:41:09","modified_gmt":"2026-03-19T07:41:09","slug":"omnidirectional-electret-microphone-capsule-6mm","status":"publish","type":"product","link":"https:\/\/ecmicrophones.com\/de\/omnidirectional-electret-microphone-capsule-6mm\/","title":{"rendered":"6 mm omnidirektionale Elektretmikrofonkapsel mit Stiften"},"content":{"rendered":"<h2 class=\"text-start\">Technische Daten<\/h2>\n<p class=\"text-start\">Unser 6050-Plug-in-Mikrofonkopf ist ein omnidirektionaler Elektretwandler mit integrierten Doppelkondensatoren f\u00fcr eine effektive Abschirmung gegen HF-St\u00f6rungen. Er wird unter Verwendung importierter JFETs und umweltfreundlicher Materialien hergestellt, was hohe Leistung und Nachhaltigkeit gew\u00e4hrleistet.<\/p>\n<h3 class=\"pt-5 text-start\">Standardtestschaltung<\/h3>\n<p> <img loading=\"lazy\" decoding=\"async\" class=\"alignnone size-full wp-image-275\" src=\"https:\/\/ecmicrophones.com\/wp-content\/uploads\/2024\/03\/standard-test-circuit_ecm-b6050ap40-069.png\" alt=\"Standardtestschaltung\" width=\"543\" height=\"237\" srcset=\"https:\/\/ecmicrophones.com\/wp-content\/uploads\/2024\/03\/standard-test-circuit_ecm-b6050ap40-069.png 543w, https:\/\/ecmicrophones.com\/wp-content\/uploads\/2024\/03\/standard-test-circuit_ecm-b6050ap40-069-300x131.png 300w, https:\/\/ecmicrophones.com\/wp-content\/uploads\/2024\/03\/standard-test-circuit_ecm-b6050ap40-069-18x8.png 18w\" sizes=\"auto, (max-width: 543px) 100vw, 543px\" \/> <\/p>\n<p>Testbedingungen: RL = 2,2k\u03a9, Vs = 2V, C = 1\u03bcF<\/p>\n<h3 class=\"pt-5 text-start\">Typischer Frequenzgang<\/h3>\n<p> <img loading=\"lazy\" decoding=\"async\" class=\"alignnone size-full wp-image-276\" src=\"https:\/\/ecmicrophones.com\/wp-content\/uploads\/2024\/03\/typical-frequency-response_ecm-b6050ap40-069.png\" alt=\"Typischer Frequenzgang\" width=\"397\" height=\"284\" srcset=\"https:\/\/ecmicrophones.com\/wp-content\/uploads\/2024\/03\/typical-frequency-response_ecm-b6050ap40-069.png 397w, https:\/\/ecmicrophones.com\/wp-content\/uploads\/2024\/03\/typical-frequency-response_ecm-b6050ap40-069-300x215.png 300w, https:\/\/ecmicrophones.com\/wp-content\/uploads\/2024\/03\/typical-frequency-response_ecm-b6050ap40-069-18x12.png 18w\" sizes=\"auto, (max-width: 397px) 100vw, 397px\" \/> <\/p>\n<p>Der Frequenzgang reicht von 50Hz bis 20kHz. Er bleibt von 50 Hz bis 3 kHz flach und steigt dann zwischen 3 kHz und 6 kHz an, um die stimmliche Pr\u00e4senz zu verbessern. Nach 6 kHz beginnt der Frequenzgang zu h\u00f6heren Frequenzen hin stetig abzufallen.<\/p>\n<h3 class=\"pt-5 text-start\">Abmessungen (UNIT: mm)<\/h3>\n<p> <img loading=\"lazy\" decoding=\"async\" class=\"alignnone size-full wp-image-277\" src=\"https:\/\/ecmicrophones.com\/wp-content\/uploads\/2024\/03\/appearance-dimension_ecm-b6050ap40-069.png\" alt=\"Aussehen Dimension\" width=\"238\" height=\"395\" srcset=\"https:\/\/ecmicrophones.com\/wp-content\/uploads\/2024\/03\/appearance-dimension_ecm-b6050ap40-069.png 238w, https:\/\/ecmicrophones.com\/wp-content\/uploads\/2024\/03\/appearance-dimension_ecm-b6050ap40-069-181x300.png 181w, https:\/\/ecmicrophones.com\/wp-content\/uploads\/2024\/03\/appearance-dimension_ecm-b6050ap40-069-7x12.png 7w\" sizes=\"auto, (max-width: 238px) 100vw, 238px\" \/> <\/p>\n<p>Abmessungen der Kapsel: 6,0 mm Durchmesser \u00d7 5,0 mm H\u00f6he. Die Vorderseite ist mit einem staubdichten Netz versehen, w\u00e4hrend die R\u00fcckseite versiegelt ist und keine akustische \u00d6ffnung aufweist. Ausgestattet mit 4,5-mm-Stiften mit 1,9-mm-Abstand.<\/p>","protected":false},"excerpt":{"rendered":"<p>Das ECM-B6050AP40-069 ist eine 6 x 5 mm gro\u00dfe omnidirektionale Elektretmikrofonkapsel mit 2 Pins, -40 dB\u00b12 Empfindlichkeit und 60 dB SNR. Ideal f\u00fcr Instrumentenabnahme, Ger\u00e4uschmessger\u00e4te, Walkie-Talkies und Ansteckmikrofonaufnahmen.<\/p>","protected":false},"featured_media":2573,"comment_status":"open","ping_status":"closed","template":"","meta":[],"product_brand":[721],"product_cat":[16,20],"product_tag":[283,229,291],"class_list":{"0":"post-130","1":"product","2":"type-product","3":"status-publish","4":"has-post-thumbnail","6":"product_brand-ecmic","7":"product_cat-electret-microphones","8":"product_cat-omnidirectional-microphones","9":"product_tag-6mm","10":"product_tag-equipment","11":"product_tag-pin-type","13":"first","14":"instock","15":"shipping-taxable","16":"purchasable","17":"product-type-simple"},"_links":{"self":[{"href":"https:\/\/ecmicrophones.com\/de\/wp-json\/wp\/v2\/product\/130","targetHints":{"allow":["GET"]}}],"collection":[{"href":"https:\/\/ecmicrophones.com\/de\/wp-json\/wp\/v2\/product"}],"about":[{"href":"https:\/\/ecmicrophones.com\/de\/wp-json\/wp\/v2\/types\/product"}],"replies":[{"embeddable":true,"href":"https:\/\/ecmicrophones.com\/de\/wp-json\/wp\/v2\/comments?post=130"}],"wp:featuredmedia":[{"embeddable":true,"href":"https:\/\/ecmicrophones.com\/de\/wp-json\/wp\/v2\/media\/2573"}],"wp:attachment":[{"href":"https:\/\/ecmicrophones.com\/de\/wp-json\/wp\/v2\/media?parent=130"}],"wp:term":[{"taxonomy":"product_brand","embeddable":true,"href":"https:\/\/ecmicrophones.com\/de\/wp-json\/wp\/v2\/product_brand?post=130"},{"taxonomy":"product_cat","embeddable":true,"href":"https:\/\/ecmicrophones.com\/de\/wp-json\/wp\/v2\/product_cat?post=130"},{"taxonomy":"product_tag","embeddable":true,"href":"https:\/\/ecmicrophones.com\/de\/wp-json\/wp\/v2\/product_tag?post=130"}],"curies":[{"name":"wp","href":"https:\/\/api.w.org\/{rel}","templated":true}]}}