{"id":137,"date":"2024-03-27T11:31:34","date_gmt":"2024-03-27T11:31:34","guid":{"rendered":"https:\/\/ecmicrophones.com\/?post_type=product&#038;p=137"},"modified":"2026-03-19T15:41:21","modified_gmt":"2026-03-19T07:41:21","slug":"10mm-omnidirectional-electret-condenser-microphone-capsule-for-vocal-recording","status":"publish","type":"product","link":"https:\/\/ecmicrophones.com\/de\/10mm-omnidirectional-electret-condenser-microphone-capsule-for-vocal-recording\/","title":{"rendered":"10 mm omnidirektionale Elektret-Kondensatormikrofonkapsel f\u00fcr Gesangsaufnahmen"},"content":{"rendered":"<h2 class=\"text-start\">Technische Daten<\/h2>\n<p class=\"text-start\">Mit einer Verzerrungsrate von \u22641% und einem Signal-Rausch-Verh\u00e4ltnis von 76 dB bietet unser 1045-Studiomikrofonkopf geringes Rauschen und hohe Wiedergabetreue und ist damit perfekt f\u00fcr Studioaufnahmen geeignet.<\/p>\n<h3 class=\"pt-5 text-start\">Standardtestschaltung<\/h3>\n<p><img loading=\"lazy\" decoding=\"async\" class=\"alignnone size-full wp-image-279\" src=\"https:\/\/ecmicrophones.com\/wp-content\/uploads\/2024\/03\/standard-test-circuit_ecm-b1045aml36-061.png\" alt=\"ECM-B1045AML36 Testschaltung: 15k\u03a9 Vorspannung, 2V Versorgung, 1\u03bcF Ausgang\" width=\"480\" height=\"211\" srcset=\"https:\/\/ecmicrophones.com\/wp-content\/uploads\/2024\/03\/standard-test-circuit_ecm-b1045aml36-061.png 480w, https:\/\/ecmicrophones.com\/wp-content\/uploads\/2024\/03\/standard-test-circuit_ecm-b1045aml36-061-300x132.png 300w, https:\/\/ecmicrophones.com\/wp-content\/uploads\/2024\/03\/standard-test-circuit_ecm-b1045aml36-061-18x8.png 18w\" sizes=\"auto, (max-width: 480px) 100vw, 480px\" \/><\/p>\n<p>15k\u03a9 Vorspannungswiderstand, 2V DC Versorgung, 1\u03bcF Ausgangskondensator. Mikrofonkonfiguration mit hoher Impedanz.<\/p>\n<h3 class=\"pt-5 text-start\">Typischer Frequenzgang<\/h3>\n<p><img loading=\"lazy\" decoding=\"async\" class=\"alignnone size-full wp-image-280\" src=\"https:\/\/ecmicrophones.com\/wp-content\/uploads\/2024\/03\/typical-frequency-response_ecm-b1045aml36-061.png\" alt=\"ECM-B1045AML36 Frequenzgang\" width=\"397\" height=\"284\" srcset=\"https:\/\/ecmicrophones.com\/wp-content\/uploads\/2024\/03\/typical-frequency-response_ecm-b1045aml36-061.png 397w, https:\/\/ecmicrophones.com\/wp-content\/uploads\/2024\/03\/typical-frequency-response_ecm-b1045aml36-061-300x215.png 300w, https:\/\/ecmicrophones.com\/wp-content\/uploads\/2024\/03\/typical-frequency-response_ecm-b1045aml36-061-18x12.png 18w\" sizes=\"auto, (max-width: 397px) 100vw, 397px\" \/><\/p>\n<p>Einbruch im Mitteltonbereich (4-5 kHz), gefolgt von einem Anstieg der Pr\u00e4senz (5-8 kHz) und einer Abschw\u00e4chung im Hochtonbereich.<\/p>\n<h3 class=\"pt-5 text-start\">Abmessungen (Einheit: mm)<\/h3>\n<p><img loading=\"lazy\" decoding=\"async\" class=\"alignnone size-full wp-image-281\" src=\"https:\/\/ecmicrophones.com\/wp-content\/uploads\/2024\/03\/appearance-dimension_ecm-b1045aml36-061.png\" alt=\"ECM-B1045AML36 Abmessungen: \u03a610\u00d74,5mm versiegelte Ausf\u00fchrung\" width=\"545\" height=\"368\" srcset=\"https:\/\/ecmicrophones.com\/wp-content\/uploads\/2024\/03\/appearance-dimension_ecm-b1045aml36-061.png 545w, https:\/\/ecmicrophones.com\/wp-content\/uploads\/2024\/03\/appearance-dimension_ecm-b1045aml36-061-300x203.png 300w, https:\/\/ecmicrophones.com\/wp-content\/uploads\/2024\/03\/appearance-dimension_ecm-b1045aml36-061-18x12.png 18w\" sizes=\"auto, (max-width: 545px) 100vw, 545px\" \/><\/p>\n<p>Kompaktes \u03a610\u00d74,5 mm-Geh\u00e4use mit Staubschutzgitter auf der Vorderseite (R\u00fcckseite nicht portiert).<\/p>","protected":false},"excerpt":{"rendered":"<p>Das ECM-B1045AML36-061 ist eine 10 x 4,5 mm gro\u00dfe omnidirektionale Mikrofonkapsel f\u00fcr Studio- und Gesangsaufnahmen mit einer Empfindlichkeit von -36 dB\u00b12 und einem Signal-Rausch-Verh\u00e4ltnis von 76 dB.<\/p>","protected":false},"featured_media":2517,"comment_status":"open","ping_status":"closed","template":"","meta":[],"product_brand":[721],"product_cat":[16,20],"product_tag":[281,288,116],"class_list":{"0":"post-137","1":"product","2":"type-product","3":"status-publish","4":"has-post-thumbnail","6":"product_brand-ecmic","7":"product_cat-electret-microphones","8":"product_cat-omnidirectional-microphones","9":"product_tag-10mm","10":"product_tag-solder-pads","11":"product_tag-vocal","13":"first","14":"instock","15":"shipping-taxable","16":"purchasable","17":"product-type-simple"},"_links":{"self":[{"href":"https:\/\/ecmicrophones.com\/de\/wp-json\/wp\/v2\/product\/137","targetHints":{"allow":["GET"]}}],"collection":[{"href":"https:\/\/ecmicrophones.com\/de\/wp-json\/wp\/v2\/product"}],"about":[{"href":"https:\/\/ecmicrophones.com\/de\/wp-json\/wp\/v2\/types\/product"}],"replies":[{"embeddable":true,"href":"https:\/\/ecmicrophones.com\/de\/wp-json\/wp\/v2\/comments?post=137"}],"wp:featuredmedia":[{"embeddable":true,"href":"https:\/\/ecmicrophones.com\/de\/wp-json\/wp\/v2\/media\/2517"}],"wp:attachment":[{"href":"https:\/\/ecmicrophones.com\/de\/wp-json\/wp\/v2\/media?parent=137"}],"wp:term":[{"taxonomy":"product_brand","embeddable":true,"href":"https:\/\/ecmicrophones.com\/de\/wp-json\/wp\/v2\/product_brand?post=137"},{"taxonomy":"product_cat","embeddable":true,"href":"https:\/\/ecmicrophones.com\/de\/wp-json\/wp\/v2\/product_cat?post=137"},{"taxonomy":"product_tag","embeddable":true,"href":"https:\/\/ecmicrophones.com\/de\/wp-json\/wp\/v2\/product_tag?post=137"}],"curies":[{"name":"wp","href":"https:\/\/api.w.org\/{rel}","templated":true}]}}