{"id":144,"date":"2024-03-27T11:36:07","date_gmt":"2024-03-27T11:36:07","guid":{"rendered":"https:\/\/ecmicrophones.com\/?post_type=product&#038;p=144"},"modified":"2026-03-19T15:41:30","modified_gmt":"2026-03-19T07:41:30","slug":"high-temperature-resistant-electret-condenser-microphone","status":"publish","type":"product","link":"https:\/\/ecmicrophones.com\/de\/high-temperature-resistant-electret-condenser-microphone\/","title":{"rendered":"Hochtemperaturbest\u00e4ndiges Elektret-Kondensatormikrofon"},"content":{"rendered":"<h2 class=\"text-start\">Technische Daten<\/h2>\n<p class=\"text-start\">Der oberfl\u00e4chenmontierte Mikrofonkopf 4013 zeichnet sich dank seines SMD-Mikrofonkerns (Surface Mount Device) durch hohe Temperaturbest\u00e4ndigkeit und St\u00f6rfestigkeit aus.<\/p>\n<h3 class=\"pt-5 text-start\">Standardtestschaltung<\/h3>\n<p><img loading=\"lazy\" decoding=\"async\" class=\"alignnone size-full wp-image-283\" src=\"https:\/\/ecmicrophones.com\/wp-content\/uploads\/2024\/03\/standard-test-circuit_ecm-b4013al38rc-smd.jpg\" alt=\"Standardtestschaltung\" width=\"668\" height=\"192\" srcset=\"https:\/\/ecmicrophones.com\/wp-content\/uploads\/2024\/03\/standard-test-circuit_ecm-b4013al38rc-smd.jpg 668w, https:\/\/ecmicrophones.com\/wp-content\/uploads\/2024\/03\/standard-test-circuit_ecm-b4013al38rc-smd-300x86.jpg 300w, https:\/\/ecmicrophones.com\/wp-content\/uploads\/2024\/03\/standard-test-circuit_ecm-b4013al38rc-smd-18x5.jpg 18w, https:\/\/ecmicrophones.com\/wp-content\/uploads\/2024\/03\/standard-test-circuit_ecm-b4013al38rc-smd-600x172.jpg 600w\" sizes=\"auto, (max-width: 668px) 100vw, 668px\" \/><\/p>\n<p>Testbedingungen: RL=2.2k\u03a9, VS=2V, C1=10pF, R1=330\u03a9.<\/p>\n<h3 class=\"pt-5 text-start\">Typischer Frequenzgang<\/h3>\n<p><img loading=\"lazy\" decoding=\"async\" class=\"alignnone size-full wp-image-284\" src=\"https:\/\/ecmicrophones.com\/wp-content\/uploads\/2024\/03\/typical-frequency-response_ecm-b4013al38rc-smd.png\" alt=\"Typischer Frequenzgang\" width=\"621\" height=\"195\" srcset=\"https:\/\/ecmicrophones.com\/wp-content\/uploads\/2024\/03\/typical-frequency-response_ecm-b4013al38rc-smd.png 621w, https:\/\/ecmicrophones.com\/wp-content\/uploads\/2024\/03\/typical-frequency-response_ecm-b4013al38rc-smd-300x94.png 300w, https:\/\/ecmicrophones.com\/wp-content\/uploads\/2024\/03\/typical-frequency-response_ecm-b4013al38rc-smd-18x6.png 18w, https:\/\/ecmicrophones.com\/wp-content\/uploads\/2024\/03\/typical-frequency-response_ecm-b4013al38rc-smd-600x188.png 600w\" sizes=\"auto, (max-width: 621px) 100vw, 621px\" \/><\/p>\n<p>Der Frequenzgang ist von 50 Hz bis etwa 3 kHz flach, mit einem allm\u00e4hlichen Abfall ab 3 kHz bis 16 kHz.<\/p>\n<h3 class=\"pt-5 text-start\">Abmessungen (UNIT: mm)<\/h3>\n<p><img loading=\"lazy\" decoding=\"async\" class=\"alignnone size-full wp-image-285\" src=\"https:\/\/ecmicrophones.com\/wp-content\/uploads\/2024\/03\/appearance-dimension_ecm-b4013al38rc-smd.png\" alt=\"Aussehen Dimension\" width=\"757\" height=\"235\" srcset=\"https:\/\/ecmicrophones.com\/wp-content\/uploads\/2024\/03\/appearance-dimension_ecm-b4013al38rc-smd.png 757w, https:\/\/ecmicrophones.com\/wp-content\/uploads\/2024\/03\/appearance-dimension_ecm-b4013al38rc-smd-300x93.png 300w, https:\/\/ecmicrophones.com\/wp-content\/uploads\/2024\/03\/appearance-dimension_ecm-b4013al38rc-smd-18x6.png 18w, https:\/\/ecmicrophones.com\/wp-content\/uploads\/2024\/03\/appearance-dimension_ecm-b4013al38rc-smd-600x186.png 600w\" sizes=\"auto, (max-width: 757px) 100vw, 757px\" \/><\/p>\n<p>Kompaktes SMD-Elektretmikrofon mit 4 mm Durchmesser und 1,3 mm H\u00f6he.<\/p>","protected":false},"excerpt":{"rendered":"<p>Das ECM-B4013AL38RC-SMD ist ein 4 \u00d7 1,3 mm gro\u00dfes SMD-Mikrofon, das f\u00fcr TWS-Bluetooth-Headsets, Lautsprecher, Spielzeuge und \u00e4hnliche Produkte geeignet ist. Mit seiner omnidirektionalen Richtwirkung und einer Empfindlichkeit von -38 dB\u00b13 sorgt es f\u00fcr eine klare Tonaufnahme.<\/p>","protected":false},"featured_media":2433,"comment_status":"open","ping_status":"closed","template":"","meta":[],"product_brand":[721],"product_cat":[18],"product_tag":[284,229],"class_list":{"0":"post-144","1":"product","2":"type-product","3":"status-publish","4":"has-post-thumbnail","6":"product_brand-ecmic","7":"product_cat-smd-microphones","8":"product_tag-4mm","9":"product_tag-equipment","11":"first","12":"instock","13":"shipping-taxable","14":"purchasable","15":"product-type-simple"},"_links":{"self":[{"href":"https:\/\/ecmicrophones.com\/de\/wp-json\/wp\/v2\/product\/144","targetHints":{"allow":["GET"]}}],"collection":[{"href":"https:\/\/ecmicrophones.com\/de\/wp-json\/wp\/v2\/product"}],"about":[{"href":"https:\/\/ecmicrophones.com\/de\/wp-json\/wp\/v2\/types\/product"}],"replies":[{"embeddable":true,"href":"https:\/\/ecmicrophones.com\/de\/wp-json\/wp\/v2\/comments?post=144"}],"wp:featuredmedia":[{"embeddable":true,"href":"https:\/\/ecmicrophones.com\/de\/wp-json\/wp\/v2\/media\/2433"}],"wp:attachment":[{"href":"https:\/\/ecmicrophones.com\/de\/wp-json\/wp\/v2\/media?parent=144"}],"wp:term":[{"taxonomy":"product_brand","embeddable":true,"href":"https:\/\/ecmicrophones.com\/de\/wp-json\/wp\/v2\/product_brand?post=144"},{"taxonomy":"product_cat","embeddable":true,"href":"https:\/\/ecmicrophones.com\/de\/wp-json\/wp\/v2\/product_cat?post=144"},{"taxonomy":"product_tag","embeddable":true,"href":"https:\/\/ecmicrophones.com\/de\/wp-json\/wp\/v2\/product_tag?post=144"}],"curies":[{"name":"wp","href":"https:\/\/api.w.org\/{rel}","templated":true}]}}