{"id":1565,"date":"2024-07-20T17:49:24","date_gmt":"2024-07-20T09:49:24","guid":{"rendered":"https:\/\/ecmicrophones.com\/?post_type=product&#038;p=1565"},"modified":"2026-03-19T15:22:06","modified_gmt":"2026-03-19T07:22:06","slug":"4mm-high-sensitivity-electret-microphone-with-pins-for-long-distance-pickup","status":"publish","type":"product","link":"https:\/\/ecmicrophones.com\/de\/4mm-high-sensitivity-electret-microphone-with-pins-for-long-distance-pickup\/","title":{"rendered":"4 mm hochempfindliches Elektretmikrofon mit Stiften f\u00fcr die Tonabnahme \u00fcber gro\u00dfe Entfernungen"},"content":{"rendered":"<h2 class=\"text-start\">Technische Daten<\/h2>\n<p class=\"text-start\">Unser 4015 Pin-Mikrofonkopf bietet eine hohe Empfindlichkeit von 30 dB f\u00fcr die Abnahme \u00fcber gro\u00dfe Entfernungen. Die vollautomatische Kantenversiegelung sorgt f\u00fcr hervorragende Luftdichtigkeit und geringe Hintergrundger\u00e4usche.<\/p>\n<h3 class=\"pt-5 text-start\">Standardtestschaltung<\/h3>\n<p> <img loading=\"lazy\" decoding=\"async\" class=\"alignnone size-full wp-image-1567\" src=\"https:\/\/ecmicrophones.com\/wp-content\/uploads\/2024\/07\/standard-test-circuit_ecm-b4015ap-30.png\" alt=\"Standardtestschaltung\" width=\"546\" height=\"268\" srcset=\"https:\/\/ecmicrophones.com\/wp-content\/uploads\/2024\/07\/standard-test-circuit_ecm-b4015ap-30.png 546w, https:\/\/ecmicrophones.com\/wp-content\/uploads\/2024\/07\/standard-test-circuit_ecm-b4015ap-30-300x147.png 300w, https:\/\/ecmicrophones.com\/wp-content\/uploads\/2024\/07\/standard-test-circuit_ecm-b4015ap-30-18x9.png 18w\" sizes=\"auto, (max-width: 546px) 100vw, 546px\" \/> <\/p>\n<p><strong>Testbedingungen:<\/strong> RL = 2,2k\u03a9, Vs = 2V, C = 1\u03bcF<\/p>\n<h3 class=\"pt-5 text-start\">Typischer Frequenzgang<\/h3>\n<p> <img loading=\"lazy\" decoding=\"async\" class=\"alignnone size-full wp-image-1568\" src=\"https:\/\/ecmicrophones.com\/wp-content\/uploads\/2024\/07\/typical-frequency-response_ecm-b4015ap-30.png\" alt=\"Typischer Frequenzgang\" width=\"552\" height=\"376\" srcset=\"https:\/\/ecmicrophones.com\/wp-content\/uploads\/2024\/07\/typical-frequency-response_ecm-b4015ap-30.png 552w, https:\/\/ecmicrophones.com\/wp-content\/uploads\/2024\/07\/typical-frequency-response_ecm-b4015ap-30-300x204.png 300w, https:\/\/ecmicrophones.com\/wp-content\/uploads\/2024\/07\/typical-frequency-response_ecm-b4015ap-30-18x12.png 18w\" sizes=\"auto, (max-width: 552px) 100vw, 552px\" \/> <\/p>\n<p><strong>Frequenzbereich:<\/strong> 50Hz-20kHz <br \/>Der Frequenzgang f\u00e4llt zwischen 1kHz und 3kHz leicht ab, steigt ab 3kHz bis zu einer Spitze bei 8kHz an und rollt dann bei h\u00f6heren Frequenzen ab.<\/p>\n<h3 class=\"pt-5 text-start\">Abmessungen (UNIT: mm)<\/h3>\n<p> <img loading=\"lazy\" decoding=\"async\" class=\"alignnone size-full wp-image-1566\" src=\"https:\/\/ecmicrophones.com\/wp-content\/uploads\/2024\/07\/appearance-dimension_ecm-b4015ap-30.png\" alt=\"Aussehen Dimension\" width=\"287\" height=\"408\" srcset=\"https:\/\/ecmicrophones.com\/wp-content\/uploads\/2024\/07\/appearance-dimension_ecm-b4015ap-30.png 287w, https:\/\/ecmicrophones.com\/wp-content\/uploads\/2024\/07\/appearance-dimension_ecm-b4015ap-30-211x300.png 211w, https:\/\/ecmicrophones.com\/wp-content\/uploads\/2024\/07\/appearance-dimension_ecm-b4015ap-30-8x12.png 8w\" sizes=\"auto, (max-width: 287px) 100vw, 287px\" \/> <\/p>\n<p>Abmessungen der Kapsel: 4 mm (Durchmesser) \u00d7 1,5 mm (H\u00f6he). Vorderseite mit staubdichtem Netz; keine akustische \u00d6ffnung auf der R\u00fcckseite. Ausgestattet mit 2,8-mm-Stiften, mit 1,4-mm-Abstand.<\/p>","protected":false},"excerpt":{"rendered":"<p>Das ECM-B4015AP-30 ist eine 4 \u00d7 1,5 mm gro\u00dfe omnidirektionale Mikrofonkapsel mit einer Empfindlichkeit von -30 dB\u00b12 und einem Signal-Rausch-Verh\u00e4ltnis von 65 dB. Ausgestattet mit Stiftsteckern ist es f\u00fcr Audio-Aufnahmeger\u00e4te mit gro\u00dfer Reichweite konzipiert.<\/p>","protected":false},"featured_media":2655,"comment_status":"open","ping_status":"closed","template":"","meta":[],"product_brand":[721],"product_cat":[16,20],"product_tag":[284,229,291],"class_list":{"0":"post-1565","1":"product","2":"type-product","3":"status-publish","4":"has-post-thumbnail","6":"product_brand-ecmic","7":"product_cat-electret-microphones","8":"product_cat-omnidirectional-microphones","9":"product_tag-4mm","10":"product_tag-equipment","11":"product_tag-pin-type","13":"first","14":"instock","15":"shipping-taxable","16":"purchasable","17":"product-type-simple"},"_links":{"self":[{"href":"https:\/\/ecmicrophones.com\/de\/wp-json\/wp\/v2\/product\/1565","targetHints":{"allow":["GET"]}}],"collection":[{"href":"https:\/\/ecmicrophones.com\/de\/wp-json\/wp\/v2\/product"}],"about":[{"href":"https:\/\/ecmicrophones.com\/de\/wp-json\/wp\/v2\/types\/product"}],"replies":[{"embeddable":true,"href":"https:\/\/ecmicrophones.com\/de\/wp-json\/wp\/v2\/comments?post=1565"}],"wp:featuredmedia":[{"embeddable":true,"href":"https:\/\/ecmicrophones.com\/de\/wp-json\/wp\/v2\/media\/2655"}],"wp:attachment":[{"href":"https:\/\/ecmicrophones.com\/de\/wp-json\/wp\/v2\/media?parent=1565"}],"wp:term":[{"taxonomy":"product_brand","embeddable":true,"href":"https:\/\/ecmicrophones.com\/de\/wp-json\/wp\/v2\/product_brand?post=1565"},{"taxonomy":"product_cat","embeddable":true,"href":"https:\/\/ecmicrophones.com\/de\/wp-json\/wp\/v2\/product_cat?post=1565"},{"taxonomy":"product_tag","embeddable":true,"href":"https:\/\/ecmicrophones.com\/de\/wp-json\/wp\/v2\/product_tag?post=1565"}],"curies":[{"name":"wp","href":"https:\/\/api.w.org\/{rel}","templated":true}]}}