{"id":1573,"date":"2024-07-20T16:09:52","date_gmt":"2024-07-20T08:09:52","guid":{"rendered":"https:\/\/ecmicrophones.com\/?post_type=product&#038;p=1573"},"modified":"2026-03-19T15:22:36","modified_gmt":"2026-03-19T07:22:36","slug":"3mm-electret-microphone-element-with-leads-for-bluetooth-headsets","status":"publish","type":"product","link":"https:\/\/ecmicrophones.com\/de\/3mm-electret-microphone-element-with-leads-for-bluetooth-headsets\/","title":{"rendered":"3-mm-Elektretmikrofonelement mit Kabeln f\u00fcr Bluetooth-Headsets"},"content":{"rendered":"<h2 class=\"text-start\">Technische Daten<\/h2>\n<p class=\"text-start\">Das ECM-B3015AL-42-L25 ist eine 3 mm Kugelmikrofonkapsel, die f\u00fcr den einfachen Einbau in kompakte Ger\u00e4te wie Bluetooth-Kopfh\u00f6rer entwickelt wurde. Ausgestattet mit vormontierten 25-mm-Leitungen, reduziert diese Version die Montagezeit und gew\u00e4hrleistet eine gleichbleibende Qualit\u00e4t durch professionelles L\u00f6ten und strenge Qualit\u00e4tskontrolle.<\/p>\n<p class=\"text-start\">Wie ihr Gegenst\u00fcck verf\u00fcgt auch diese Kapsel \u00fcber einen speziell angefertigten koreanischen Mikrofonkern und einen Doppelkondensator als St\u00f6rfestigkeit f\u00fcr eine stabile Leistung. Die japanische TOA-Membran verbessert die Haltbarkeit und gew\u00e4hrleistet einen zuverl\u00e4ssigen Betrieb von -40\u2103 bis +85\u2103.<\/p>\n<p class=\"text-start\">F\u00fcr Kunden, die es vorziehen, das L\u00f6ten selbst zu \u00fcbernehmen, oder die weitere Anpassungen ben\u00f6tigen, ist die <a href=\"https:\/\/ecmicrophones.com\/de\/miniature-electret-microphone-for-bluetooth-earphones\/\">ECM-B3015AL-42<\/a> (nicht gel\u00f6tete Version) bietet die gleiche Leistung und Flexibilit\u00e4t. Kundenspezifische L\u00f6tarbeiten sind auf Anfrage ebenfalls m\u00f6glich.<\/p>\n<h3 class=\"pt-5 text-start\">Standardtestschaltung<\/h3>\n<p> <img loading=\"lazy\" decoding=\"async\" class=\"alignnone size-full wp-image-3091\" src=\"https:\/\/ecmicrophones.com\/wp-content\/uploads\/2024\/07\/standard-test-circuit_ecm-b3015al-42-l25.png\" alt=\"Standardtestschaltung\" width=\"461\" height=\"206\" srcset=\"https:\/\/ecmicrophones.com\/wp-content\/uploads\/2024\/07\/standard-test-circuit_ecm-b3015al-42-l25.png 461w, https:\/\/ecmicrophones.com\/wp-content\/uploads\/2024\/07\/standard-test-circuit_ecm-b3015al-42-l25-300x134.png 300w, https:\/\/ecmicrophones.com\/wp-content\/uploads\/2024\/07\/standard-test-circuit_ecm-b3015al-42-l25-18x8.png 18w\" sizes=\"auto, (max-width: 461px) 100vw, 461px\" \/> <\/p>\n<p>Testbedingungen: RL = 2,2k\u03a9, Vs = 2V, C = 1\u03bcF<\/p>\n<h3 class=\"pt-5 text-start\">Typischer Frequenzgang<\/h3>\n<p> <img loading=\"lazy\" decoding=\"async\" class=\"alignnone size-full wp-image-3092\" src=\"https:\/\/ecmicrophones.com\/wp-content\/uploads\/2024\/07\/typical-frequency-response_ecm-b3015al-42-l25.png\" alt=\"Typischer Frequenzgang\" width=\"397\" height=\"284\" srcset=\"https:\/\/ecmicrophones.com\/wp-content\/uploads\/2024\/07\/typical-frequency-response_ecm-b3015al-42-l25.png 397w, https:\/\/ecmicrophones.com\/wp-content\/uploads\/2024\/07\/typical-frequency-response_ecm-b3015al-42-l25-300x215.png 300w, https:\/\/ecmicrophones.com\/wp-content\/uploads\/2024\/07\/typical-frequency-response_ecm-b3015al-42-l25-18x12.png 18w\" sizes=\"auto, (max-width: 397px) 100vw, 397px\" \/> <\/p>\n<p>Der Frequenzgang reicht von 50Hz bis 20kHz. Die Kurve bleibt von 50-400Hz relativ flach, gefolgt von abwechselnden Einbr\u00fcchen und Anstiegen. Ein ausgepr\u00e4gterer Abfall tritt zwischen 5kHz und 14kHz auf, bevor der Frequenzgang im oberen Bereich wieder ansteigt.<\/p>\n<h3 class=\"pt-5 text-start\">Abmessungen (UNIT: mm)<\/h3>\n<p> <img loading=\"lazy\" decoding=\"async\" class=\"alignnone size-full wp-image-3090\" src=\"https:\/\/ecmicrophones.com\/wp-content\/uploads\/2024\/07\/appearance-dimension_ecm-b3015al-42-l25.png\" alt=\"Aussehen Dimension\" width=\"502\" height=\"479\" srcset=\"https:\/\/ecmicrophones.com\/wp-content\/uploads\/2024\/07\/appearance-dimension_ecm-b3015al-42-l25.png 502w, https:\/\/ecmicrophones.com\/wp-content\/uploads\/2024\/07\/appearance-dimension_ecm-b3015al-42-l25-300x286.png 300w, https:\/\/ecmicrophones.com\/wp-content\/uploads\/2024\/07\/appearance-dimension_ecm-b3015al-42-l25-13x12.png 13w\" sizes=\"auto, (max-width: 502px) 100vw, 502px\" \/> <\/p>\n<p>Die Kapsel hat einen Durchmesser von 3 mm und eine H\u00f6he von 1,5 mm und verf\u00fcgt \u00fcber ein Staubschutzgitter auf der Vorderseite und eine abgedichtete R\u00fcckseite. Sie wird mit einem Paar paralleler 25-mm-Leitungsdr\u00e4hte f\u00fcr eine einfache Integration vorgel\u00f6tet.<\/p>","protected":false},"excerpt":{"rendered":"<p>3-mm-Kugelmikrofonkapsel mit vormontierten 25-mm-Kabeln zur einfachen Integration, ideal f\u00fcr Bluetooth-Kopfh\u00f6rer und kompakte Ger\u00e4te.<\/p>","protected":false},"featured_media":2646,"comment_status":"open","ping_status":"closed","template":"","meta":[],"product_brand":[721],"product_cat":[16,20],"product_tag":[285,229,290],"class_list":{"0":"post-1573","1":"product","2":"type-product","3":"status-publish","4":"has-post-thumbnail","6":"product_brand-ecmic","7":"product_cat-electret-microphones","8":"product_cat-omnidirectional-microphones","9":"product_tag-3mm","10":"product_tag-equipment","11":"product_tag-wire-leads","13":"first","14":"instock","15":"shipping-taxable","16":"purchasable","17":"product-type-simple"},"_links":{"self":[{"href":"https:\/\/ecmicrophones.com\/de\/wp-json\/wp\/v2\/product\/1573","targetHints":{"allow":["GET"]}}],"collection":[{"href":"https:\/\/ecmicrophones.com\/de\/wp-json\/wp\/v2\/product"}],"about":[{"href":"https:\/\/ecmicrophones.com\/de\/wp-json\/wp\/v2\/types\/product"}],"replies":[{"embeddable":true,"href":"https:\/\/ecmicrophones.com\/de\/wp-json\/wp\/v2\/comments?post=1573"}],"wp:featuredmedia":[{"embeddable":true,"href":"https:\/\/ecmicrophones.com\/de\/wp-json\/wp\/v2\/media\/2646"}],"wp:attachment":[{"href":"https:\/\/ecmicrophones.com\/de\/wp-json\/wp\/v2\/media?parent=1573"}],"wp:term":[{"taxonomy":"product_brand","embeddable":true,"href":"https:\/\/ecmicrophones.com\/de\/wp-json\/wp\/v2\/product_brand?post=1573"},{"taxonomy":"product_cat","embeddable":true,"href":"https:\/\/ecmicrophones.com\/de\/wp-json\/wp\/v2\/product_cat?post=1573"},{"taxonomy":"product_tag","embeddable":true,"href":"https:\/\/ecmicrophones.com\/de\/wp-json\/wp\/v2\/product_tag?post=1573"}],"curies":[{"name":"wp","href":"https:\/\/api.w.org\/{rel}","templated":true}]}}