{"id":1581,"date":"2024-07-20T15:57:28","date_gmt":"2024-07-20T07:57:28","guid":{"rendered":"https:\/\/ecmicrophones.com\/?post_type=product&#038;p=1581"},"modified":"2026-03-19T15:22:46","modified_gmt":"2026-03-19T07:22:46","slug":"6mm-electret-microphone-capsule-with-pins-for-instrument-pickups","status":"publish","type":"product","link":"https:\/\/ecmicrophones.com\/de\/6mm-electret-microphone-capsule-with-pins-for-instrument-pickups\/","title":{"rendered":"6-mm-Elektretmikrofonkapsel mit Stiften f\u00fcr Instrumenten-Tonabnehmer"},"content":{"rendered":"<h2 class=\"text-start\">Technische Daten<\/h2>\n<p class=\"text-start\">Unser 6022-Pin-Mikrofonkopf ist ein omnidirektionaler, st\u00f6rungsfreier Mikrofonkern mit Doppelkondensator, der aus importierten, umweltfreundlichen Materialien hergestellt ist.<\/p>\n<h3 class=\"pt-5 text-start\">Standardtestschaltung<\/h3>\n<p> <img loading=\"lazy\" decoding=\"async\" class=\"alignnone size-full wp-image-1583\" src=\"https:\/\/ecmicrophones.com\/wp-content\/uploads\/2024\/07\/standard-test-circuit_ecm-b6022ap2.8-44.jpg\" alt=\"Standardtestschaltung\" width=\"776\" height=\"339\" srcset=\"https:\/\/ecmicrophones.com\/wp-content\/uploads\/2024\/07\/standard-test-circuit_ecm-b6022ap2.8-44.jpg 776w, https:\/\/ecmicrophones.com\/wp-content\/uploads\/2024\/07\/standard-test-circuit_ecm-b6022ap2.8-44-300x131.jpg 300w, https:\/\/ecmicrophones.com\/wp-content\/uploads\/2024\/07\/standard-test-circuit_ecm-b6022ap2.8-44-768x336.jpg 768w, https:\/\/ecmicrophones.com\/wp-content\/uploads\/2024\/07\/standard-test-circuit_ecm-b6022ap2.8-44-18x8.jpg 18w, https:\/\/ecmicrophones.com\/wp-content\/uploads\/2024\/07\/standard-test-circuit_ecm-b6022ap2.8-44-600x262.jpg 600w\" sizes=\"auto, (max-width: 776px) 100vw, 776px\" \/> <\/p>\n<p>Testbedingungen: RL = 2,2k\u03a9, Vs = 2V, C = 1\u03bcF<\/p>\n<h3 class=\"pt-5 text-start\">Typischer Frequenzgang<\/h3>\n<p> <img loading=\"lazy\" decoding=\"async\" class=\"alignnone size-full wp-image-1584\" src=\"https:\/\/ecmicrophones.com\/wp-content\/uploads\/2024\/07\/typical-frequency-response_ecm-b6022ap2.8-44.jpg\" alt=\"Typischer Frequenzgang\" width=\"783\" height=\"550\" srcset=\"https:\/\/ecmicrophones.com\/wp-content\/uploads\/2024\/07\/typical-frequency-response_ecm-b6022ap2.8-44.jpg 783w, https:\/\/ecmicrophones.com\/wp-content\/uploads\/2024\/07\/typical-frequency-response_ecm-b6022ap2.8-44-300x211.jpg 300w, https:\/\/ecmicrophones.com\/wp-content\/uploads\/2024\/07\/typical-frequency-response_ecm-b6022ap2.8-44-768x539.jpg 768w, https:\/\/ecmicrophones.com\/wp-content\/uploads\/2024\/07\/typical-frequency-response_ecm-b6022ap2.8-44-18x12.jpg 18w, https:\/\/ecmicrophones.com\/wp-content\/uploads\/2024\/07\/typical-frequency-response_ecm-b6022ap2.8-44-600x421.jpg 600w\" sizes=\"auto, (max-width: 783px) 100vw, 783px\" \/> <\/p>\n<p>Der Frequenzgang reicht von 50Hz bis 20kHz. Die Kurve steigt von 50 Hz bis etwa 200 Hz stetig an, gefolgt von einem relativ stabilen Bereich mit leichten Schwankungen. Ein deutlicherer Anstieg beginnt bei etwa 2 kHz und erreicht bei 8 kHz einen Spitzenwert, bevor er allm\u00e4hlich abf\u00e4llt. Um 10 kHz erfolgt erneut ein leichter Anstieg, bevor die Kurve schlie\u00dflich abf\u00e4llt.<\/p>\n<h3 class=\"pt-5 text-start\">Abmessungen (UNIT: mm)<\/h3>\n<p> <img loading=\"lazy\" decoding=\"async\" class=\"alignnone size-full wp-image-1582\" src=\"https:\/\/ecmicrophones.com\/wp-content\/uploads\/2024\/07\/appearance-dimension_ecm-b6022ap2.8-44.jpg\" alt=\"Aussehen Dimension\" width=\"663\" height=\"485\" srcset=\"https:\/\/ecmicrophones.com\/wp-content\/uploads\/2024\/07\/appearance-dimension_ecm-b6022ap2.8-44.jpg 663w, https:\/\/ecmicrophones.com\/wp-content\/uploads\/2024\/07\/appearance-dimension_ecm-b6022ap2.8-44-300x219.jpg 300w, https:\/\/ecmicrophones.com\/wp-content\/uploads\/2024\/07\/appearance-dimension_ecm-b6022ap2.8-44-16x12.jpg 16w, https:\/\/ecmicrophones.com\/wp-content\/uploads\/2024\/07\/appearance-dimension_ecm-b6022ap2.8-44-600x439.jpg 600w\" sizes=\"auto, (max-width: 663px) 100vw, 663px\" \/> <\/p>\n<p>Die Kapsel misst 6 mm im Durchmesser und 2,2 mm in der H\u00f6he. Die Vorderseite ist mit einem staubdichten Netz versehen, die R\u00fcckseite ist vollst\u00e4ndig abgedichtet und hat keine akustische \u00d6ffnung. Ausgestattet mit 2,8-mm-Stiften mit 1,9-mm-Abstand.<\/p>","protected":false},"excerpt":{"rendered":"<p>Das ECM-B6022AP2.8-44 ist eine 6 \u00d7 2,2 mm gro\u00dfe omnidirektionale Mikrofonkapsel mit einer Empfindlichkeit von -44 dB\u00b12 und einem Signal-Rausch-Verh\u00e4ltnis von 55 dB. Es eignet sich f\u00fcr Tonabnehmer, Dokumentenkameras, Gegensprechanlagen und Lavaliermikrofone und bietet eine zuverl\u00e4ssige und klare Audioaufnahme f\u00fcr verschiedene Anwendungen.<\/p>","protected":false},"featured_media":2687,"comment_status":"open","ping_status":"closed","template":"","meta":[],"product_brand":[721],"product_cat":[16,20],"product_tag":[283,111,291],"class_list":{"0":"post-1581","1":"product","2":"type-product","3":"status-publish","4":"has-post-thumbnail","6":"product_brand-ecmic","7":"product_cat-electret-microphones","8":"product_cat-omnidirectional-microphones","9":"product_tag-6mm","10":"product_tag-instrument","11":"product_tag-pin-type","13":"first","14":"instock","15":"shipping-taxable","16":"purchasable","17":"product-type-simple"},"_links":{"self":[{"href":"https:\/\/ecmicrophones.com\/de\/wp-json\/wp\/v2\/product\/1581","targetHints":{"allow":["GET"]}}],"collection":[{"href":"https:\/\/ecmicrophones.com\/de\/wp-json\/wp\/v2\/product"}],"about":[{"href":"https:\/\/ecmicrophones.com\/de\/wp-json\/wp\/v2\/types\/product"}],"replies":[{"embeddable":true,"href":"https:\/\/ecmicrophones.com\/de\/wp-json\/wp\/v2\/comments?post=1581"}],"wp:featuredmedia":[{"embeddable":true,"href":"https:\/\/ecmicrophones.com\/de\/wp-json\/wp\/v2\/media\/2687"}],"wp:attachment":[{"href":"https:\/\/ecmicrophones.com\/de\/wp-json\/wp\/v2\/media?parent=1581"}],"wp:term":[{"taxonomy":"product_brand","embeddable":true,"href":"https:\/\/ecmicrophones.com\/de\/wp-json\/wp\/v2\/product_brand?post=1581"},{"taxonomy":"product_cat","embeddable":true,"href":"https:\/\/ecmicrophones.com\/de\/wp-json\/wp\/v2\/product_cat?post=1581"},{"taxonomy":"product_tag","embeddable":true,"href":"https:\/\/ecmicrophones.com\/de\/wp-json\/wp\/v2\/product_tag?post=1581"}],"curies":[{"name":"wp","href":"https:\/\/api.w.org\/{rel}","templated":true}]}}