{"id":159,"date":"2024-03-27T11:46:06","date_gmt":"2024-03-27T11:46:06","guid":{"rendered":"https:\/\/ecmicrophones.com\/?post_type=product&#038;p=159"},"modified":"2026-03-19T15:42:14","modified_gmt":"2026-03-19T07:42:14","slug":"omnidirectional-electret-microphone-capsule-for-2-4g-wireless-lavalier","status":"publish","type":"product","link":"https:\/\/ecmicrophones.com\/de\/omnidirectional-electret-microphone-capsule-for-2-4g-wireless-lavalier\/","title":{"rendered":"Omnidirektionale Elektretmikrofonkapsel f\u00fcr 2,4G Wireless Lavalier"},"content":{"rendered":"<h2 class=\"text-start\">Technische Daten<\/h2>\n<p class=\"text-start\">Unser omnidirektionaler Mikrofonkopf 6027 verf\u00fcgt \u00fcber ein Signal-Rausch-Verh\u00e4ltnis von 73 dB, einen maximalen Schalldruckpegel von 125 dB und eine Verzerrungsrate von \u2264 1% und gew\u00e4hrleistet so geringes Rauschen, hohe Wiedergabetreue und Hi-Fi-Klangqualit\u00e4t f\u00fcr eine pr\u00e4zise Audiowiedergabe.<\/p>\n<h3 class=\"pt-5 text-start\">Standardtestschaltung<\/h3>\n<p><img loading=\"lazy\" decoding=\"async\" class=\"alignnone size-full wp-image-291\" src=\"https:\/\/ecmicrophones.com\/wp-content\/uploads\/2024\/03\/standard-test-circuit_ecm-b6027aml37-23373.png\" alt=\"ECM-B6027AML37-23373 Standard-Testschaltung: 15k\u03a9 Vorspannung, 2V Versorgung, 1\u03bcF Ausgang\" width=\"507\" height=\"230\" srcset=\"https:\/\/ecmicrophones.com\/wp-content\/uploads\/2024\/03\/standard-test-circuit_ecm-b6027aml37-23373.png 507w, https:\/\/ecmicrophones.com\/wp-content\/uploads\/2024\/03\/standard-test-circuit_ecm-b6027aml37-23373-300x136.png 300w, https:\/\/ecmicrophones.com\/wp-content\/uploads\/2024\/03\/standard-test-circuit_ecm-b6027aml37-23373-18x8.png 18w\" sizes=\"auto, (max-width: 507px) 100vw, 507px\" \/><\/p>\n<p>Testschaltung mit einem 15k\u03a9 Vorspannungswiderstand, 2V DC Versorgungsspannung und 1\u03bcF Koppelkondensator.<\/p>\n<h3 class=\"pt-5 text-start\">Typischer Frequenzgang<\/h3>\n<p><img loading=\"lazy\" decoding=\"async\" class=\"alignnone size-full wp-image-292\" src=\"https:\/\/ecmicrophones.com\/wp-content\/uploads\/2024\/03\/typical-frequency-response_ecm-b6027aml37-23373.png\" alt=\"ECM-B6027AML37-23373 Frequenzgangkurve\" width=\"397\" height=\"284\" srcset=\"https:\/\/ecmicrophones.com\/wp-content\/uploads\/2024\/03\/typical-frequency-response_ecm-b6027aml37-23373.png 397w, https:\/\/ecmicrophones.com\/wp-content\/uploads\/2024\/03\/typical-frequency-response_ecm-b6027aml37-23373-300x215.png 300w, https:\/\/ecmicrophones.com\/wp-content\/uploads\/2024\/03\/typical-frequency-response_ecm-b6027aml37-23373-18x12.png 18w\" sizes=\"auto, (max-width: 397px) 100vw, 397px\" \/><\/p>\n<p>Der Frequenzgang ist von 50 Hz bis 4 kHz relativ flach und gleichm\u00e4\u00dfig, mit einer leichten Anhebung, gefolgt von einer allm\u00e4hlichen Abschw\u00e4chung ab 5 kHz.<\/p>\n<h3 class=\"pt-5 text-start\">Abmessungen (UNIT: mm)<\/h3>\n<p><img loading=\"lazy\" decoding=\"async\" class=\"alignnone size-full wp-image-290\" src=\"https:\/\/ecmicrophones.com\/wp-content\/uploads\/2024\/03\/appearance-dimension_ecm-b6027aml37-23373.png\" alt=\"Abmessungen von ECM-B6027AML37-23373: \u03a66\u00d72,7mm\" width=\"600\" height=\"467\" srcset=\"https:\/\/ecmicrophones.com\/wp-content\/uploads\/2024\/03\/appearance-dimension_ecm-b6027aml37-23373.png 600w, https:\/\/ecmicrophones.com\/wp-content\/uploads\/2024\/03\/appearance-dimension_ecm-b6027aml37-23373-300x234.png 300w, https:\/\/ecmicrophones.com\/wp-content\/uploads\/2024\/03\/appearance-dimension_ecm-b6027aml37-23373-15x12.png 15w\" sizes=\"auto, (max-width: 600px) 100vw, 600px\" \/><\/p>\n<p>Kompakte Kapsel mit den Ma\u00dfen \u03a66 \u00d7 2,7 mm, mit einem staubdichten Netz auf der Vorderseite und einer geschlossenen R\u00fcckseite ohne \u00d6ffnungen.<\/p>","protected":false},"excerpt":{"rendered":"<p>Das ECM-B6027AML37-23373 ist eine hochwertige omnidirektionale Mikrofonkapsel, die f\u00fcr drahtlose 2,4G-Ansteckmikrofone, Videokonferenzmikrofone und andere Premiumprodukte geeignet ist. Mit Abmessungen von 6 \u00d7 2,7 mm verf\u00fcgt es \u00fcber eine Empfindlichkeit von -37 dB\u00b12 und ein Signal-Rausch-Verh\u00e4ltnis von 73 dB, was eine au\u00dfergew\u00f6hnliche Klangqualit\u00e4t gew\u00e4hrleistet.<\/p>","protected":false},"featured_media":2483,"comment_status":"open","ping_status":"closed","template":"","meta":[],"product_brand":[721],"product_cat":[16,20],"product_tag":[283,235,288],"class_list":{"0":"post-159","1":"product","2":"type-product","3":"status-publish","4":"has-post-thumbnail","6":"product_brand-ecmic","7":"product_cat-electret-microphones","8":"product_cat-omnidirectional-microphones","9":"product_tag-6mm","10":"product_tag-conference","11":"product_tag-solder-pads","13":"first","14":"instock","15":"shipping-taxable","16":"purchasable","17":"product-type-simple"},"_links":{"self":[{"href":"https:\/\/ecmicrophones.com\/de\/wp-json\/wp\/v2\/product\/159","targetHints":{"allow":["GET"]}}],"collection":[{"href":"https:\/\/ecmicrophones.com\/de\/wp-json\/wp\/v2\/product"}],"about":[{"href":"https:\/\/ecmicrophones.com\/de\/wp-json\/wp\/v2\/types\/product"}],"replies":[{"embeddable":true,"href":"https:\/\/ecmicrophones.com\/de\/wp-json\/wp\/v2\/comments?post=159"}],"wp:featuredmedia":[{"embeddable":true,"href":"https:\/\/ecmicrophones.com\/de\/wp-json\/wp\/v2\/media\/2483"}],"wp:attachment":[{"href":"https:\/\/ecmicrophones.com\/de\/wp-json\/wp\/v2\/media?parent=159"}],"wp:term":[{"taxonomy":"product_brand","embeddable":true,"href":"https:\/\/ecmicrophones.com\/de\/wp-json\/wp\/v2\/product_brand?post=159"},{"taxonomy":"product_cat","embeddable":true,"href":"https:\/\/ecmicrophones.com\/de\/wp-json\/wp\/v2\/product_cat?post=159"},{"taxonomy":"product_tag","embeddable":true,"href":"https:\/\/ecmicrophones.com\/de\/wp-json\/wp\/v2\/product_tag?post=159"}],"curies":[{"name":"wp","href":"https:\/\/api.w.org\/{rel}","templated":true}]}}