{"id":1608,"date":"2024-07-22T16:05:38","date_gmt":"2024-07-22T08:05:38","guid":{"rendered":"https:\/\/ecmicrophones.com\/?post_type=product&#038;p=1608"},"modified":"2026-03-19T15:21:45","modified_gmt":"2026-03-19T07:21:45","slug":"4mm-unidirectional-electret-microphone-capsule-with-pins","status":"publish","type":"product","link":"https:\/\/ecmicrophones.com\/de\/4mm-unidirectional-electret-microphone-capsule-with-pins\/","title":{"rendered":"4 mm unidirektionale Elektretmikrofonkapsel mit Stiften"},"content":{"rendered":"<h2 class=\"text-start\">Technische Daten<\/h2>\n<p class=\"text-start\">Der Kern unseres unidirektionalen Stiftmikrofons 4015 ist mit zwei Kondensatoren ausgestattet, was seine Entst\u00f6rungseigenschaften verbessert. Die Stiftl\u00e4nge von 2,8 mm sorgt f\u00fcr klaren Ton und zuverl\u00e4ssige Leistung bei unterschiedlichsten Anwendungen.<\/p>\n<h3 class=\"pt-5 text-start\">Standardtestschaltung<\/h3>\n<p> <img loading=\"lazy\" decoding=\"async\" class=\"alignnone size-full wp-image-439\" src=\"https:\/\/ecmicrophones.com\/wp-content\/uploads\/2024\/04\/standard-test-circuit_.png\" alt=\"Standardtestschaltung\" width=\"826\" height=\"443\" srcset=\"https:\/\/ecmicrophones.com\/wp-content\/uploads\/2024\/04\/standard-test-circuit_.png 826w, https:\/\/ecmicrophones.com\/wp-content\/uploads\/2024\/04\/standard-test-circuit_-300x161.png 300w, https:\/\/ecmicrophones.com\/wp-content\/uploads\/2024\/04\/standard-test-circuit_-768x412.png 768w, https:\/\/ecmicrophones.com\/wp-content\/uploads\/2024\/04\/standard-test-circuit_-18x10.png 18w, https:\/\/ecmicrophones.com\/wp-content\/uploads\/2024\/04\/standard-test-circuit_-600x322.png 600w\" sizes=\"auto, (max-width: 826px) 100vw, 826px\" \/> <\/p>\n<p>Testbedingungen: RL = 2,2k\u03a9, Vs = 2V, C = 1\u03bcF<\/p>\n<h3 class=\"pt-5 text-start\">Typischer Frequenzgang<\/h3>\n<p> <img loading=\"lazy\" decoding=\"async\" class=\"alignnone size-full wp-image-440\" src=\"https:\/\/ecmicrophones.com\/wp-content\/uploads\/2024\/04\/typical-frequency-response_.png\" alt=\"Typischer Frequenzgang\" width=\"773\" height=\"272\" srcset=\"https:\/\/ecmicrophones.com\/wp-content\/uploads\/2024\/04\/typical-frequency-response_.png 773w, https:\/\/ecmicrophones.com\/wp-content\/uploads\/2024\/04\/typical-frequency-response_-300x106.png 300w, https:\/\/ecmicrophones.com\/wp-content\/uploads\/2024\/04\/typical-frequency-response_-768x270.png 768w, https:\/\/ecmicrophones.com\/wp-content\/uploads\/2024\/04\/typical-frequency-response_-18x6.png 18w, https:\/\/ecmicrophones.com\/wp-content\/uploads\/2024\/04\/typical-frequency-response_-600x211.png 600w\" sizes=\"auto, (max-width: 773px) 100vw, 773px\" \/> <\/p>\n<p>Der Frequenzgang reicht von 100 Hz bis 20 kHz, mit einem gleichm\u00e4\u00dfigen Anstieg \u00fcber das gesamte Spektrum, der die Klarheit und Pr\u00e4senz von Stimmen verbessert. Um 10 kHz verbessert eine zus\u00e4tzliche Anhebung die Artikulation h\u00f6herer Frequenzen, wodurch er sich gut f\u00fcr die Sprachaufnahme eignet. Der Frequenzgang erreicht kurzzeitig ein Plateau, bevor er nach 16 kHz allm\u00e4hlich abf\u00e4llt.<\/p>\n<h3 class=\"pt-5 text-start\">Abmessungen (UNIT: mm)<\/h3>\n<p> <img loading=\"lazy\" decoding=\"async\" class=\"alignnone size-full wp-image-441\" src=\"https:\/\/ecmicrophones.com\/wp-content\/uploads\/2024\/04\/appearance-dimension_.png\" alt=\"Aussehen Dimension\" width=\"972\" height=\"348\" srcset=\"https:\/\/ecmicrophones.com\/wp-content\/uploads\/2024\/04\/appearance-dimension_.png 972w, https:\/\/ecmicrophones.com\/wp-content\/uploads\/2024\/04\/appearance-dimension_-300x107.png 300w, https:\/\/ecmicrophones.com\/wp-content\/uploads\/2024\/04\/appearance-dimension_-768x275.png 768w, https:\/\/ecmicrophones.com\/wp-content\/uploads\/2024\/04\/appearance-dimension_-18x6.png 18w, https:\/\/ecmicrophones.com\/wp-content\/uploads\/2024\/04\/appearance-dimension_-600x215.png 600w\" sizes=\"auto, (max-width: 972px) 100vw, 972px\" \/> <\/p>\n<p>Die Kapsel misst 4 mm im Durchmesser und 1,5 mm in der H\u00f6he. Die Vorderseite ist mit einem staubdichten Netz versehen, die R\u00fcckseite enth\u00e4lt einen akustischen Anschluss. Ausgestattet mit 2,8-mm-Stiften f\u00fcr die Leiterplattenmontage in kompakten Lavalier-Mikrofonen, mit 1,2-mm-Abstand.<\/p>","protected":false},"excerpt":{"rendered":"<p>Die ECM-B4015UP38-YL ist eine 4 \u00d7 1,5 mm gro\u00dfe unidirektionale Mikrofonkapsel mit einer Empfindlichkeit von -38 dB\u00b12 und einem Signal-Rausch-Verh\u00e4ltnis von 60 dB. Sie ist f\u00fcr Ansteckmikrofone konzipiert.<\/p>","protected":false},"featured_media":2681,"comment_status":"open","ping_status":"closed","template":"","meta":[],"product_brand":[721],"product_cat":[16,21],"product_tag":[284,235,291],"class_list":{"0":"post-1608","1":"product","2":"type-product","3":"status-publish","4":"has-post-thumbnail","6":"product_brand-ecmic","7":"product_cat-electret-microphones","8":"product_cat-unidirectional-microphones","9":"product_tag-4mm","10":"product_tag-conference","11":"product_tag-pin-type","13":"first","14":"instock","15":"shipping-taxable","16":"purchasable","17":"product-type-simple"},"_links":{"self":[{"href":"https:\/\/ecmicrophones.com\/de\/wp-json\/wp\/v2\/product\/1608","targetHints":{"allow":["GET"]}}],"collection":[{"href":"https:\/\/ecmicrophones.com\/de\/wp-json\/wp\/v2\/product"}],"about":[{"href":"https:\/\/ecmicrophones.com\/de\/wp-json\/wp\/v2\/types\/product"}],"replies":[{"embeddable":true,"href":"https:\/\/ecmicrophones.com\/de\/wp-json\/wp\/v2\/comments?post=1608"}],"wp:featuredmedia":[{"embeddable":true,"href":"https:\/\/ecmicrophones.com\/de\/wp-json\/wp\/v2\/media\/2681"}],"wp:attachment":[{"href":"https:\/\/ecmicrophones.com\/de\/wp-json\/wp\/v2\/media?parent=1608"}],"wp:term":[{"taxonomy":"product_brand","embeddable":true,"href":"https:\/\/ecmicrophones.com\/de\/wp-json\/wp\/v2\/product_brand?post=1608"},{"taxonomy":"product_cat","embeddable":true,"href":"https:\/\/ecmicrophones.com\/de\/wp-json\/wp\/v2\/product_cat?post=1608"},{"taxonomy":"product_tag","embeddable":true,"href":"https:\/\/ecmicrophones.com\/de\/wp-json\/wp\/v2\/product_tag?post=1608"}],"curies":[{"name":"wp","href":"https:\/\/api.w.org\/{rel}","templated":true}]}}