{"id":1627,"date":"2024-07-22T17:50:45","date_gmt":"2024-07-22T09:50:45","guid":{"rendered":"https:\/\/ecmicrophones.com\/?post_type=product&#038;p=1627"},"modified":"2026-03-19T15:21:16","modified_gmt":"2026-03-19T07:21:16","slug":"25mm-electret-microphone-capsule-without-fet","status":"publish","type":"product","link":"https:\/\/ecmicrophones.com\/de\/25mm-electret-microphone-capsule-without-fet\/","title":{"rendered":"25-mm-Elektretmikrofonkapsel ohne FET"},"content":{"rendered":"<h2 class=\"text-start\">Technische Daten<\/h2>\n<p class=\"text-start\">Unser Elektret-Kondensatormikrofonkopf 2573 ist ohne FET konzipiert und erm\u00f6glicht die Gestaltung individueller Verst\u00e4rkerschaltungen. Er verf\u00fcgt \u00fcber eine gro\u00dfe Membran f\u00fcr hohe Wiedergabetreue und pr\u00e4zise Klangwiedergabe.<\/p>\n<h3 class=\"pt-5 text-start\">Standardtestschaltung<\/h3>\n<p> <img loading=\"lazy\" decoding=\"async\" class=\"alignnone size-full wp-image-1630\" src=\"https:\/\/ecmicrophones.com\/wp-content\/uploads\/2024\/07\/standard-test-circuit_b25073ul-45.png\" alt=\"Standardtestschaltung\" width=\"378\" height=\"202\" srcset=\"https:\/\/ecmicrophones.com\/wp-content\/uploads\/2024\/07\/standard-test-circuit_b25073ul-45.png 378w, https:\/\/ecmicrophones.com\/wp-content\/uploads\/2024\/07\/standard-test-circuit_b25073ul-45-300x160.png 300w, https:\/\/ecmicrophones.com\/wp-content\/uploads\/2024\/07\/standard-test-circuit_b25073ul-45-18x10.png 18w\" sizes=\"auto, (max-width: 378px) 100vw, 378px\" \/> <\/p>\n<p>Testbedingungen: RL = 680\u03a9, VS = 1,5V, C = 1\u03bcF.<\/p>\n<h3 class=\"pt-5 text-start\">Typischer Frequenzgang<\/h3>\n<p> <img loading=\"lazy\" decoding=\"async\" class=\"alignnone size-full wp-image-1628\" src=\"https:\/\/ecmicrophones.com\/wp-content\/uploads\/2024\/07\/typical-frequency-response_b25073ul-45.png\" alt=\"Typischer Frequenzgang\" width=\"670\" height=\"241\" srcset=\"https:\/\/ecmicrophones.com\/wp-content\/uploads\/2024\/07\/typical-frequency-response_b25073ul-45.png 670w, https:\/\/ecmicrophones.com\/wp-content\/uploads\/2024\/07\/typical-frequency-response_b25073ul-45-300x108.png 300w, https:\/\/ecmicrophones.com\/wp-content\/uploads\/2024\/07\/typical-frequency-response_b25073ul-45-18x6.png 18w, https:\/\/ecmicrophones.com\/wp-content\/uploads\/2024\/07\/typical-frequency-response_b25073ul-45-600x216.png 600w\" sizes=\"auto, (max-width: 670px) 100vw, 670px\" \/> <\/p>\n<p>Der Frequenzgang erstreckt sich von 100 Hz bis 16 kHz, wobei einige Schwankungen bei 1 kHz als \u00dcbergang zwischen tiefen und mittleren Frequenzen dienen, gefolgt von einer sp\u00fcrbaren Anhebung der hohen Frequenzen.<\/p>\n<h3 class=\"pt-5 text-start\">Abmessungen (UNIT: mm)<\/h3>\n<p> <img loading=\"lazy\" decoding=\"async\" class=\"alignnone size-full wp-image-1629\" src=\"https:\/\/ecmicrophones.com\/wp-content\/uploads\/2024\/07\/appearance-dimension_b25073ul-45.png\" alt=\"Aussehen Dimension\" width=\"672\" height=\"248\" srcset=\"https:\/\/ecmicrophones.com\/wp-content\/uploads\/2024\/07\/appearance-dimension_b25073ul-45.png 672w, https:\/\/ecmicrophones.com\/wp-content\/uploads\/2024\/07\/appearance-dimension_b25073ul-45-300x111.png 300w, https:\/\/ecmicrophones.com\/wp-content\/uploads\/2024\/07\/appearance-dimension_b25073ul-45-18x7.png 18w, https:\/\/ecmicrophones.com\/wp-content\/uploads\/2024\/07\/appearance-dimension_b25073ul-45-600x221.png 600w\" sizes=\"auto, (max-width: 672px) 100vw, 672px\" \/> <\/p>\n<p>Die Kapsel misst 25 mm im Durchmesser und 7,3 mm in der H\u00f6he. Mit L\u00f6tfahnen und ohne eingebauten FET, was einen externen Vorverst\u00e4rker erfordert.<\/p>","protected":false},"excerpt":{"rendered":"<p>Das ECM-B25073UL-45 ist eine 25 \u00d7 7,3 mm gro\u00dfe unidirektionale Mikrofonkapsel mit einer Empfindlichkeit von -45 dB\u00b13 und einem Signal-Rausch-Verh\u00e4ltnis von 65 dB. Es ist ideal f\u00fcr Live-Streaming.<\/p>","protected":false},"featured_media":2693,"comment_status":"open","ping_status":"closed","template":"","meta":[],"product_brand":[721],"product_cat":[16,21],"product_tag":[278,436,116],"class_list":{"0":"post-1627","1":"product","2":"type-product","3":"status-publish","4":"has-post-thumbnail","6":"product_brand-ecmic","7":"product_cat-electret-microphones","8":"product_cat-unidirectional-microphones","9":"product_tag-25mm","10":"product_tag-solder-tabs","11":"product_tag-vocal","13":"first","14":"instock","15":"shipping-taxable","16":"purchasable","17":"product-type-simple"},"_links":{"self":[{"href":"https:\/\/ecmicrophones.com\/de\/wp-json\/wp\/v2\/product\/1627","targetHints":{"allow":["GET"]}}],"collection":[{"href":"https:\/\/ecmicrophones.com\/de\/wp-json\/wp\/v2\/product"}],"about":[{"href":"https:\/\/ecmicrophones.com\/de\/wp-json\/wp\/v2\/types\/product"}],"replies":[{"embeddable":true,"href":"https:\/\/ecmicrophones.com\/de\/wp-json\/wp\/v2\/comments?post=1627"}],"wp:featuredmedia":[{"embeddable":true,"href":"https:\/\/ecmicrophones.com\/de\/wp-json\/wp\/v2\/media\/2693"}],"wp:attachment":[{"href":"https:\/\/ecmicrophones.com\/de\/wp-json\/wp\/v2\/media?parent=1627"}],"wp:term":[{"taxonomy":"product_brand","embeddable":true,"href":"https:\/\/ecmicrophones.com\/de\/wp-json\/wp\/v2\/product_brand?post=1627"},{"taxonomy":"product_cat","embeddable":true,"href":"https:\/\/ecmicrophones.com\/de\/wp-json\/wp\/v2\/product_cat?post=1627"},{"taxonomy":"product_tag","embeddable":true,"href":"https:\/\/ecmicrophones.com\/de\/wp-json\/wp\/v2\/product_tag?post=1627"}],"curies":[{"name":"wp","href":"https:\/\/api.w.org\/{rel}","templated":true}]}}