{"id":1631,"date":"2024-07-22T17:53:24","date_gmt":"2024-07-22T09:53:24","guid":{"rendered":"https:\/\/ecmicrophones.com\/?post_type=product&#038;p=1631"},"modified":"2026-03-19T15:21:02","modified_gmt":"2026-03-19T07:21:02","slug":"25mm-large-diaphragm-electret-microphone-capsule","status":"publish","type":"product","link":"https:\/\/ecmicrophones.com\/de\/25mm-large-diaphragm-electret-microphone-capsule\/","title":{"rendered":"25 mm gro\u00dfe Membran-Elektretmikrofonkapsel"},"content":{"rendered":"<h2 class=\"text-start\">Technische Daten<\/h2>\n<p class=\"text-start\">Unsere Gro\u00dfmembran-Elektret-Kondensatormikrofonkapsel 2587 bietet hohe Wiedergabetreue mit hohem Signal-Rausch-Verh\u00e4ltnis und geringem Eigenrauschen sowie eine Ausgabe auf Quellenpegel.<\/p>\n<h3 class=\"pt-5 text-start\">Standardtestschaltung<\/h3>\n<p><img loading=\"lazy\" decoding=\"async\" class=\"alignnone size-full wp-image-1633\" src=\"https:\/\/ecmicrophones.com\/wp-content\/uploads\/2024\/07\/standard-test-circuit_ecm-b25087ul-45.png\" alt=\"Standardtestschaltung\" width=\"562\" height=\"244\" srcset=\"https:\/\/ecmicrophones.com\/wp-content\/uploads\/2024\/07\/standard-test-circuit_ecm-b25087ul-45.png 562w, https:\/\/ecmicrophones.com\/wp-content\/uploads\/2024\/07\/standard-test-circuit_ecm-b25087ul-45-300x130.png 300w, https:\/\/ecmicrophones.com\/wp-content\/uploads\/2024\/07\/standard-test-circuit_ecm-b25087ul-45-18x8.png 18w\" sizes=\"auto, (max-width: 562px) 100vw, 562px\" \/><\/p>\n<p>Testbedingungen: RL = 680\u03a9, Vs = 1,5V, C = 1\u03bcF<\/p>\n<h3 class=\"pt-5 text-start\">Typischer Frequenzgang<\/h3>\n<p><img loading=\"lazy\" decoding=\"async\" class=\"alignnone size-full wp-image-1634\" src=\"https:\/\/ecmicrophones.com\/wp-content\/uploads\/2024\/07\/typical-frequency-response_ecm-b25087ul-45.png\" alt=\"Typischer Frequenzgang\" width=\"696\" height=\"242\" srcset=\"https:\/\/ecmicrophones.com\/wp-content\/uploads\/2024\/07\/typical-frequency-response_ecm-b25087ul-45.png 696w, https:\/\/ecmicrophones.com\/wp-content\/uploads\/2024\/07\/typical-frequency-response_ecm-b25087ul-45-300x104.png 300w, https:\/\/ecmicrophones.com\/wp-content\/uploads\/2024\/07\/typical-frequency-response_ecm-b25087ul-45-18x6.png 18w, https:\/\/ecmicrophones.com\/wp-content\/uploads\/2024\/07\/typical-frequency-response_ecm-b25087ul-45-600x209.png 600w\" sizes=\"auto, (max-width: 696px) 100vw, 696px\" \/><\/p>\n<p>Der Frequenzgang erstreckt sich von 100 Hz bis 16 kHz mit einer allgemein ansteigenden Tendenz und minimalen Schwankungen. Eine bemerkenswerte Anhebung im Hochtonbereich verbessert die Klarheit und Detailtreue im oberen Audiobereich.<\/p>\n<h3 class=\"pt-5 text-start\">Abmessungen (UNIT: mm)<\/h3>\n<p><img loading=\"lazy\" decoding=\"async\" class=\"alignnone size-full wp-image-1632\" src=\"https:\/\/ecmicrophones.com\/wp-content\/uploads\/2024\/07\/appearance-dimension_ecm-b25087ul-45.png\" alt=\"Aussehen Dimension\" width=\"672\" height=\"267\" srcset=\"https:\/\/ecmicrophones.com\/wp-content\/uploads\/2024\/07\/appearance-dimension_ecm-b25087ul-45.png 672w, https:\/\/ecmicrophones.com\/wp-content\/uploads\/2024\/07\/appearance-dimension_ecm-b25087ul-45-300x119.png 300w, https:\/\/ecmicrophones.com\/wp-content\/uploads\/2024\/07\/appearance-dimension_ecm-b25087ul-45-18x7.png 18w, https:\/\/ecmicrophones.com\/wp-content\/uploads\/2024\/07\/appearance-dimension_ecm-b25087ul-45-600x238.png 600w\" sizes=\"auto, (max-width: 672px) 100vw, 672px\" \/><\/p>\n<p>Die Kapsel hat einen Durchmesser von 25 mm und eine H\u00f6he von 8,7 mm und verf\u00fcgt \u00fcber eine r\u00fcckseitige akustische \u00d6ffnung. Sie ist mit drei L\u00f6tpads ausgestattet und bietet einen Source-Follower-Ausgang f\u00fcr eine niederohmige, stabile Signal\u00fcbertragung.<\/p>","protected":false},"excerpt":{"rendered":"<p>Das ECM-B25087UL-45 ist eine unidirektionale Mikrofonkapsel mit den Abmessungen 25 \u00d7 8,7 mm mit einer Empfindlichkeit von -45 dB\u00b12 und einem Signal-Rausch-Verh\u00e4ltnis von 70 dB. Es ist f\u00fcr Live-Streaming-Anwendungen konzipiert und bietet robuste Klangqualit\u00e4t und hohe Leistung f\u00fcr eine klare Audioaufnahme.<\/p>","protected":false},"featured_media":2695,"comment_status":"open","ping_status":"closed","template":"","meta":[],"product_brand":[721],"product_cat":[21,16],"product_tag":[278,292,116],"class_list":{"0":"post-1631","1":"product","2":"type-product","3":"status-publish","4":"has-post-thumbnail","6":"product_brand-ecmic","7":"product_cat-unidirectional-microphones","8":"product_cat-electret-microphones","9":"product_tag-25mm","10":"product_tag-3-solder-pads","11":"product_tag-vocal","13":"first","14":"instock","15":"shipping-taxable","16":"purchasable","17":"product-type-simple"},"_links":{"self":[{"href":"https:\/\/ecmicrophones.com\/de\/wp-json\/wp\/v2\/product\/1631","targetHints":{"allow":["GET"]}}],"collection":[{"href":"https:\/\/ecmicrophones.com\/de\/wp-json\/wp\/v2\/product"}],"about":[{"href":"https:\/\/ecmicrophones.com\/de\/wp-json\/wp\/v2\/types\/product"}],"replies":[{"embeddable":true,"href":"https:\/\/ecmicrophones.com\/de\/wp-json\/wp\/v2\/comments?post=1631"}],"wp:featuredmedia":[{"embeddable":true,"href":"https:\/\/ecmicrophones.com\/de\/wp-json\/wp\/v2\/media\/2695"}],"wp:attachment":[{"href":"https:\/\/ecmicrophones.com\/de\/wp-json\/wp\/v2\/media?parent=1631"}],"wp:term":[{"taxonomy":"product_brand","embeddable":true,"href":"https:\/\/ecmicrophones.com\/de\/wp-json\/wp\/v2\/product_brand?post=1631"},{"taxonomy":"product_cat","embeddable":true,"href":"https:\/\/ecmicrophones.com\/de\/wp-json\/wp\/v2\/product_cat?post=1631"},{"taxonomy":"product_tag","embeddable":true,"href":"https:\/\/ecmicrophones.com\/de\/wp-json\/wp\/v2\/product_tag?post=1631"}],"curies":[{"name":"wp","href":"https:\/\/api.w.org\/{rel}","templated":true}]}}