{"id":1643,"date":"2024-07-23T16:41:29","date_gmt":"2024-07-23T08:41:29","guid":{"rendered":"https:\/\/ecmicrophones.com\/?post_type=product&#038;p=1643"},"modified":"2026-03-19T15:20:37","modified_gmt":"2026-03-19T07:20:37","slug":"14mm-electret-microphone-with-source-output-for-live-streaming","status":"publish","type":"product","link":"https:\/\/ecmicrophones.com\/de\/14mm-electret-microphone-with-source-output-for-live-streaming\/","title":{"rendered":"14-mm-Elektretmikrofon mit Quellenausgang f\u00fcr Live-Streaming"},"content":{"rendered":"<h2 class=\"text-start\">Technische Daten<\/h2>\n<p class=\"text-start\">Unser unidirektionaler Mikrofonkopf 1450 verf\u00fcgt \u00fcber einen Quellenausgang und bietet ein hohes Signal-Rausch-Verh\u00e4ltnis, hohe Wiedergabetreue und hervorragende Klangwiedergabe.<\/p>\n<h3 class=\"pt-5 text-start\">Standardtestschaltung<\/h3>\n<p><img loading=\"lazy\" decoding=\"async\" class=\"alignnone size-full wp-image-1645\" src=\"https:\/\/ecmicrophones.com\/wp-content\/uploads\/2024\/07\/standard-test-circuit_ecm-b1450ul43-351.png\" alt=\"Standardtestschaltung\" width=\"508\" height=\"214\" srcset=\"https:\/\/ecmicrophones.com\/wp-content\/uploads\/2024\/07\/standard-test-circuit_ecm-b1450ul43-351.png 508w, https:\/\/ecmicrophones.com\/wp-content\/uploads\/2024\/07\/standard-test-circuit_ecm-b1450ul43-351-300x126.png 300w, https:\/\/ecmicrophones.com\/wp-content\/uploads\/2024\/07\/standard-test-circuit_ecm-b1450ul43-351-18x8.png 18w\" sizes=\"auto, (max-width: 508px) 100vw, 508px\" \/><\/p>\n<p>Testbedingungen: RL = 2,7K\u03a9, VS = 4,5V, C = 1\u03bcF.<\/p>\n<h3 class=\"pt-5 text-start\">Typischer Frequenzgang<\/h3>\n<p><img loading=\"lazy\" decoding=\"async\" class=\"alignnone size-full wp-image-1646\" src=\"https:\/\/ecmicrophones.com\/wp-content\/uploads\/2024\/07\/typical-frequency-response_ecm-b1450ul43-351.png\" alt=\"Typischer Frequenzgang\" width=\"565\" height=\"264\" srcset=\"https:\/\/ecmicrophones.com\/wp-content\/uploads\/2024\/07\/typical-frequency-response_ecm-b1450ul43-351.png 565w, https:\/\/ecmicrophones.com\/wp-content\/uploads\/2024\/07\/typical-frequency-response_ecm-b1450ul43-351-300x140.png 300w, https:\/\/ecmicrophones.com\/wp-content\/uploads\/2024\/07\/typical-frequency-response_ecm-b1450ul43-351-18x8.png 18w\" sizes=\"auto, (max-width: 565px) 100vw, 565px\" \/><\/p>\n<p>Der Frequenzgang ist von 100Hz bis 3kHz relativ flach, steigt zwischen 3kHz und 5kHz deutlich an und f\u00e4llt dann allm\u00e4hlich in Richtung 20kHz ab.<\/p>\n<h3 class=\"pt-5 text-start\">Abmessungen (UNIT: mm)<\/h3>\n<p><img loading=\"lazy\" decoding=\"async\" class=\"alignnone size-full wp-image-1644\" src=\"https:\/\/ecmicrophones.com\/wp-content\/uploads\/2024\/07\/appearance-dimension_ecm-b1450ul43-351.png\" alt=\"Aussehen Dimension\" width=\"515\" height=\"344\" srcset=\"https:\/\/ecmicrophones.com\/wp-content\/uploads\/2024\/07\/appearance-dimension_ecm-b1450ul43-351.png 515w, https:\/\/ecmicrophones.com\/wp-content\/uploads\/2024\/07\/appearance-dimension_ecm-b1450ul43-351-300x200.png 300w, https:\/\/ecmicrophones.com\/wp-content\/uploads\/2024\/07\/appearance-dimension_ecm-b1450ul43-351-18x12.png 18w\" sizes=\"auto, (max-width: 515px) 100vw, 515px\" \/><\/p>\n<p>Die Kapsel hat einen Durchmesser von 14 mm und eine H\u00f6he von 5 mm und verf\u00fcgt \u00fcber ein Staubschutzgitter auf der Vorderseite und eine akustische \u00d6ffnung auf der R\u00fcckseite.<\/p>","protected":false},"excerpt":{"rendered":"<p>Das ECM-B1450UL43-351 ist eine 14 \u00d7 5 mm gro\u00dfe, unidirektionale Mikrofonkapsel, die f\u00fcr Live-Streaming-Anwendungen entwickelt wurde. Es verf\u00fcgt \u00fcber eine Empfindlichkeit von -43 dB\u00b12 und einen Signal-Rausch-Abstand von 75 dB und gew\u00e4hrleistet so eine hochwertige und klare Audioleistung.<\/p>","protected":false},"featured_media":2703,"comment_status":"open","ping_status":"closed","template":"","meta":[],"product_brand":[721],"product_cat":[21,16],"product_tag":[280,292,116],"class_list":{"0":"post-1643","1":"product","2":"type-product","3":"status-publish","4":"has-post-thumbnail","6":"product_brand-ecmic","7":"product_cat-unidirectional-microphones","8":"product_cat-electret-microphones","9":"product_tag-14mm","10":"product_tag-3-solder-pads","11":"product_tag-vocal","13":"first","14":"instock","15":"shipping-taxable","16":"purchasable","17":"product-type-simple"},"_links":{"self":[{"href":"https:\/\/ecmicrophones.com\/de\/wp-json\/wp\/v2\/product\/1643","targetHints":{"allow":["GET"]}}],"collection":[{"href":"https:\/\/ecmicrophones.com\/de\/wp-json\/wp\/v2\/product"}],"about":[{"href":"https:\/\/ecmicrophones.com\/de\/wp-json\/wp\/v2\/types\/product"}],"replies":[{"embeddable":true,"href":"https:\/\/ecmicrophones.com\/de\/wp-json\/wp\/v2\/comments?post=1643"}],"wp:featuredmedia":[{"embeddable":true,"href":"https:\/\/ecmicrophones.com\/de\/wp-json\/wp\/v2\/media\/2703"}],"wp:attachment":[{"href":"https:\/\/ecmicrophones.com\/de\/wp-json\/wp\/v2\/media?parent=1643"}],"wp:term":[{"taxonomy":"product_brand","embeddable":true,"href":"https:\/\/ecmicrophones.com\/de\/wp-json\/wp\/v2\/product_brand?post=1643"},{"taxonomy":"product_cat","embeddable":true,"href":"https:\/\/ecmicrophones.com\/de\/wp-json\/wp\/v2\/product_cat?post=1643"},{"taxonomy":"product_tag","embeddable":true,"href":"https:\/\/ecmicrophones.com\/de\/wp-json\/wp\/v2\/product_tag?post=1643"}],"curies":[{"name":"wp","href":"https:\/\/api.w.org\/{rel}","templated":true}]}}