{"id":1651,"date":"2024-07-23T17:55:09","date_gmt":"2024-07-23T09:55:09","guid":{"rendered":"https:\/\/ecmicrophones.com\/?post_type=product&#038;p=1651"},"modified":"2026-03-19T15:20:16","modified_gmt":"2026-03-19T07:20:16","slug":"14mm-electret-condenser-microphone-element-for-live-broadcast","status":"publish","type":"product","link":"https:\/\/ecmicrophones.com\/de\/14mm-electret-condenser-microphone-element-for-live-broadcast\/","title":{"rendered":"14-mm-Elektret-Kondensatormikrofonelement f\u00fcr Live-\u00dcbertragungen"},"content":{"rendered":"<h2 class=\"text-start\">Technische Daten<\/h2>\n<p class=\"text-start\">Unsere 1465 Elektretmikrofonkapsel zeichnet sich durch ein hohes Signal-Rausch-Verh\u00e4ltnis und geringes Rauschen aus und gew\u00e4hrleistet so eine hohe Wiedergabetreue. Sie ist aus umweltfreundlichen Materialien gefertigt, bietet starke Entst\u00f6rungsfunktionen und eignet sich f\u00fcr Live-Streaming und Aufnahmen.<\/p>\n<h3 class=\"pt-5 text-start\">Standardtestschaltung<\/h3>\n<p><img loading=\"lazy\" decoding=\"async\" class=\"alignnone size-full wp-image-1653\" src=\"https:\/\/ecmicrophones.com\/wp-content\/uploads\/2024\/07\/standard-test-circuit_ecm-b1465ul38rc-110.png\" alt=\"Standardtestschaltung\" width=\"498\" height=\"224\" srcset=\"https:\/\/ecmicrophones.com\/wp-content\/uploads\/2024\/07\/standard-test-circuit_ecm-b1465ul38rc-110.png 498w, https:\/\/ecmicrophones.com\/wp-content\/uploads\/2024\/07\/standard-test-circuit_ecm-b1465ul38rc-110-300x135.png 300w, https:\/\/ecmicrophones.com\/wp-content\/uploads\/2024\/07\/standard-test-circuit_ecm-b1465ul38rc-110-18x8.png 18w\" sizes=\"auto, (max-width: 498px) 100vw, 498px\" \/><\/p>\n<p>Gepr\u00fcft unter den folgenden Bedingungen: RL = 680\u03a9, Vs = 1,5V, C = 1\u00b5F.<\/p>\n<h3 class=\"pt-5 text-start\">Typischer Frequenzgang<\/h3>\n<p><img loading=\"lazy\" decoding=\"async\" class=\"alignnone wp-image-1654 size-large\" src=\"https:\/\/ecmicrophones.com\/wp-content\/uploads\/2024\/07\/typical-frequency-response_ecm-b1465ul38rc-110-1024x513.png\" alt=\"Typischer Frequenzgang\" width=\"1024\" height=\"513\" srcset=\"https:\/\/ecmicrophones.com\/wp-content\/uploads\/2024\/07\/typical-frequency-response_ecm-b1465ul38rc-110-1024x513.png 1024w, https:\/\/ecmicrophones.com\/wp-content\/uploads\/2024\/07\/typical-frequency-response_ecm-b1465ul38rc-110-300x150.png 300w, https:\/\/ecmicrophones.com\/wp-content\/uploads\/2024\/07\/typical-frequency-response_ecm-b1465ul38rc-110-768x384.png 768w, https:\/\/ecmicrophones.com\/wp-content\/uploads\/2024\/07\/typical-frequency-response_ecm-b1465ul38rc-110-1536x769.png 1536w, https:\/\/ecmicrophones.com\/wp-content\/uploads\/2024\/07\/typical-frequency-response_ecm-b1465ul38rc-110-18x9.png 18w, https:\/\/ecmicrophones.com\/wp-content\/uploads\/2024\/07\/typical-frequency-response_ecm-b1465ul38rc-110-600x300.png 600w, https:\/\/ecmicrophones.com\/wp-content\/uploads\/2024\/07\/typical-frequency-response_ecm-b1465ul38rc-110.png 1578w\" sizes=\"auto, (max-width: 1024px) 100vw, 1024px\" \/><\/p>\n<p>Der Frequenzgang zeigt einen konstanten Aufw\u00e4rtstrend von 100 Hz bis etwa 10 kHz, gefolgt von einem allm\u00e4hlichen Abfall bei 16 kHz.<\/p>\n<h3 class=\"pt-5 text-start\">Abmessungen (UNIT: mm)<\/h3>\n<p><img loading=\"lazy\" decoding=\"async\" class=\"alignnone size-full wp-image-1652\" src=\"https:\/\/ecmicrophones.com\/wp-content\/uploads\/2024\/07\/appearance-dimension_ecm-b1465ul38rc-110.png\" alt=\"Aussehen Dimension\" width=\"803\" height=\"601\" srcset=\"https:\/\/ecmicrophones.com\/wp-content\/uploads\/2024\/07\/appearance-dimension_ecm-b1465ul38rc-110.png 803w, https:\/\/ecmicrophones.com\/wp-content\/uploads\/2024\/07\/appearance-dimension_ecm-b1465ul38rc-110-300x225.png 300w, https:\/\/ecmicrophones.com\/wp-content\/uploads\/2024\/07\/appearance-dimension_ecm-b1465ul38rc-110-768x575.png 768w, https:\/\/ecmicrophones.com\/wp-content\/uploads\/2024\/07\/appearance-dimension_ecm-b1465ul38rc-110-16x12.png 16w, https:\/\/ecmicrophones.com\/wp-content\/uploads\/2024\/07\/appearance-dimension_ecm-b1465ul38rc-110-600x449.png 600w\" sizes=\"auto, (max-width: 803px) 100vw, 803px\" \/><\/p>\n<p>Die Kapsel hat einen Durchmesser von 14 mm und eine H\u00f6he von 6,5 mm und verf\u00fcgt \u00fcber eine r\u00fcckseitige Schall\u00f6ffnung.<\/p>","protected":false},"excerpt":{"rendered":"<p>Das ECM-B1465UL38RC-110 ist eine unidirektionale Mikrofonkapsel mit den Abmessungen 14 \u00d7 6,5 mm, ideal f\u00fcr Live-Streaming-Anwendungen. Es bietet eine Empfindlichkeit von -38 dB\u00b12 und ein Signal-Rausch-Verh\u00e4ltnis von 67 dB und gew\u00e4hrleistet so eine hochwertige Audioleistung.<\/p>","protected":false},"featured_media":2710,"comment_status":"open","ping_status":"closed","template":"","meta":[],"product_brand":[721],"product_cat":[16,21],"product_tag":[280,288,116],"class_list":{"0":"post-1651","1":"product","2":"type-product","3":"status-publish","4":"has-post-thumbnail","6":"product_brand-ecmic","7":"product_cat-electret-microphones","8":"product_cat-unidirectional-microphones","9":"product_tag-14mm","10":"product_tag-solder-pads","11":"product_tag-vocal","13":"first","14":"instock","15":"shipping-taxable","16":"purchasable","17":"product-type-simple"},"_links":{"self":[{"href":"https:\/\/ecmicrophones.com\/de\/wp-json\/wp\/v2\/product\/1651","targetHints":{"allow":["GET"]}}],"collection":[{"href":"https:\/\/ecmicrophones.com\/de\/wp-json\/wp\/v2\/product"}],"about":[{"href":"https:\/\/ecmicrophones.com\/de\/wp-json\/wp\/v2\/types\/product"}],"replies":[{"embeddable":true,"href":"https:\/\/ecmicrophones.com\/de\/wp-json\/wp\/v2\/comments?post=1651"}],"wp:featuredmedia":[{"embeddable":true,"href":"https:\/\/ecmicrophones.com\/de\/wp-json\/wp\/v2\/media\/2710"}],"wp:attachment":[{"href":"https:\/\/ecmicrophones.com\/de\/wp-json\/wp\/v2\/media?parent=1651"}],"wp:term":[{"taxonomy":"product_brand","embeddable":true,"href":"https:\/\/ecmicrophones.com\/de\/wp-json\/wp\/v2\/product_brand?post=1651"},{"taxonomy":"product_cat","embeddable":true,"href":"https:\/\/ecmicrophones.com\/de\/wp-json\/wp\/v2\/product_cat?post=1651"},{"taxonomy":"product_tag","embeddable":true,"href":"https:\/\/ecmicrophones.com\/de\/wp-json\/wp\/v2\/product_tag?post=1651"}],"curies":[{"name":"wp","href":"https:\/\/api.w.org\/{rel}","templated":true}]}}