{"id":1655,"date":"2024-07-23T17:55:08","date_gmt":"2024-07-23T09:55:08","guid":{"rendered":"https:\/\/ecmicrophones.com\/?post_type=product&#038;p=1655"},"modified":"2026-03-19T15:20:26","modified_gmt":"2026-03-19T07:20:26","slug":"14mm-high-performance-electret-microphone-insert-for-streaming","status":"publish","type":"product","link":"https:\/\/ecmicrophones.com\/de\/14mm-high-performance-electret-microphone-insert-for-streaming\/","title":{"rendered":"14mm Hochleistungs-Elektretmikrofon-Einsatz f\u00fcr Streaming"},"content":{"rendered":"<h2 class=\"text-start\">Technische Daten<\/h2>\n<p class=\"text-start\">Unsere Elektretmikrofonkapsel 1465 bietet ein hohes Signal-Rausch-Verh\u00e4ltnis, geringes Rauschen und hervorragende Klangtreue. Sie ist aus umweltfreundlichen Materialien gefertigt und funktioniert auch in anspruchsvollen Umgebungen zuverl\u00e4ssig \u2013 perfekt f\u00fcr professionelle Audioanwendungen.<\/p>\n<h3 class=\"pt-5 text-start\">Standardtestschaltung<\/h3>\n<p><img loading=\"lazy\" decoding=\"async\" class=\"alignnone size-full wp-image-1657\" src=\"https:\/\/ecmicrophones.com\/wp-content\/uploads\/2024\/07\/standard-test-circuit_ecm-b1465ul-45.png\" alt=\"Standardtestschaltung\" width=\"324\" height=\"153\" srcset=\"https:\/\/ecmicrophones.com\/wp-content\/uploads\/2024\/07\/standard-test-circuit_ecm-b1465ul-45.png 324w, https:\/\/ecmicrophones.com\/wp-content\/uploads\/2024\/07\/standard-test-circuit_ecm-b1465ul-45-300x142.png 300w, https:\/\/ecmicrophones.com\/wp-content\/uploads\/2024\/07\/standard-test-circuit_ecm-b1465ul-45-18x9.png 18w\" sizes=\"auto, (max-width: 324px) 100vw, 324px\" \/><\/p>\n<p>Testbedingungen: RL = 680\u03a9, Vs = 1,5V, C = 1\u00b5F.<\/p>\n<h3 class=\"pt-5 text-start\">Typischer Frequenzgang<\/h3>\n<p><img loading=\"lazy\" decoding=\"async\" class=\"alignnone size-full wp-image-1658\" src=\"https:\/\/ecmicrophones.com\/wp-content\/uploads\/2024\/07\/typical-frequency-response_ecm-b1465ul-45.png\" alt=\"Typischer Frequenzgang\" width=\"630\" height=\"275\" srcset=\"https:\/\/ecmicrophones.com\/wp-content\/uploads\/2024\/07\/typical-frequency-response_ecm-b1465ul-45.png 630w, https:\/\/ecmicrophones.com\/wp-content\/uploads\/2024\/07\/typical-frequency-response_ecm-b1465ul-45-300x131.png 300w, https:\/\/ecmicrophones.com\/wp-content\/uploads\/2024\/07\/typical-frequency-response_ecm-b1465ul-45-18x8.png 18w, https:\/\/ecmicrophones.com\/wp-content\/uploads\/2024\/07\/typical-frequency-response_ecm-b1465ul-45-600x262.png 600w\" sizes=\"auto, (max-width: 630px) 100vw, 630px\" \/><\/p>\n<p>Der Frequenzgang steigt von 100 Hz bis etwa 600 Hz stetig an und bleibt dann bis etwa 9 kHz mit minimalen Schwankungen weitgehend flach. Bei 9-10 kHz gibt es eine moderate Spitze, bevor der Frequenzgang allm\u00e4hlich abf\u00e4llt.<\/p>\n<h3 class=\"pt-5 text-start\">Abmessungen (UNIT: mm)<\/h3>\n<p><img loading=\"lazy\" decoding=\"async\" class=\"alignnone size-full wp-image-1656\" src=\"https:\/\/ecmicrophones.com\/wp-content\/uploads\/2024\/07\/appearance-dimension_ecm-b1465ul-45.png\" alt=\"Aussehen Dimension\" width=\"915\" height=\"344\" srcset=\"https:\/\/ecmicrophones.com\/wp-content\/uploads\/2024\/07\/appearance-dimension_ecm-b1465ul-45.png 915w, https:\/\/ecmicrophones.com\/wp-content\/uploads\/2024\/07\/appearance-dimension_ecm-b1465ul-45-300x113.png 300w, https:\/\/ecmicrophones.com\/wp-content\/uploads\/2024\/07\/appearance-dimension_ecm-b1465ul-45-768x289.png 768w, https:\/\/ecmicrophones.com\/wp-content\/uploads\/2024\/07\/appearance-dimension_ecm-b1465ul-45-18x7.png 18w, https:\/\/ecmicrophones.com\/wp-content\/uploads\/2024\/07\/appearance-dimension_ecm-b1465ul-45-600x226.png 600w\" sizes=\"auto, (max-width: 915px) 100vw, 915px\" \/><\/p>\n<p>Die Kapsel hat einen Durchmesser von 14 mm und eine H\u00f6he von 6,5 mm und verf\u00fcgt \u00fcber eine r\u00fcckseitige Schall\u00f6ffnung.<\/p>","protected":false},"excerpt":{"rendered":"<p>Das ECM-B1465UL-45 ist eine unidirektionale Mikrofonkapsel mit den Abmessungen 14 \u00d7 6,5 mm, die f\u00fcr Live-Streaming-Anwendungen geeignet ist. Es verf\u00fcgt \u00fcber eine Empfindlichkeit von -45 dB\u00b13 und einen Signal-Rausch-Abstand von 60 dB und gew\u00e4hrleistet so eine klare und konsistente Audioqualit\u00e4t.<\/p>","protected":false},"featured_media":2712,"comment_status":"open","ping_status":"closed","template":"","meta":[],"product_brand":[721],"product_cat":[21,16],"product_tag":[280,288,116],"class_list":{"0":"post-1655","1":"product","2":"type-product","3":"status-publish","4":"has-post-thumbnail","6":"product_brand-ecmic","7":"product_cat-unidirectional-microphones","8":"product_cat-electret-microphones","9":"product_tag-14mm","10":"product_tag-solder-pads","11":"product_tag-vocal","13":"first","14":"instock","15":"shipping-taxable","16":"purchasable","17":"product-type-simple"},"_links":{"self":[{"href":"https:\/\/ecmicrophones.com\/de\/wp-json\/wp\/v2\/product\/1655","targetHints":{"allow":["GET"]}}],"collection":[{"href":"https:\/\/ecmicrophones.com\/de\/wp-json\/wp\/v2\/product"}],"about":[{"href":"https:\/\/ecmicrophones.com\/de\/wp-json\/wp\/v2\/types\/product"}],"replies":[{"embeddable":true,"href":"https:\/\/ecmicrophones.com\/de\/wp-json\/wp\/v2\/comments?post=1655"}],"wp:featuredmedia":[{"embeddable":true,"href":"https:\/\/ecmicrophones.com\/de\/wp-json\/wp\/v2\/media\/2712"}],"wp:attachment":[{"href":"https:\/\/ecmicrophones.com\/de\/wp-json\/wp\/v2\/media?parent=1655"}],"wp:term":[{"taxonomy":"product_brand","embeddable":true,"href":"https:\/\/ecmicrophones.com\/de\/wp-json\/wp\/v2\/product_brand?post=1655"},{"taxonomy":"product_cat","embeddable":true,"href":"https:\/\/ecmicrophones.com\/de\/wp-json\/wp\/v2\/product_cat?post=1655"},{"taxonomy":"product_tag","embeddable":true,"href":"https:\/\/ecmicrophones.com\/de\/wp-json\/wp\/v2\/product_tag?post=1655"}],"curies":[{"name":"wp","href":"https:\/\/api.w.org\/{rel}","templated":true}]}}