{"id":1659,"date":"2024-07-23T16:05:34","date_gmt":"2024-07-23T08:05:34","guid":{"rendered":"https:\/\/ecmicrophones.com\/?post_type=product&#038;p=1659"},"modified":"2026-03-19T15:20:49","modified_gmt":"2026-03-19T07:20:49","slug":"6mm-surface-mount-microphone-for-smart-speakers","status":"publish","type":"product","link":"https:\/\/ecmicrophones.com\/de\/6mm-surface-mount-microphone-for-smart-speakers\/","title":{"rendered":"6-mm-Mikrofon zur Oberfl\u00e4chenmontage f\u00fcr Smart Speaker"},"content":{"rendered":"<h2 class=\"text-start\">Technische Daten<\/h2>\n<p class=\"text-start\">Unsere 6027 SMD-Mikrofonkapseln zur Oberfl\u00e4chenmontage sind speziell auf hohe Temperaturbest\u00e4ndigkeit ausgelegt und verf\u00fcgen \u00fcber Doppelkondensatoren. Sie werden aus importierten, umweltfreundlichen Materialien hergestellt und gew\u00e4hrleisten eine zuverl\u00e4ssige Leistung.<\/p>\n<h3 class=\"pt-5 text-start\">Standardtestschaltung<\/h3>\n<p><img loading=\"lazy\" decoding=\"async\" class=\"alignnone size-full wp-image-1661\" src=\"https:\/\/ecmicrophones.com\/wp-content\/uploads\/2024\/07\/standard-test-circuit_ecm-b6027al42-smd.png\" alt=\"Standardtestschaltung\" width=\"529\" height=\"215\" srcset=\"https:\/\/ecmicrophones.com\/wp-content\/uploads\/2024\/07\/standard-test-circuit_ecm-b6027al42-smd.png 529w, https:\/\/ecmicrophones.com\/wp-content\/uploads\/2024\/07\/standard-test-circuit_ecm-b6027al42-smd-300x122.png 300w, https:\/\/ecmicrophones.com\/wp-content\/uploads\/2024\/07\/standard-test-circuit_ecm-b6027al42-smd-18x7.png 18w\" sizes=\"auto, (max-width: 529px) 100vw, 529px\" \/><\/p>\n<p><strong>Testbedingungen:<\/strong> Lastwiderstand (RL) = 2,2k\u03a9, Versorgungsspannung (VS) = 2V, Koppelkondensator (C) = 1\u03bcF.<\/p>\n<h3 class=\"pt-5 text-start\">Typischer Frequenzgang<\/h3>\n<p><img loading=\"lazy\" decoding=\"async\" class=\"alignnone size-full wp-image-1662\" src=\"https:\/\/ecmicrophones.com\/wp-content\/uploads\/2024\/07\/typical-frequency-response_ecm-b6027al42-smd.png\" alt=\"Typischer Frequenzgang\" width=\"591\" height=\"206\" srcset=\"https:\/\/ecmicrophones.com\/wp-content\/uploads\/2024\/07\/typical-frequency-response_ecm-b6027al42-smd.png 591w, https:\/\/ecmicrophones.com\/wp-content\/uploads\/2024\/07\/typical-frequency-response_ecm-b6027al42-smd-300x105.png 300w, https:\/\/ecmicrophones.com\/wp-content\/uploads\/2024\/07\/typical-frequency-response_ecm-b6027al42-smd-18x6.png 18w\" sizes=\"auto, (max-width: 591px) 100vw, 591px\" \/><\/p>\n<p>Der Frequenzgang erstreckt sich von 50Hz-16kHz. Die Kurve bleibt weitgehend flach, steigt ab etwa 4 kHz an und f\u00e4llt dann allm\u00e4hlich bei 14 kHz ab.<\/p>\n<h3 class=\"pt-5 text-start\">Abmessungen (UNIT: mm)<\/h3>\n<p><img loading=\"lazy\" decoding=\"async\" class=\"alignnone size-full wp-image-1660\" src=\"https:\/\/ecmicrophones.com\/wp-content\/uploads\/2024\/07\/appearance-dimension_ecm-b6027al42-smd.png\" alt=\"Aussehen Dimension\" width=\"560\" height=\"549\" srcset=\"https:\/\/ecmicrophones.com\/wp-content\/uploads\/2024\/07\/appearance-dimension_ecm-b6027al42-smd.png 560w, https:\/\/ecmicrophones.com\/wp-content\/uploads\/2024\/07\/appearance-dimension_ecm-b6027al42-smd-300x294.png 300w, https:\/\/ecmicrophones.com\/wp-content\/uploads\/2024\/07\/appearance-dimension_ecm-b6027al42-smd-12x12.png 12w\" sizes=\"auto, (max-width: 560px) 100vw, 560px\" \/><\/p>\n<p>Durchmesser: 6 mm; H\u00f6he: 2,7 mm. Oberfl\u00e4chenmontiertes Elektret-Kondensatormikrofon.<\/p>","protected":false},"excerpt":{"rendered":"<p>Das ECM-B6027AL42-SMD ist eine 6 \u00d7 2,7 mm gro\u00dfe omnidirektionale SMD-Mikrofonkapsel f\u00fcr Smart Speaker. Es verf\u00fcgt \u00fcber eine Empfindlichkeit von -42 dB\u00b12 und einen Signal-Rausch-Abstand von 58 dB und gew\u00e4hrleistet so eine zuverl\u00e4ssige Leistung in kompakten und platzbeschr\u00e4nkten Umgebungen.<\/p>","protected":false},"featured_media":2437,"comment_status":"open","ping_status":"closed","template":"","meta":[],"product_brand":[721],"product_cat":[18],"product_tag":[283,229],"class_list":{"0":"post-1659","1":"product","2":"type-product","3":"status-publish","4":"has-post-thumbnail","6":"product_brand-ecmic","7":"product_cat-smd-microphones","8":"product_tag-6mm","9":"product_tag-equipment","11":"first","12":"instock","13":"shipping-taxable","14":"purchasable","15":"product-type-simple"},"_links":{"self":[{"href":"https:\/\/ecmicrophones.com\/de\/wp-json\/wp\/v2\/product\/1659","targetHints":{"allow":["GET"]}}],"collection":[{"href":"https:\/\/ecmicrophones.com\/de\/wp-json\/wp\/v2\/product"}],"about":[{"href":"https:\/\/ecmicrophones.com\/de\/wp-json\/wp\/v2\/types\/product"}],"replies":[{"embeddable":true,"href":"https:\/\/ecmicrophones.com\/de\/wp-json\/wp\/v2\/comments?post=1659"}],"wp:featuredmedia":[{"embeddable":true,"href":"https:\/\/ecmicrophones.com\/de\/wp-json\/wp\/v2\/media\/2437"}],"wp:attachment":[{"href":"https:\/\/ecmicrophones.com\/de\/wp-json\/wp\/v2\/media?parent=1659"}],"wp:term":[{"taxonomy":"product_brand","embeddable":true,"href":"https:\/\/ecmicrophones.com\/de\/wp-json\/wp\/v2\/product_brand?post=1659"},{"taxonomy":"product_cat","embeddable":true,"href":"https:\/\/ecmicrophones.com\/de\/wp-json\/wp\/v2\/product_cat?post=1659"},{"taxonomy":"product_tag","embeddable":true,"href":"https:\/\/ecmicrophones.com\/de\/wp-json\/wp\/v2\/product_tag?post=1659"}],"curies":[{"name":"wp","href":"https:\/\/api.w.org\/{rel}","templated":true}]}}