{"id":166,"date":"2024-03-27T11:50:35","date_gmt":"2024-03-27T11:50:35","guid":{"rendered":"https:\/\/ecmicrophones.com\/?post_type=product&#038;p=166"},"modified":"2026-03-19T15:42:25","modified_gmt":"2026-03-19T07:42:25","slug":"robot-microphone-capsule-electret-6mm","status":"publish","type":"product","link":"https:\/\/ecmicrophones.com\/de\/robot-microphone-capsule-electret-6mm\/","title":{"rendered":"6-mm-Roboter-Elektretmikrofonkapsel mit Stiften"},"content":{"rendered":"<h2 class=\"text-start\">Technische Daten<\/h2>\n<p class=\"text-start\">Der omnidirektionale Stiftmikrofonkopf 6027 bietet au\u00dfergew\u00f6hnliche Empfindlichkeit und ein bemerkenswertes Signal-Rausch-Verh\u00e4ltnis. Mit seinem internen Doppelkondensatordesign liefert er eine \u00fcberragende Audioqualit\u00e4t.<\/p>\n<h3 class=\"pt-5 text-start\">Standardtestschaltung<\/h3>\n<p><img loading=\"lazy\" decoding=\"async\" class=\"alignnone size-full wp-image-294\" src=\"https:\/\/ecmicrophones.com\/wp-content\/uploads\/2024\/03\/standard-test-circuit_ecm-b6027ap2.8-30rc.png\" alt=\"ECM-B6027AP2.8-30RC Standard-Testschaltung: 2,2k\u03a9 Vorspannung, 2V Versorgung, 1\u03bcF Ausgang\" width=\"551\" height=\"228\" srcset=\"https:\/\/ecmicrophones.com\/wp-content\/uploads\/2024\/03\/standard-test-circuit_ecm-b6027ap2.8-30rc.png 551w, https:\/\/ecmicrophones.com\/wp-content\/uploads\/2024\/03\/standard-test-circuit_ecm-b6027ap2.8-30rc-300x124.png 300w, https:\/\/ecmicrophones.com\/wp-content\/uploads\/2024\/03\/standard-test-circuit_ecm-b6027ap2.8-30rc-18x7.png 18w\" sizes=\"auto, (max-width: 551px) 100vw, 551px\" \/><\/p>\n<p>Testschaltung mit 2,2k\u03a9 Vorspannungswiderstand, 2V Gleichstromversorgung und 1\u03bcF Koppelkondensator.<\/p>\n<h3 class=\"pt-5 text-start\">Typischer Frequenzgang<\/h3>\n<p><img loading=\"lazy\" decoding=\"async\" class=\"alignnone size-full wp-image-295\" src=\"https:\/\/ecmicrophones.com\/wp-content\/uploads\/2024\/03\/typical-frequency-response_ecm-b6027ap2.8-30rc.png\" alt=\"ECM-B6027AP2.8-30RC Frequenzgangkurve\" width=\"397\" height=\"284\" srcset=\"https:\/\/ecmicrophones.com\/wp-content\/uploads\/2024\/03\/typical-frequency-response_ecm-b6027ap2.8-30rc.png 397w, https:\/\/ecmicrophones.com\/wp-content\/uploads\/2024\/03\/typical-frequency-response_ecm-b6027ap2.8-30rc-300x215.png 300w, https:\/\/ecmicrophones.com\/wp-content\/uploads\/2024\/03\/typical-frequency-response_ecm-b6027ap2.8-30rc-18x12.png 18w\" sizes=\"auto, (max-width: 397px) 100vw, 397px\" \/><\/p>\n<p>Der Frequenzgang ist relativ gleichm\u00e4\u00dfig und stabil von 50 Hz bis 8 kHz, gefolgt von einem allm\u00e4hlichen Abfall \u00fcber 8 kHz.<\/p>\n<h3 class=\"pt-5 text-start\">Abmessungen (UNIT: mm)<\/h3>\n<p><img loading=\"lazy\" decoding=\"async\" class=\"alignnone size-full wp-image-296\" src=\"https:\/\/ecmicrophones.com\/wp-content\/uploads\/2024\/03\/appearance-dimension_ecm-b6027ap2.8-30rc.png\" alt=\"Abmessungen von ECM-B6027AP2.8-30RC: \u03a66\u00d72,7mm\" width=\"532\" height=\"443\" srcset=\"https:\/\/ecmicrophones.com\/wp-content\/uploads\/2024\/03\/appearance-dimension_ecm-b6027ap2.8-30rc.png 532w, https:\/\/ecmicrophones.com\/wp-content\/uploads\/2024\/03\/appearance-dimension_ecm-b6027ap2.8-30rc-300x250.png 300w, https:\/\/ecmicrophones.com\/wp-content\/uploads\/2024\/03\/appearance-dimension_ecm-b6027ap2.8-30rc-14x12.png 14w\" sizes=\"auto, (max-width: 532px) 100vw, 532px\" \/><\/p>\n<p>Kompakte Kapsel mit den Ma\u00dfen \u03a66 \u00d7 2,7 mm, mit staubdichtem Frontgitter und einer versiegelten R\u00fcckseite ohne \u00d6ffnungen. Ausgestattet mit 2,8-mm-Stiften mit 1,9-mm-Abstand.<\/p>","protected":false},"excerpt":{"rendered":"<p>Das ECM-B6027AP2.8-30RC ist eine 6 x 2,7 mm gro\u00dfe omnidirektionale Elektretmikrofonkapsel mit 2 Pins, -30 dB\u00b12 Empfindlichkeit und 74 dB SNR, perfekt f\u00fcr intelligente Roboter und die Aufnahme von Outdoor-Ger\u00e4ten.<\/p>","protected":false},"featured_media":2568,"comment_status":"open","ping_status":"closed","template":"","meta":[],"product_brand":[721],"product_cat":[16,20],"product_tag":[283,229,291],"class_list":{"0":"post-166","1":"product","2":"type-product","3":"status-publish","4":"has-post-thumbnail","6":"product_brand-ecmic","7":"product_cat-electret-microphones","8":"product_cat-omnidirectional-microphones","9":"product_tag-6mm","10":"product_tag-equipment","11":"product_tag-pin-type","13":"first","14":"instock","15":"shipping-taxable","16":"purchasable","17":"product-type-simple"},"_links":{"self":[{"href":"https:\/\/ecmicrophones.com\/de\/wp-json\/wp\/v2\/product\/166","targetHints":{"allow":["GET"]}}],"collection":[{"href":"https:\/\/ecmicrophones.com\/de\/wp-json\/wp\/v2\/product"}],"about":[{"href":"https:\/\/ecmicrophones.com\/de\/wp-json\/wp\/v2\/types\/product"}],"replies":[{"embeddable":true,"href":"https:\/\/ecmicrophones.com\/de\/wp-json\/wp\/v2\/comments?post=166"}],"wp:featuredmedia":[{"embeddable":true,"href":"https:\/\/ecmicrophones.com\/de\/wp-json\/wp\/v2\/media\/2568"}],"wp:attachment":[{"href":"https:\/\/ecmicrophones.com\/de\/wp-json\/wp\/v2\/media?parent=166"}],"wp:term":[{"taxonomy":"product_brand","embeddable":true,"href":"https:\/\/ecmicrophones.com\/de\/wp-json\/wp\/v2\/product_brand?post=166"},{"taxonomy":"product_cat","embeddable":true,"href":"https:\/\/ecmicrophones.com\/de\/wp-json\/wp\/v2\/product_cat?post=166"},{"taxonomy":"product_tag","embeddable":true,"href":"https:\/\/ecmicrophones.com\/de\/wp-json\/wp\/v2\/product_tag?post=166"}],"curies":[{"name":"wp","href":"https:\/\/api.w.org\/{rel}","templated":true}]}}