{"id":1677,"date":"2024-07-24T14:52:52","date_gmt":"2024-07-24T06:52:52","guid":{"rendered":"https:\/\/ecmicrophones.com\/?post_type=product&#038;p=1677"},"modified":"2026-03-19T15:19:56","modified_gmt":"2026-03-19T07:19:56","slug":"4mm-electret-condenser-microphone-element-with-leads-for-omnidirectional-pickup","status":"publish","type":"product","link":"https:\/\/ecmicrophones.com\/de\/4mm-electret-condenser-microphone-element-with-leads-for-omnidirectional-pickup\/","title":{"rendered":"4-mm-Elektret-Kondensatormikrofonelement mit Leitungen f\u00fcr omnidirektionale Aufnahme"},"content":{"rendered":"<h2 class=\"text-start\">Technische Daten<\/h2>\n<p class=\"text-start\">Das ECM-B4015AL38RC-L25 ist eine 4mm-Kugelmikrofonkapsel, die mit 25mm vormontierten Kabeln geliefert wird und zus\u00e4tzliche Flexibilit\u00e4t und Bequemlichkeit f\u00fcr die Integration in eine Vielzahl von professionellen Audioger\u00e4ten bietet. Der speziell angefertigte, hochwertige Mikrofonkern mit Doppelkondensatortechnologie bietet eine hervorragende St\u00f6rsicherheit und sorgt f\u00fcr einen klaren, zuverl\u00e4ssigen Klang in lauten Umgebungen.<\/p>\n<p class=\"text-start\">Mit einem Frequenzbereich von 50Hz bis 16KHz nimmt die Kapsel Audiosignale mit au\u00dfergew\u00f6hnlicher Klarheit auf. Mit einer Empfindlichkeit von -38dB und einem Signal-Rausch-Verh\u00e4ltnis von 65dB ist sie eine ausgezeichnete Wahl f\u00fcr Audioanwendungen, die Pr\u00e4zision erfordern, wie z.B. Rundfunkger\u00e4te, Spracherkennung und hochwertige Aufnahmeger\u00e4te. Die verl\u00e4ngerten 25-mm-Kabel sind f\u00fcr Ger\u00e4te gedacht, bei denen eine zus\u00e4tzliche Kabell\u00e4nge erforderlich ist, und bieten eine gr\u00f6\u00dfere Flexibilit\u00e4t f\u00fcr verschiedene Setups.<\/p>\n<h3 class=\"pt-5 text-start\">Standardtestschaltung<\/h3>\n<p><img loading=\"lazy\" decoding=\"async\" class=\"alignnone size-full wp-image-2075\" src=\"https:\/\/ecmicrophones.com\/wp-content\/uploads\/2024\/07\/standard-test-circuit_ecm-b4015al38rc-l25.png\" alt=\"Standardtestschaltung\" width=\"561\" height=\"245\" srcset=\"https:\/\/ecmicrophones.com\/wp-content\/uploads\/2024\/07\/standard-test-circuit_ecm-b4015al38rc-l25.png 561w, https:\/\/ecmicrophones.com\/wp-content\/uploads\/2024\/07\/standard-test-circuit_ecm-b4015al38rc-l25-300x131.png 300w, https:\/\/ecmicrophones.com\/wp-content\/uploads\/2024\/07\/standard-test-circuit_ecm-b4015al38rc-l25-18x8.png 18w\" sizes=\"auto, (max-width: 561px) 100vw, 561px\" \/><\/p>\n<p>Testbedingungen: RL = 2,2k\u03a9, Vs = 3V, C = 1\u03bcF<\/p>\n<h3 class=\"pt-5 text-start\">Typischer Frequenzgang<\/h3>\n<p><img loading=\"lazy\" decoding=\"async\" class=\"alignnone size-full wp-image-2076\" src=\"https:\/\/ecmicrophones.com\/wp-content\/uploads\/2024\/07\/typical-frequency-response_ecm-b4015al38rc-l25.png\" alt=\"Typischer Frequenzgang\" width=\"397\" height=\"284\" srcset=\"https:\/\/ecmicrophones.com\/wp-content\/uploads\/2024\/07\/typical-frequency-response_ecm-b4015al38rc-l25.png 397w, https:\/\/ecmicrophones.com\/wp-content\/uploads\/2024\/07\/typical-frequency-response_ecm-b4015al38rc-l25-300x215.png 300w, https:\/\/ecmicrophones.com\/wp-content\/uploads\/2024\/07\/typical-frequency-response_ecm-b4015al38rc-l25-18x12.png 18w\" sizes=\"auto, (max-width: 397px) 100vw, 397px\" \/><\/p>\n<p>Der Frequenzgang ist von 50Hz bis 1kHz flach und f\u00e4llt dann allm\u00e4hlich ab. Der Frequenzgang f\u00e4llt ab 2kHz st\u00e4rker ab.<\/p>\n<h3 class=\"pt-5 text-start\">Abmessungen (UNIT: mm)<\/h3>\n<p><img loading=\"lazy\" decoding=\"async\" class=\"alignnone size-full wp-image-2077\" src=\"https:\/\/ecmicrophones.com\/wp-content\/uploads\/2024\/07\/appearance-dimension_ecm-b4015al38rc-l25.png\" alt=\"Aussehen Dimension\" width=\"491\" height=\"465\" srcset=\"https:\/\/ecmicrophones.com\/wp-content\/uploads\/2024\/07\/appearance-dimension_ecm-b4015al38rc-l25.png 491w, https:\/\/ecmicrophones.com\/wp-content\/uploads\/2024\/07\/appearance-dimension_ecm-b4015al38rc-l25-300x284.png 300w, https:\/\/ecmicrophones.com\/wp-content\/uploads\/2024\/07\/appearance-dimension_ecm-b4015al38rc-l25-13x12.png 13w\" sizes=\"auto, (max-width: 491px) 100vw, 491px\" \/><\/p>\n<p>Die Kapsel misst 4 mm im Durchmesser und 1,5 mm in der H\u00f6he. Sie verf\u00fcgt \u00fcber ein staubdichtes Netz auf der Vorderseite und hat keine akustische \u00d6ffnung auf der R\u00fcckseite. Diese Version hat einen 25 mm langen parallelen L\u00f6tdraht.<\/p>","protected":false},"excerpt":{"rendered":"<p>Leistungsstarke Mikrofonkapsel mit Kugelcharakteristik und vormontierten 25-mm-Kabeln f\u00fcr professionelle Anwendungen, die eine zuverl\u00e4ssige und hochwertige Audioaufnahme erfordern. Pr\u00fcfen Sie unser <a href=\"https:\/\/ecmicrophones.com\/de\/4mm-omnidirectional-miniature-electret-microphone-capsule\/\">bleifrei<\/a> oder <a href=\"https:\/\/ecmicrophones.com\/de\/4mm-electret-lavalier-microphone-capsule-for-clear-sound\/\">10mm Blei<\/a> Versionen f\u00fcr alternative Optionen.<\/p>","protected":false},"featured_media":2714,"comment_status":"open","ping_status":"closed","template":"","meta":[],"product_brand":[721],"product_cat":[20,16],"product_tag":[284,229,290],"class_list":{"0":"post-1677","1":"product","2":"type-product","3":"status-publish","4":"has-post-thumbnail","6":"product_brand-ecmic","7":"product_cat-omnidirectional-microphones","8":"product_cat-electret-microphones","9":"product_tag-4mm","10":"product_tag-equipment","11":"product_tag-wire-leads","13":"first","14":"instock","15":"shipping-taxable","16":"purchasable","17":"product-type-simple"},"_links":{"self":[{"href":"https:\/\/ecmicrophones.com\/de\/wp-json\/wp\/v2\/product\/1677","targetHints":{"allow":["GET"]}}],"collection":[{"href":"https:\/\/ecmicrophones.com\/de\/wp-json\/wp\/v2\/product"}],"about":[{"href":"https:\/\/ecmicrophones.com\/de\/wp-json\/wp\/v2\/types\/product"}],"replies":[{"embeddable":true,"href":"https:\/\/ecmicrophones.com\/de\/wp-json\/wp\/v2\/comments?post=1677"}],"wp:featuredmedia":[{"embeddable":true,"href":"https:\/\/ecmicrophones.com\/de\/wp-json\/wp\/v2\/media\/2714"}],"wp:attachment":[{"href":"https:\/\/ecmicrophones.com\/de\/wp-json\/wp\/v2\/media?parent=1677"}],"wp:term":[{"taxonomy":"product_brand","embeddable":true,"href":"https:\/\/ecmicrophones.com\/de\/wp-json\/wp\/v2\/product_brand?post=1677"},{"taxonomy":"product_cat","embeddable":true,"href":"https:\/\/ecmicrophones.com\/de\/wp-json\/wp\/v2\/product_cat?post=1677"},{"taxonomy":"product_tag","embeddable":true,"href":"https:\/\/ecmicrophones.com\/de\/wp-json\/wp\/v2\/product_tag?post=1677"}],"curies":[{"name":"wp","href":"https:\/\/api.w.org\/{rel}","templated":true}]}}