{"id":1684,"date":"2024-07-24T17:40:03","date_gmt":"2024-07-24T09:40:03","guid":{"rendered":"https:\/\/ecmicrophones.com\/?post_type=product&#038;p=1684"},"modified":"2026-03-19T15:19:31","modified_gmt":"2026-03-19T07:19:31","slug":"6mm-small-diaphragm-microphone-capsule-for-instrument-recording","status":"publish","type":"product","link":"https:\/\/ecmicrophones.com\/de\/6mm-small-diaphragm-microphone-capsule-for-instrument-recording\/","title":{"rendered":"6-mm-Mikrofonkapsel mit kleiner Membran f\u00fcr Instrumentenaufnahmen"},"content":{"rendered":"<h2 class=\"text-start\">Technische Daten<\/h2>\n<p class=\"text-start\">Unser omnidirektionaler Mikrofonkopf 6027 bietet einen gleichm\u00e4\u00dfigen Frequenzgang mit hoher Empfindlichkeit, ein hohes Signal-Rausch-Verh\u00e4ltnis und hervorragende Wiedergabetreue.<\/p>\n<h3 class=\"pt-5 text-start\">Standardtestschaltung<\/h3>\n<p> <img loading=\"lazy\" decoding=\"async\" class=\"alignnone size-full wp-image-1695\" src=\"https:\/\/ecmicrophones.com\/wp-content\/uploads\/2024\/07\/standard-test-circuit_ecm-b6027al30-331.png\" alt=\"Standardtestschaltung\" width=\"625\" height=\"278\" srcset=\"https:\/\/ecmicrophones.com\/wp-content\/uploads\/2024\/07\/standard-test-circuit_ecm-b6027al30-331.png 625w, https:\/\/ecmicrophones.com\/wp-content\/uploads\/2024\/07\/standard-test-circuit_ecm-b6027al30-331-300x133.png 300w, https:\/\/ecmicrophones.com\/wp-content\/uploads\/2024\/07\/standard-test-circuit_ecm-b6027al30-331-18x8.png 18w, https:\/\/ecmicrophones.com\/wp-content\/uploads\/2024\/07\/standard-test-circuit_ecm-b6027al30-331-600x267.png 600w\" sizes=\"auto, (max-width: 625px) 100vw, 625px\" \/> <\/p>\n<p>Testbedingungen: RL = 2,2k\u03a9, Vs = 2V, C = 1\u03bcF<\/p>\n<h3 class=\"pt-5 text-start\">Typischer Frequenzgang<\/h3>\n<p> <img loading=\"lazy\" decoding=\"async\" class=\"alignnone size-full wp-image-1696\" src=\"https:\/\/ecmicrophones.com\/wp-content\/uploads\/2024\/07\/typical-frequency-response_ecm-b6027al30-331.png\" alt=\"Typischer Frequenzgang\" width=\"629\" height=\"448\" srcset=\"https:\/\/ecmicrophones.com\/wp-content\/uploads\/2024\/07\/typical-frequency-response_ecm-b6027al30-331.png 629w, https:\/\/ecmicrophones.com\/wp-content\/uploads\/2024\/07\/typical-frequency-response_ecm-b6027al30-331-300x214.png 300w, https:\/\/ecmicrophones.com\/wp-content\/uploads\/2024\/07\/typical-frequency-response_ecm-b6027al30-331-18x12.png 18w, https:\/\/ecmicrophones.com\/wp-content\/uploads\/2024\/07\/typical-frequency-response_ecm-b6027al30-331-600x427.png 600w\" sizes=\"auto, (max-width: 629px) 100vw, 629px\" \/> <\/p>\n<p>Der Frequenzgang reicht von 50Hz bis 20kHz. Die Kurve bleibt in den tiefen und mittleren Frequenzen flach und steigt dann im Hochtonbereich an, bevor sie allm\u00e4hlich abf\u00e4llt.<\/p>\n<h3 class=\"pt-5 text-start\">Abmessungen (UNIT: mm)<\/h3>\n<p> <img loading=\"lazy\" decoding=\"async\" class=\"alignnone size-full wp-image-1694\" src=\"https:\/\/ecmicrophones.com\/wp-content\/uploads\/2024\/07\/appearance-dimension_ecm-b6027al30-331.png\" alt=\"Aussehen Dimension\" width=\"396\" height=\"488\" srcset=\"https:\/\/ecmicrophones.com\/wp-content\/uploads\/2024\/07\/appearance-dimension_ecm-b6027al30-331.png 396w, https:\/\/ecmicrophones.com\/wp-content\/uploads\/2024\/07\/appearance-dimension_ecm-b6027al30-331-243x300.png 243w, https:\/\/ecmicrophones.com\/wp-content\/uploads\/2024\/07\/appearance-dimension_ecm-b6027al30-331-10x12.png 10w\" sizes=\"auto, (max-width: 396px) 100vw, 396px\" \/> <\/p>\n<p>Die Kapsel misst 6 mm im Durchmesser und 2,7 mm in der H\u00f6he. Die Vorderseite ist mit einem staubdichten Netz versehen, w\u00e4hrend die R\u00fcckseite vollst\u00e4ndig versiegelt ist und keine akustische \u00d6ffnung aufweist.<\/p>","protected":false},"excerpt":{"rendered":"<p>Das ECM-B6027AL30-331 ist eine 6 \u00d7 2,7 mm gro\u00dfe omnidirektionale Mikrofonkapsel, die sich ideal f\u00fcr Instrumentenaufnahmen eignet. Es verf\u00fcgt \u00fcber eine Empfindlichkeit von -30 dB\u00b12 und einen Signal-Rausch-Abstand von 70 dB, was f\u00fcr hervorragende Klangklarheit und -konsistenz sorgt. Dieses Mikrofon nimmt T\u00f6ne aus allen Richtungen auf und eignet sich daher f\u00fcr hochwertige Aufnahmen verschiedener Musikinstrumente.<\/p>","protected":false},"featured_media":2721,"comment_status":"open","ping_status":"closed","template":"","meta":[],"product_brand":[721],"product_cat":[16,20],"product_tag":[283,111,288],"class_list":{"0":"post-1684","1":"product","2":"type-product","3":"status-publish","4":"has-post-thumbnail","6":"product_brand-ecmic","7":"product_cat-electret-microphones","8":"product_cat-omnidirectional-microphones","9":"product_tag-6mm","10":"product_tag-instrument","11":"product_tag-solder-pads","13":"first","14":"instock","15":"shipping-taxable","16":"purchasable","17":"product-type-simple"},"_links":{"self":[{"href":"https:\/\/ecmicrophones.com\/de\/wp-json\/wp\/v2\/product\/1684","targetHints":{"allow":["GET"]}}],"collection":[{"href":"https:\/\/ecmicrophones.com\/de\/wp-json\/wp\/v2\/product"}],"about":[{"href":"https:\/\/ecmicrophones.com\/de\/wp-json\/wp\/v2\/types\/product"}],"replies":[{"embeddable":true,"href":"https:\/\/ecmicrophones.com\/de\/wp-json\/wp\/v2\/comments?post=1684"}],"wp:featuredmedia":[{"embeddable":true,"href":"https:\/\/ecmicrophones.com\/de\/wp-json\/wp\/v2\/media\/2721"}],"wp:attachment":[{"href":"https:\/\/ecmicrophones.com\/de\/wp-json\/wp\/v2\/media?parent=1684"}],"wp:term":[{"taxonomy":"product_brand","embeddable":true,"href":"https:\/\/ecmicrophones.com\/de\/wp-json\/wp\/v2\/product_brand?post=1684"},{"taxonomy":"product_cat","embeddable":true,"href":"https:\/\/ecmicrophones.com\/de\/wp-json\/wp\/v2\/product_cat?post=1684"},{"taxonomy":"product_tag","embeddable":true,"href":"https:\/\/ecmicrophones.com\/de\/wp-json\/wp\/v2\/product_tag?post=1684"}],"curies":[{"name":"wp","href":"https:\/\/api.w.org\/{rel}","templated":true}]}}