{"id":1687,"date":"2024-07-24T18:07:30","date_gmt":"2024-07-24T10:07:30","guid":{"rendered":"https:\/\/ecmicrophones.com\/?post_type=product&#038;p=1687"},"modified":"2026-03-19T15:18:55","modified_gmt":"2026-03-19T07:18:55","slug":"6mm-bidirectional-microphone-element-for-headset-mics","status":"publish","type":"product","link":"https:\/\/ecmicrophones.com\/de\/6mm-bidirectional-microphone-element-for-headset-mics\/","title":{"rendered":"6 mm bidirektionales Mikrofonelement f\u00fcr Headset-Mikrofone"},"content":{"rendered":"<h2 class=\"text-start\">Technische Daten<\/h2>\n<p class=\"text-start\">Unser Mikrofonkopf 6027 zeichnet sich durch geringe Hintergrundger\u00e4usche und eine effektive St\u00f6rfestigkeit aus.<\/p>\n<h3 class=\"pt-5 text-start\">Standardtestschaltung<\/h3>\n<p><img loading=\"lazy\" decoding=\"async\" class=\"alignnone size-full wp-image-1689\" src=\"https:\/\/ecmicrophones.com\/wp-content\/uploads\/2024\/07\/standard-test-circuit_ecm-b6027nl50-y504-223.png\" alt=\"Standardtestschaltung\" width=\"618\" height=\"279\" srcset=\"https:\/\/ecmicrophones.com\/wp-content\/uploads\/2024\/07\/standard-test-circuit_ecm-b6027nl50-y504-223.png 618w, https:\/\/ecmicrophones.com\/wp-content\/uploads\/2024\/07\/standard-test-circuit_ecm-b6027nl50-y504-223-300x135.png 300w, https:\/\/ecmicrophones.com\/wp-content\/uploads\/2024\/07\/standard-test-circuit_ecm-b6027nl50-y504-223-18x8.png 18w, https:\/\/ecmicrophones.com\/wp-content\/uploads\/2024\/07\/standard-test-circuit_ecm-b6027nl50-y504-223-600x271.png 600w\" sizes=\"auto, (max-width: 618px) 100vw, 618px\" \/><\/p>\n<p>Testbedingungen: RL = 2,2k\u03a9, Vs = 2V, C = 1\u03bcF<\/p>\n<h3 class=\"pt-5 text-start\">Typischer Frequenzgang<\/h3>\n<p><img loading=\"lazy\" decoding=\"async\" class=\"alignnone size-full wp-image-1690\" src=\"https:\/\/ecmicrophones.com\/wp-content\/uploads\/2024\/07\/typical-frequency-response_ecm-b6027nl50-y504-223.png\" alt=\"Typischer Frequenzgang\" width=\"616\" height=\"328\" srcset=\"https:\/\/ecmicrophones.com\/wp-content\/uploads\/2024\/07\/typical-frequency-response_ecm-b6027nl50-y504-223.png 616w, https:\/\/ecmicrophones.com\/wp-content\/uploads\/2024\/07\/typical-frequency-response_ecm-b6027nl50-y504-223-300x160.png 300w, https:\/\/ecmicrophones.com\/wp-content\/uploads\/2024\/07\/typical-frequency-response_ecm-b6027nl50-y504-223-18x10.png 18w, https:\/\/ecmicrophones.com\/wp-content\/uploads\/2024\/07\/typical-frequency-response_ecm-b6027nl50-y504-223-600x319.png 600w\" sizes=\"auto, (max-width: 616px) 100vw, 616px\" \/><\/p>\n<p>Der Frequenzgang reicht von 100Hz bis 12kHz. Er bleibt von 100 Hz bis etwa 1,5 kHz flach, steigt dann allm\u00e4hlich an und erreicht bei 8 kHz einen Spitzenwert, bevor er bei h\u00f6heren Frequenzen abf\u00e4llt.<\/p>\n<h3 class=\"pt-5 text-start\">Abmessungen (UNIT: mm)<\/h3>\n<p><img loading=\"lazy\" decoding=\"async\" class=\"alignnone size-full wp-image-1688\" src=\"https:\/\/ecmicrophones.com\/wp-content\/uploads\/2024\/07\/appearance-dimension_ecm-b6027nl50-y504-223.png\" alt=\"Aussehen Dimension\" width=\"588\" height=\"452\" srcset=\"https:\/\/ecmicrophones.com\/wp-content\/uploads\/2024\/07\/appearance-dimension_ecm-b6027nl50-y504-223.png 588w, https:\/\/ecmicrophones.com\/wp-content\/uploads\/2024\/07\/appearance-dimension_ecm-b6027nl50-y504-223-300x231.png 300w, https:\/\/ecmicrophones.com\/wp-content\/uploads\/2024\/07\/appearance-dimension_ecm-b6027nl50-y504-223-16x12.png 16w\" sizes=\"auto, (max-width: 588px) 100vw, 588px\" \/><\/p>\n<p>Die Kapsel misst 6 mm im Durchmesser und 2,7 mm in der H\u00f6he. Die Vorderseite ist mit einem staubdichten Netz versehen, w\u00e4hrend die R\u00fcckseite eine akustische \u00d6ffnung f\u00fcr den Toneingang enth\u00e4lt.<\/p>","protected":false},"excerpt":{"rendered":"<p>Die ECM-B6027NL50-Y504-223 ist eine 6 \u00d7 2,7 mm gro\u00dfe bidirektionale Mikrofonkapsel, die f\u00fcr den Einsatz in Headset-Mikrofonen entwickelt wurde. Sie verf\u00fcgt \u00fcber eine Empfindlichkeit von -50 dB\u00b12 und einen Signal-Rausch-Abstand von 55 dB, was eine zuverl\u00e4ssige Audioleistung gew\u00e4hrleistet. Diese Kapsel ist ideal f\u00fcr die Aufnahme fokussierten Tons in Intercom-Anwendungen.<\/p>","protected":false},"featured_media":2726,"comment_status":"open","ping_status":"closed","template":"","meta":[],"product_brand":[721],"product_cat":[16,22],"product_tag":[283,109,288],"class_list":{"0":"post-1687","1":"product","2":"type-product","3":"status-publish","4":"has-post-thumbnail","6":"product_brand-ecmic","7":"product_cat-electret-microphones","8":"product_cat-bidirectional-microphones","9":"product_tag-6mm","10":"product_tag-intercom","11":"product_tag-solder-pads","13":"first","14":"instock","15":"shipping-taxable","16":"purchasable","17":"product-type-simple"},"_links":{"self":[{"href":"https:\/\/ecmicrophones.com\/de\/wp-json\/wp\/v2\/product\/1687","targetHints":{"allow":["GET"]}}],"collection":[{"href":"https:\/\/ecmicrophones.com\/de\/wp-json\/wp\/v2\/product"}],"about":[{"href":"https:\/\/ecmicrophones.com\/de\/wp-json\/wp\/v2\/types\/product"}],"replies":[{"embeddable":true,"href":"https:\/\/ecmicrophones.com\/de\/wp-json\/wp\/v2\/comments?post=1687"}],"wp:featuredmedia":[{"embeddable":true,"href":"https:\/\/ecmicrophones.com\/de\/wp-json\/wp\/v2\/media\/2726"}],"wp:attachment":[{"href":"https:\/\/ecmicrophones.com\/de\/wp-json\/wp\/v2\/media?parent=1687"}],"wp:term":[{"taxonomy":"product_brand","embeddable":true,"href":"https:\/\/ecmicrophones.com\/de\/wp-json\/wp\/v2\/product_brand?post=1687"},{"taxonomy":"product_cat","embeddable":true,"href":"https:\/\/ecmicrophones.com\/de\/wp-json\/wp\/v2\/product_cat?post=1687"},{"taxonomy":"product_tag","embeddable":true,"href":"https:\/\/ecmicrophones.com\/de\/wp-json\/wp\/v2\/product_tag?post=1687"}],"curies":[{"name":"wp","href":"https:\/\/api.w.org\/{rel}","templated":true}]}}