{"id":1709,"date":"2024-07-25T11:18:40","date_gmt":"2024-07-25T03:18:40","guid":{"rendered":"https:\/\/ecmicrophones.com\/?post_type=product&#038;p=1709"},"modified":"2026-03-19T15:18:45","modified_gmt":"2026-03-19T07:18:45","slug":"6mm-omnidirectional-microphone-element-for-document-cameras","status":"publish","type":"product","link":"https:\/\/ecmicrophones.com\/de\/6mm-omnidirectional-microphone-element-for-document-cameras\/","title":{"rendered":"6 mm omnidirektionales Mikrofonelement f\u00fcr Dokumentenkameras"},"content":{"rendered":"<h2 class=\"text-start\">Technische Daten<\/h2>\n<p class=\"text-start\">Unser Mikrofonkopf 6027 ist ein omnidirektionales Elektretmikrofon mit Stiftanschluss, das mit zwei Kondensatoren f\u00fcr hohe St\u00f6rfestigkeit und Rauschunterdr\u00fcckung ausgestattet ist. Es besteht aus umweltfreundlichen, ROHS-zertifizierten Materialien und gew\u00e4hrleistet so sowohl Leistung als auch Umweltvertr\u00e4glichkeit.<\/p>\n<h3 class=\"pt-5 text-start\">Standardtestschaltung<\/h3>\n<p><img loading=\"lazy\" decoding=\"async\" src=\"https:\/\/ecmicrophones.com\/wp-content\/uploads\/2024\/07\/standard-test-circuit_ecm-f6027ap-40.png\" alt=\"Standardtestschaltung\" width=\"539\" height=\"234\" class=\"alignnone size-full wp-image-1711\" srcset=\"https:\/\/ecmicrophones.com\/wp-content\/uploads\/2024\/07\/standard-test-circuit_ecm-f6027ap-40.png 539w, https:\/\/ecmicrophones.com\/wp-content\/uploads\/2024\/07\/standard-test-circuit_ecm-f6027ap-40-300x130.png 300w, https:\/\/ecmicrophones.com\/wp-content\/uploads\/2024\/07\/standard-test-circuit_ecm-f6027ap-40-18x8.png 18w\" sizes=\"auto, (max-width: 539px) 100vw, 539px\" \/> <\/p>\n<p>Getestet unter Standardbedingungen mit RL=2,2K\u03a9, VS=3V und C=1\u03bcF f\u00fcr eine einheitliche Leistungsbewertung.<\/p>\n<h3 class=\"pt-5 text-start\">Typischer Frequenzgang<\/h3>\n<p><img loading=\"lazy\" decoding=\"async\" src=\"https:\/\/ecmicrophones.com\/wp-content\/uploads\/2024\/07\/typical-frequency-response_ecm-f6027ap-40.png\" alt=\"Typischer Frequenzgang\" width=\"628\" height=\"214\" class=\"alignnone size-full wp-image-1712\" srcset=\"https:\/\/ecmicrophones.com\/wp-content\/uploads\/2024\/07\/typical-frequency-response_ecm-f6027ap-40.png 628w, https:\/\/ecmicrophones.com\/wp-content\/uploads\/2024\/07\/typical-frequency-response_ecm-f6027ap-40-300x102.png 300w, https:\/\/ecmicrophones.com\/wp-content\/uploads\/2024\/07\/typical-frequency-response_ecm-f6027ap-40-18x6.png 18w, https:\/\/ecmicrophones.com\/wp-content\/uploads\/2024\/07\/typical-frequency-response_ecm-f6027ap-40-600x204.png 600w\" sizes=\"auto, (max-width: 628px) 100vw, 628px\" \/> <\/p>\n<p>Flach von 50Hz bis 3kHz, allm\u00e4hlich ansteigend bis zu einer Spitze um 8kHz, ein gleichm\u00e4\u00dfiges Plateau bis 10kHz beibehaltend, bevor ein sanftes Abfallen gegen 16kHz.<\/p>\n<h3 class=\"pt-5 text-start\">Abmessungen (UNIT: mm)<\/h3>\n<p><img loading=\"lazy\" decoding=\"async\" src=\"https:\/\/ecmicrophones.com\/wp-content\/uploads\/2024\/07\/appearance-dimension_ecm-f6027ap-40.png\" alt=\"Aussehen Dimension\" width=\"638\" height=\"549\" class=\"alignnone size-full wp-image-1710\" srcset=\"https:\/\/ecmicrophones.com\/wp-content\/uploads\/2024\/07\/appearance-dimension_ecm-f6027ap-40.png 638w, https:\/\/ecmicrophones.com\/wp-content\/uploads\/2024\/07\/appearance-dimension_ecm-f6027ap-40-300x258.png 300w, https:\/\/ecmicrophones.com\/wp-content\/uploads\/2024\/07\/appearance-dimension_ecm-f6027ap-40-14x12.png 14w, https:\/\/ecmicrophones.com\/wp-content\/uploads\/2024\/07\/appearance-dimension_ecm-f6027ap-40-600x516.png 600w\" sizes=\"auto, (max-width: 638px) 100vw, 638px\" \/> <\/p>\n<p>Die Kapsel hat einen Durchmesser von 6 mm und eine H\u00f6he von 2,7 mm. Sie verf\u00fcgt \u00fcber ein Staubschutzgitter auf der Vorderseite und eine solide R\u00fcckseite ohne akustische \u00d6ffnungen. Die Kapsel hat 2,8-mm-Stifte mit 1,9-mm-Abstand.<\/p>","protected":false},"excerpt":{"rendered":"<p>Das ECM-F6027AP-40 ist eine 6 \u00d7 2,7 mm gro\u00dfe omnidirektionale Mikrofonkapsel, die sich f\u00fcr eine Reihe von Anwendungen eignet, darunter Bluetooth-Headsets, Bluetooth-Systeme im Auto, hochaufl\u00f6sende Kameras, Bluetooth-Lautsprecher, Smartwatches und Gegensprechanlagen. Mit einer Empfindlichkeit von -40 dB\u00b12 und einem Signal-Rausch-Verh\u00e4ltnis von 60 dB liefert dieses Mikrofon klaren und konsistenten Ton \u00fcber verschiedene Ger\u00e4te hinweg.<\/p>","protected":false},"featured_media":2773,"comment_status":"open","ping_status":"closed","template":"","meta":[],"product_brand":[721],"product_cat":[16,20],"product_tag":[283,229,291],"class_list":{"0":"post-1709","1":"product","2":"type-product","3":"status-publish","4":"has-post-thumbnail","6":"product_brand-ecmic","7":"product_cat-electret-microphones","8":"product_cat-omnidirectional-microphones","9":"product_tag-6mm","10":"product_tag-equipment","11":"product_tag-pin-type","13":"first","14":"instock","15":"shipping-taxable","16":"purchasable","17":"product-type-simple"},"_links":{"self":[{"href":"https:\/\/ecmicrophones.com\/de\/wp-json\/wp\/v2\/product\/1709","targetHints":{"allow":["GET"]}}],"collection":[{"href":"https:\/\/ecmicrophones.com\/de\/wp-json\/wp\/v2\/product"}],"about":[{"href":"https:\/\/ecmicrophones.com\/de\/wp-json\/wp\/v2\/types\/product"}],"replies":[{"embeddable":true,"href":"https:\/\/ecmicrophones.com\/de\/wp-json\/wp\/v2\/comments?post=1709"}],"wp:featuredmedia":[{"embeddable":true,"href":"https:\/\/ecmicrophones.com\/de\/wp-json\/wp\/v2\/media\/2773"}],"wp:attachment":[{"href":"https:\/\/ecmicrophones.com\/de\/wp-json\/wp\/v2\/media?parent=1709"}],"wp:term":[{"taxonomy":"product_brand","embeddable":true,"href":"https:\/\/ecmicrophones.com\/de\/wp-json\/wp\/v2\/product_brand?post=1709"},{"taxonomy":"product_cat","embeddable":true,"href":"https:\/\/ecmicrophones.com\/de\/wp-json\/wp\/v2\/product_cat?post=1709"},{"taxonomy":"product_tag","embeddable":true,"href":"https:\/\/ecmicrophones.com\/de\/wp-json\/wp\/v2\/product_tag?post=1709"}],"curies":[{"name":"wp","href":"https:\/\/api.w.org\/{rel}","templated":true}]}}