{"id":1722,"date":"2024-07-25T17:53:47","date_gmt":"2024-07-25T09:53:47","guid":{"rendered":"https:\/\/ecmicrophones.com\/?post_type=product&#038;p=1722"},"modified":"2026-03-19T15:18:04","modified_gmt":"2026-03-19T07:18:04","slug":"6mm-omnidirectional-electret-microphone-capsule-for-lavalier-microphone","status":"publish","type":"product","link":"https:\/\/ecmicrophones.com\/de\/6mm-omnidirectional-electret-microphone-capsule-for-lavalier-microphone\/","title":{"rendered":"6 mm omnidirektionale Elektretmikrofonkapsel f\u00fcr Lavaliermikrofon"},"content":{"rendered":"<h2 class=\"text-start\">Technische Daten<\/h2>\n<p class=\"text-start\">Unsere omnidirektionale Elektretmikrofonkapsel 6027 wird aus umweltfreundlichen Materialien hergestellt und ist ROHS-zertifiziert. Sie verf\u00fcgt \u00fcber zwei Kondensatoren f\u00fcr hervorragende St\u00f6rfestigkeit und hohe Leistung.<\/p>\n<h3 class=\"pt-5 text-start\">Standardtestschaltung<\/h3>\n<p><img loading=\"lazy\" decoding=\"async\" class=\"alignnone size-full wp-image-1728\" src=\"https:\/\/ecmicrophones.com\/wp-content\/uploads\/2024\/07\/standard-test-circuit_ecm-f6027al38-l30.png\" alt=\"Standardtestschaltung\" width=\"528\" height=\"196\" srcset=\"https:\/\/ecmicrophones.com\/wp-content\/uploads\/2024\/07\/standard-test-circuit_ecm-f6027al38-l30.png 528w, https:\/\/ecmicrophones.com\/wp-content\/uploads\/2024\/07\/standard-test-circuit_ecm-f6027al38-l30-300x111.png 300w, https:\/\/ecmicrophones.com\/wp-content\/uploads\/2024\/07\/standard-test-circuit_ecm-f6027al38-l30-18x7.png 18w\" sizes=\"auto, (max-width: 528px) 100vw, 528px\" \/><\/p>\n<p>Testbedingungen: Lastwiderstand (RL) = 2,2k\u03a9, Versorgungsspannung (VS) = 3V, Koppelkondensator (C) = 1\u03bcF.<\/p>\n<h3 class=\"pt-5 text-start\">Typischer Frequenzgang<\/h3>\n<p><img loading=\"lazy\" decoding=\"async\" class=\"alignnone size-full wp-image-1729\" src=\"https:\/\/ecmicrophones.com\/wp-content\/uploads\/2024\/07\/typical-frequency-response_ecm-f6027al38-l30.png\" alt=\"Typischer Frequenzgang\" width=\"646\" height=\"206\" srcset=\"https:\/\/ecmicrophones.com\/wp-content\/uploads\/2024\/07\/typical-frequency-response_ecm-f6027al38-l30.png 646w, https:\/\/ecmicrophones.com\/wp-content\/uploads\/2024\/07\/typical-frequency-response_ecm-f6027al38-l30-300x96.png 300w, https:\/\/ecmicrophones.com\/wp-content\/uploads\/2024\/07\/typical-frequency-response_ecm-f6027al38-l30-18x6.png 18w, https:\/\/ecmicrophones.com\/wp-content\/uploads\/2024\/07\/typical-frequency-response_ecm-f6027al38-l30-600x191.png 600w\" sizes=\"auto, (max-width: 646px) 100vw, 646px\" \/><\/p>\n<p>Der Frequenzgang reicht von 100Hz bis 5kHz. Dieses Modell wird nicht mehr hergestellt, daher werden keine spezifischen Frequenzparameter mehr angegeben.<\/p>\n<h3 class=\"pt-5 text-start\">Abmessungen (UNIT: mm)<\/h3>\n<p><img loading=\"lazy\" decoding=\"async\" class=\"alignnone wp-image-1727 size-large\" src=\"https:\/\/ecmicrophones.com\/wp-content\/uploads\/2024\/07\/appearance-dimension_ecm-f6027al38-l30-1024x349.png\" alt=\"Aussehen Dimension\" width=\"1024\" height=\"349\" srcset=\"https:\/\/ecmicrophones.com\/wp-content\/uploads\/2024\/07\/appearance-dimension_ecm-f6027al38-l30-1024x349.png 1024w, https:\/\/ecmicrophones.com\/wp-content\/uploads\/2024\/07\/appearance-dimension_ecm-f6027al38-l30-300x102.png 300w, https:\/\/ecmicrophones.com\/wp-content\/uploads\/2024\/07\/appearance-dimension_ecm-f6027al38-l30-768x261.png 768w, https:\/\/ecmicrophones.com\/wp-content\/uploads\/2024\/07\/appearance-dimension_ecm-f6027al38-l30-18x6.png 18w, https:\/\/ecmicrophones.com\/wp-content\/uploads\/2024\/07\/appearance-dimension_ecm-f6027al38-l30-600x204.png 600w, https:\/\/ecmicrophones.com\/wp-content\/uploads\/2024\/07\/appearance-dimension_ecm-f6027al38-l30.png 1272w\" sizes=\"auto, (max-width: 1024px) 100vw, 1024px\" \/><\/p>\n<p>Durchmesser: 6 mm; H\u00f6he: 2,7 mm. Die Vorderseite ist mit einem staubdichten Netz versehen, die R\u00fcckseite ist massiv und ohne \u00d6ffnungen.<\/p>","protected":false},"excerpt":{"rendered":"<p>Das ECM-F6027AL38-L30 ist eine 6 \u00d7 2,7 mm gro\u00dfe omnidirektionale Mikrofonkapsel, die f\u00fcr Lavaliermikrofone geeignet ist. Es verf\u00fcgt \u00fcber eine Empfindlichkeit von -38 dB\u00b13 und einen Signal-Rausch-Abstand von 60 dB und gew\u00e4hrleistet so eine klare und konsistente Audioaufnahme f\u00fcr den professionellen und privaten Gebrauch.<\/p>","protected":false},"featured_media":2764,"comment_status":"open","ping_status":"closed","template":"","meta":[],"product_brand":[721],"product_cat":[16,20],"product_tag":[283,235,288],"class_list":{"0":"post-1722","1":"product","2":"type-product","3":"status-publish","4":"has-post-thumbnail","6":"product_brand-ecmic","7":"product_cat-electret-microphones","8":"product_cat-omnidirectional-microphones","9":"product_tag-6mm","10":"product_tag-conference","11":"product_tag-solder-pads","13":"first","14":"instock","15":"shipping-taxable","16":"purchasable","17":"product-type-simple"},"_links":{"self":[{"href":"https:\/\/ecmicrophones.com\/de\/wp-json\/wp\/v2\/product\/1722","targetHints":{"allow":["GET"]}}],"collection":[{"href":"https:\/\/ecmicrophones.com\/de\/wp-json\/wp\/v2\/product"}],"about":[{"href":"https:\/\/ecmicrophones.com\/de\/wp-json\/wp\/v2\/types\/product"}],"replies":[{"embeddable":true,"href":"https:\/\/ecmicrophones.com\/de\/wp-json\/wp\/v2\/comments?post=1722"}],"wp:featuredmedia":[{"embeddable":true,"href":"https:\/\/ecmicrophones.com\/de\/wp-json\/wp\/v2\/media\/2764"}],"wp:attachment":[{"href":"https:\/\/ecmicrophones.com\/de\/wp-json\/wp\/v2\/media?parent=1722"}],"wp:term":[{"taxonomy":"product_brand","embeddable":true,"href":"https:\/\/ecmicrophones.com\/de\/wp-json\/wp\/v2\/product_brand?post=1722"},{"taxonomy":"product_cat","embeddable":true,"href":"https:\/\/ecmicrophones.com\/de\/wp-json\/wp\/v2\/product_cat?post=1722"},{"taxonomy":"product_tag","embeddable":true,"href":"https:\/\/ecmicrophones.com\/de\/wp-json\/wp\/v2\/product_tag?post=1722"}],"curies":[{"name":"wp","href":"https:\/\/api.w.org\/{rel}","templated":true}]}}