{"id":1724,"date":"2024-07-25T16:50:05","date_gmt":"2024-07-25T08:50:05","guid":{"rendered":"https:\/\/ecmicrophones.com\/?post_type=product&#038;p=1724"},"modified":"2026-03-19T15:18:34","modified_gmt":"2026-03-19T07:18:34","slug":"6mm-figure-8-microphone-component-for-headset-mics","status":"publish","type":"product","link":"https:\/\/ecmicrophones.com\/de\/6mm-figure-8-microphone-component-for-headset-mics\/","title":{"rendered":"6-mm-Mikrofonkomponente in Achterform f\u00fcr Headset-Mikrofone"},"content":{"rendered":"<h2 class=\"text-start\">Technische Daten<\/h2>\n<p class=\"text-start\">Unser bidirektionaler Mikrofonkopf 6027 bietet Rauschunterdr\u00fcckung und Interferenzabschirmung f\u00fcr eine klare Audioaufnahme.<\/p>\n<h3 class=\"pt-5 text-start\">Standardtestschaltung<\/h3>\n<p><img loading=\"lazy\" decoding=\"async\" class=\"alignnone size-full wp-image-1735\" src=\"https:\/\/ecmicrophones.com\/wp-content\/uploads\/2024\/07\/standard-test-circuit_ecm-f6027nl48-sd1033.png\" alt=\"Standardtestschaltung\" width=\"799\" height=\"421\" srcset=\"https:\/\/ecmicrophones.com\/wp-content\/uploads\/2024\/07\/standard-test-circuit_ecm-f6027nl48-sd1033.png 799w, https:\/\/ecmicrophones.com\/wp-content\/uploads\/2024\/07\/standard-test-circuit_ecm-f6027nl48-sd1033-300x158.png 300w, https:\/\/ecmicrophones.com\/wp-content\/uploads\/2024\/07\/standard-test-circuit_ecm-f6027nl48-sd1033-768x405.png 768w, https:\/\/ecmicrophones.com\/wp-content\/uploads\/2024\/07\/standard-test-circuit_ecm-f6027nl48-sd1033-18x9.png 18w, https:\/\/ecmicrophones.com\/wp-content\/uploads\/2024\/07\/standard-test-circuit_ecm-f6027nl48-sd1033-600x316.png 600w\" sizes=\"auto, (max-width: 799px) 100vw, 799px\" \/><\/p>\n<p>Pr\u00fcfbedingungen: Lastwiderstand (RL) = 2,2k\u03a9, Versorgungsspannung (VS) = 2V, Koppelkondensator (C) = 1\u03bcF.<\/p>\n<h3 class=\"pt-5 text-start\">Typischer Frequenzgang<\/h3>\n<p><img loading=\"lazy\" decoding=\"async\" class=\"alignnone size-full wp-image-1733\" src=\"https:\/\/ecmicrophones.com\/wp-content\/uploads\/2024\/07\/typical-frequency-response_ecm-f6027nl48-sd1033.png\" alt=\"Typischer Frequenzgang\" width=\"669\" height=\"280\" srcset=\"https:\/\/ecmicrophones.com\/wp-content\/uploads\/2024\/07\/typical-frequency-response_ecm-f6027nl48-sd1033.png 669w, https:\/\/ecmicrophones.com\/wp-content\/uploads\/2024\/07\/typical-frequency-response_ecm-f6027nl48-sd1033-300x126.png 300w, https:\/\/ecmicrophones.com\/wp-content\/uploads\/2024\/07\/typical-frequency-response_ecm-f6027nl48-sd1033-18x8.png 18w, https:\/\/ecmicrophones.com\/wp-content\/uploads\/2024\/07\/typical-frequency-response_ecm-f6027nl48-sd1033-600x251.png 600w\" sizes=\"auto, (max-width: 669px) 100vw, 669px\" \/><\/p>\n<p>Der Frequenzgang erstreckt sich von 100Hz bis 16kHz. Die Kurve zeigt einen anf\u00e4nglichen Einbruch im unteren Bereich, der ein Minimum bei 150 Hz erreicht, gefolgt von einem stetigen und deutlichen Anstieg, der bei 13 kHz seinen H\u00f6hepunkt erreicht, bevor er allm\u00e4hlich abf\u00e4llt. Dieser ansteigende Frequenzgang verbessert die Klarheit der Stimme und unterdr\u00fcckt gleichzeitig Umgebungsger\u00e4usche, so dass sich das Headset auch f\u00fcr Au\u00dfenanwendungen mit Ger\u00e4uschunterdr\u00fcckung eignet.<\/p>\n<h3 class=\"pt-5 text-start\">Abmessungen (UNIT: mm)<\/h3>\n<p><img loading=\"lazy\" decoding=\"async\" class=\"alignnone size-full wp-image-1734\" src=\"https:\/\/ecmicrophones.com\/wp-content\/uploads\/2024\/07\/appearance-dimension_ecm-f6027nl48-sd1033.png\" alt=\"Aussehen Dimension\" width=\"703\" height=\"205\" srcset=\"https:\/\/ecmicrophones.com\/wp-content\/uploads\/2024\/07\/appearance-dimension_ecm-f6027nl48-sd1033.png 703w, https:\/\/ecmicrophones.com\/wp-content\/uploads\/2024\/07\/appearance-dimension_ecm-f6027nl48-sd1033-300x87.png 300w, https:\/\/ecmicrophones.com\/wp-content\/uploads\/2024\/07\/appearance-dimension_ecm-f6027nl48-sd1033-18x5.png 18w, https:\/\/ecmicrophones.com\/wp-content\/uploads\/2024\/07\/appearance-dimension_ecm-f6027nl48-sd1033-600x175.png 600w\" sizes=\"auto, (max-width: 703px) 100vw, 703px\" \/><\/p>\n<p>Durchmesser: 6,0 mm; H\u00f6he: 2,7 mm. Die Vorderseite ist mit einem staubdichten Netz versehen, w\u00e4hrend sich auf der R\u00fcckseite eine Schall\u00f6ffnung befindet. Dieses Modell verwendet eine bidirektionale Tonabnehmerstruktur, die ideal f\u00fcr die Erfassung von Sprache ist und gleichzeitig Umgebungsger\u00e4usche aus anderen Richtungen unterdr\u00fcckt.<\/p>","protected":false},"excerpt":{"rendered":"<p>Das ECM-F6027NL48-SD1033 ist eine 6 \u00d7 2,7 mm gro\u00dfe bidirektionale Mikrofonkapsel f\u00fcr Headset-Mikrofone. Es verf\u00fcgt \u00fcber eine Empfindlichkeit von -48 dB\u00b13 und einen Signal-Rausch-Abstand von 60 dB und bietet klaren und konsistenten Ton f\u00fcr den professionellen Einsatz.<\/p>","protected":false},"featured_media":2769,"comment_status":"open","ping_status":"closed","template":"","meta":[],"product_brand":[721],"product_cat":[22,16],"product_tag":[283,235,288],"class_list":{"0":"post-1724","1":"product","2":"type-product","3":"status-publish","4":"has-post-thumbnail","6":"product_brand-ecmic","7":"product_cat-bidirectional-microphones","8":"product_cat-electret-microphones","9":"product_tag-6mm","10":"product_tag-conference","11":"product_tag-solder-pads","13":"first","14":"instock","15":"shipping-taxable","16":"purchasable","17":"product-type-simple"},"_links":{"self":[{"href":"https:\/\/ecmicrophones.com\/de\/wp-json\/wp\/v2\/product\/1724","targetHints":{"allow":["GET"]}}],"collection":[{"href":"https:\/\/ecmicrophones.com\/de\/wp-json\/wp\/v2\/product"}],"about":[{"href":"https:\/\/ecmicrophones.com\/de\/wp-json\/wp\/v2\/types\/product"}],"replies":[{"embeddable":true,"href":"https:\/\/ecmicrophones.com\/de\/wp-json\/wp\/v2\/comments?post=1724"}],"wp:featuredmedia":[{"embeddable":true,"href":"https:\/\/ecmicrophones.com\/de\/wp-json\/wp\/v2\/media\/2769"}],"wp:attachment":[{"href":"https:\/\/ecmicrophones.com\/de\/wp-json\/wp\/v2\/media?parent=1724"}],"wp:term":[{"taxonomy":"product_brand","embeddable":true,"href":"https:\/\/ecmicrophones.com\/de\/wp-json\/wp\/v2\/product_brand?post=1724"},{"taxonomy":"product_cat","embeddable":true,"href":"https:\/\/ecmicrophones.com\/de\/wp-json\/wp\/v2\/product_cat?post=1724"},{"taxonomy":"product_tag","embeddable":true,"href":"https:\/\/ecmicrophones.com\/de\/wp-json\/wp\/v2\/product_tag?post=1724"}],"curies":[{"name":"wp","href":"https:\/\/api.w.org\/{rel}","templated":true}]}}