{"id":1725,"date":"2024-07-25T17:57:32","date_gmt":"2024-07-25T09:57:32","guid":{"rendered":"https:\/\/ecmicrophones.com\/?post_type=product&#038;p=1725"},"modified":"2026-03-19T15:17:44","modified_gmt":"2026-03-19T07:17:44","slug":"6mm-omnidirectional-electret-microphone-head-for-lavalier-mic","status":"publish","type":"product","link":"https:\/\/ecmicrophones.com\/de\/6mm-omnidirectional-electret-microphone-head-for-lavalier-mic\/","title":{"rendered":"6 mm omnidirektionaler Elektretmikrofonkopf f\u00fcr Lavaliermikrofon"},"content":{"rendered":"<h2 class=\"text-start\">Technische Daten<\/h2>\n<p class=\"text-start\">Unsere omnidirektionale Elektretmikrofonkapsel 6050 verf\u00fcgt \u00fcber zwei Kondensatoren f\u00fcr eine starke St\u00f6rabschirmung. Sie besteht aus umweltfreundlichen Materialien und ist ROHS-zertifiziert, sodass eine zuverl\u00e4ssige Leistung gew\u00e4hrleistet ist.<\/p>\n<h3 class=\"pt-5 text-start\">Standardtestschaltung<\/h3>\n<p><img loading=\"lazy\" decoding=\"async\" class=\"alignnone size-full wp-image-1738\" src=\"https:\/\/ecmicrophones.com\/wp-content\/uploads\/2024\/07\/standard-test-circuit_ecm-f6050al41-sd210.png\" alt=\"Standardtestschaltung\" width=\"481\" height=\"211\" srcset=\"https:\/\/ecmicrophones.com\/wp-content\/uploads\/2024\/07\/standard-test-circuit_ecm-f6050al41-sd210.png 481w, https:\/\/ecmicrophones.com\/wp-content\/uploads\/2024\/07\/standard-test-circuit_ecm-f6050al41-sd210-300x132.png 300w, https:\/\/ecmicrophones.com\/wp-content\/uploads\/2024\/07\/standard-test-circuit_ecm-f6050al41-sd210-18x8.png 18w\" sizes=\"auto, (max-width: 481px) 100vw, 481px\" \/><\/p>\n<p>Der Testaufbau verwendet RL = 2,2K\u03a9, VS = 3V und C = 1\u03bcF f\u00fcr die Messung.<\/p>\n<h3 class=\"pt-5 text-start\">Typischer Frequenzgang<\/h3>\n<p><img loading=\"lazy\" decoding=\"async\" class=\"alignnone size-full wp-image-1736\" src=\"https:\/\/ecmicrophones.com\/wp-content\/uploads\/2024\/07\/typical-frequency-response_ecm-f6050al41-sd210.png\" alt=\"Typischer Frequenzgang\" width=\"552\" height=\"394\" srcset=\"https:\/\/ecmicrophones.com\/wp-content\/uploads\/2024\/07\/typical-frequency-response_ecm-f6050al41-sd210.png 552w, https:\/\/ecmicrophones.com\/wp-content\/uploads\/2024\/07\/typical-frequency-response_ecm-f6050al41-sd210-300x214.png 300w, https:\/\/ecmicrophones.com\/wp-content\/uploads\/2024\/07\/typical-frequency-response_ecm-f6050al41-sd210-18x12.png 18w\" sizes=\"auto, (max-width: 552px) 100vw, 552px\" \/><\/p>\n<p>Der Frequenzgang bleibt von 50Hz bis 3kHz konstant, steigt bis 10kHz stetig an und f\u00e4llt dann allm\u00e4hlich in Richtung 20kHz ab.<\/p>\n<h3 class=\"pt-5 text-start\">Abmessungen (UNIT: mm)<\/h3>\n<p><img loading=\"lazy\" decoding=\"async\" class=\"alignnone size-full wp-image-1737\" src=\"https:\/\/ecmicrophones.com\/wp-content\/uploads\/2024\/07\/appearance-dimension_ecm-f6050al41-sd210.png\" alt=\"Aussehen Dimension\" width=\"588\" height=\"344\" srcset=\"https:\/\/ecmicrophones.com\/wp-content\/uploads\/2024\/07\/appearance-dimension_ecm-f6050al41-sd210.png 588w, https:\/\/ecmicrophones.com\/wp-content\/uploads\/2024\/07\/appearance-dimension_ecm-f6050al41-sd210-300x176.png 300w, https:\/\/ecmicrophones.com\/wp-content\/uploads\/2024\/07\/appearance-dimension_ecm-f6050al41-sd210-18x12.png 18w\" sizes=\"auto, (max-width: 588px) 100vw, 588px\" \/><\/p>\n<p>Die Mikrofonkapsel hat einen Durchmesser von 6 mm und eine H\u00f6he von 5 mm, ein Staubschutzgitter auf der Vorderseite und eine abgedichtete R\u00fcckseite (keine akustische \u00d6ffnung).<\/p>","protected":false},"excerpt":{"rendered":"<p>Die ECM-F6050AL41-SD210 ist eine 6 \u00d7 5 mm gro\u00dfe omnidirektionale Mikrofonkapsel, ideal f\u00fcr Lavaliermikrofone. Sie bietet eine Empfindlichkeit von -41 dB\u00b12 und einen Signal-Rausch-Abstand von 58 dB und gew\u00e4hrleistet so eine klare und zuverl\u00e4ssige Audioaufnahme \u00fcber einen weiten Frequenzbereich.<\/p>","protected":false},"featured_media":2759,"comment_status":"open","ping_status":"closed","template":"","meta":[],"product_brand":[721],"product_cat":[16,20],"product_tag":[283,235,288],"class_list":{"0":"post-1725","1":"product","2":"type-product","3":"status-publish","4":"has-post-thumbnail","6":"product_brand-ecmic","7":"product_cat-electret-microphones","8":"product_cat-omnidirectional-microphones","9":"product_tag-6mm","10":"product_tag-conference","11":"product_tag-solder-pads","13":"first","14":"instock","15":"shipping-taxable","16":"purchasable","17":"product-type-simple"},"_links":{"self":[{"href":"https:\/\/ecmicrophones.com\/de\/wp-json\/wp\/v2\/product\/1725","targetHints":{"allow":["GET"]}}],"collection":[{"href":"https:\/\/ecmicrophones.com\/de\/wp-json\/wp\/v2\/product"}],"about":[{"href":"https:\/\/ecmicrophones.com\/de\/wp-json\/wp\/v2\/types\/product"}],"replies":[{"embeddable":true,"href":"https:\/\/ecmicrophones.com\/de\/wp-json\/wp\/v2\/comments?post=1725"}],"wp:featuredmedia":[{"embeddable":true,"href":"https:\/\/ecmicrophones.com\/de\/wp-json\/wp\/v2\/media\/2759"}],"wp:attachment":[{"href":"https:\/\/ecmicrophones.com\/de\/wp-json\/wp\/v2\/media?parent=1725"}],"wp:term":[{"taxonomy":"product_brand","embeddable":true,"href":"https:\/\/ecmicrophones.com\/de\/wp-json\/wp\/v2\/product_brand?post=1725"},{"taxonomy":"product_cat","embeddable":true,"href":"https:\/\/ecmicrophones.com\/de\/wp-json\/wp\/v2\/product_cat?post=1725"},{"taxonomy":"product_tag","embeddable":true,"href":"https:\/\/ecmicrophones.com\/de\/wp-json\/wp\/v2\/product_tag?post=1725"}],"curies":[{"name":"wp","href":"https:\/\/api.w.org\/{rel}","templated":true}]}}