{"id":1757,"date":"2024-07-26T15:42:04","date_gmt":"2024-07-26T07:42:04","guid":{"rendered":"https:\/\/ecmicrophones.com\/?post_type=product&#038;p=1757"},"modified":"2026-03-19T15:17:33","modified_gmt":"2026-03-19T07:17:33","slug":"9-7mm-omnidirectional-long-distance-pickup-microphone-head","status":"publish","type":"product","link":"https:\/\/ecmicrophones.com\/de\/9-7mm-omnidirectional-long-distance-pickup-microphone-head\/","title":{"rendered":"9,7 mm omnidirektionaler Mikrofonkopf mit gro\u00dfer Reichweite"},"content":{"rendered":"<h2 class=\"text-start\">Technische Daten<\/h2>\n<p class=\"text-start\">Das ECM-B9750AL26-062-L15 ist eine 9,7-mm-Kugelmikrofonkapsel, die mit einem vormontierten 15-mm-Kabel ausgestattet ist und so einen un\u00fcbertroffenen Komfort bei der Montage in verschiedenen Ger\u00e4ten bietet. Mit einer hohen Empfindlichkeit von -26 dB und einem beeindruckenden Signal-Rausch-Verh\u00e4ltnis von 82 dB liefert es einen klaren, pr\u00e4zisen Klang und eignet sich damit perfekt f\u00fcr Anwendungen, die eine Audioaufnahme \u00fcber gro\u00dfe Entfernungen erfordern.<\/p>\n<p class=\"text-start\">Durch die Verwendung eines hochwertigen Panasonic-Mikrofonkerns bietet dieses Modell eine hervorragende Konsistenz und Leistung. Der Frequenzgang von 50 Hz bis 16 kHz sorgt f\u00fcr eine gleichm\u00e4\u00dfige und nat\u00fcrliche Klangwiedergabe und eignet sich f\u00fcr professionelle Produkte wie Konferenzsysteme, Audiorecorder und Fernabnahmeger\u00e4te.<\/p>\n<p class=\"text-start\">F\u00fcr eine bleifreie Version besuchen Sie die <a href=\"https:\/\/ecmicrophones.com\/de\/9-7mm-omnidirectional-electret-microphone-cartridge-for-parabolic-microphone\/\">Standardmodell<\/a>.<\/p>\n<h3 class=\"pt-5 text-start\">Standardtestschaltung<\/h3>\n<p><img loading=\"lazy\" decoding=\"async\" src=\"https:\/\/ecmicrophones.com\/wp-content\/uploads\/2024\/07\/standard-test-circuit_ecm-b9750al26-062-l15.png\" alt=\"Standardtestschaltung\" width=\"579\" height=\"249\" class=\"alignnone size-full wp-image-1762\" srcset=\"https:\/\/ecmicrophones.com\/wp-content\/uploads\/2024\/07\/standard-test-circuit_ecm-b9750al26-062-l15.png 579w, https:\/\/ecmicrophones.com\/wp-content\/uploads\/2024\/07\/standard-test-circuit_ecm-b9750al26-062-l15-300x129.png 300w, https:\/\/ecmicrophones.com\/wp-content\/uploads\/2024\/07\/standard-test-circuit_ecm-b9750al26-062-l15-18x8.png 18w\" sizes=\"auto, (max-width: 579px) 100vw, 579px\" \/><\/p>\n<p>\nTestbedingungen: RL = 2,2k\u03a9, Vs = 2V, C = 1\u03bcF.\n<\/p>\n<h3 class=\"pt-5 text-start\">Typischer Frequenzgang<\/h3>\n<p><img loading=\"lazy\" decoding=\"async\" src=\"https:\/\/ecmicrophones.com\/wp-content\/uploads\/2024\/07\/typical-frequency-response_ecm-b9750al26-062-l15.png\" alt=\"Typischer Frequenzgang\" width=\"585\" height=\"413\" class=\"alignnone size-full wp-image-1763\" srcset=\"https:\/\/ecmicrophones.com\/wp-content\/uploads\/2024\/07\/typical-frequency-response_ecm-b9750al26-062-l15.png 585w, https:\/\/ecmicrophones.com\/wp-content\/uploads\/2024\/07\/typical-frequency-response_ecm-b9750al26-062-l15-300x212.png 300w, https:\/\/ecmicrophones.com\/wp-content\/uploads\/2024\/07\/typical-frequency-response_ecm-b9750al26-062-l15-18x12.png 18w\" sizes=\"auto, (max-width: 585px) 100vw, 585px\" \/><\/p>\n<p>\nDer Frequenzgang reicht von 50Hz bis 20kHz. Die Kurve bleibt von 50Hz bis etwa 3kHz flach und f\u00e4llt dann allm\u00e4hlich zu h\u00f6heren Frequenzen hin ab.\n<\/p>\n<h3 class=\"pt-5 text-start\">Abmessungen (UNIT: mm)<\/h3>\n<p><img loading=\"lazy\" decoding=\"async\" src=\"https:\/\/ecmicrophones.com\/wp-content\/uploads\/2024\/07\/appearance-dimension_ecm-b9750al26-062-l15.png\" alt=\"Aussehen Dimension\" width=\"428\" height=\"489\" class=\"alignnone size-full wp-image-1761\" srcset=\"https:\/\/ecmicrophones.com\/wp-content\/uploads\/2024\/07\/appearance-dimension_ecm-b9750al26-062-l15.png 428w, https:\/\/ecmicrophones.com\/wp-content\/uploads\/2024\/07\/appearance-dimension_ecm-b9750al26-062-l15-263x300.png 263w, https:\/\/ecmicrophones.com\/wp-content\/uploads\/2024\/07\/appearance-dimension_ecm-b9750al26-062-l15-11x12.png 11w\" sizes=\"auto, (max-width: 428px) 100vw, 428px\" \/><\/p>\n<p>\nAbmessungen der Mikrofonkapsel: \u00d89,7 \u00d7 5mm. Mit einem staubdichten Netz auf der Vorderseite und ohne L\u00f6cher auf der R\u00fcckseite. Ausgestattet mit einem 15-mm-Parallelkabel.<\/p>","protected":false},"excerpt":{"rendered":"<p>Leistungsstarke 9,7-mm-Kugelmikrofonkapsel (-26 dB, 82 dB S\/N) mit vormontiertem 15-mm-Kabel f\u00fcr einfache Integration.<\/p>","protected":false},"featured_media":2735,"comment_status":"open","ping_status":"closed","template":"","meta":[],"product_brand":[721],"product_cat":[20,16],"product_tag":[282,229,410,290],"class_list":{"0":"post-1757","1":"product","2":"type-product","3":"status-publish","4":"has-post-thumbnail","6":"product_brand-ecmic","7":"product_cat-omnidirectional-microphones","8":"product_cat-electret-microphones","9":"product_tag-9-7mm","10":"product_tag-equipment","11":"product_tag-high-snr","12":"product_tag-wire-leads","14":"first","15":"instock","16":"shipping-taxable","17":"purchasable","18":"product-type-simple"},"_links":{"self":[{"href":"https:\/\/ecmicrophones.com\/de\/wp-json\/wp\/v2\/product\/1757","targetHints":{"allow":["GET"]}}],"collection":[{"href":"https:\/\/ecmicrophones.com\/de\/wp-json\/wp\/v2\/product"}],"about":[{"href":"https:\/\/ecmicrophones.com\/de\/wp-json\/wp\/v2\/types\/product"}],"replies":[{"embeddable":true,"href":"https:\/\/ecmicrophones.com\/de\/wp-json\/wp\/v2\/comments?post=1757"}],"wp:featuredmedia":[{"embeddable":true,"href":"https:\/\/ecmicrophones.com\/de\/wp-json\/wp\/v2\/media\/2735"}],"wp:attachment":[{"href":"https:\/\/ecmicrophones.com\/de\/wp-json\/wp\/v2\/media?parent=1757"}],"wp:term":[{"taxonomy":"product_brand","embeddable":true,"href":"https:\/\/ecmicrophones.com\/de\/wp-json\/wp\/v2\/product_brand?post=1757"},{"taxonomy":"product_cat","embeddable":true,"href":"https:\/\/ecmicrophones.com\/de\/wp-json\/wp\/v2\/product_cat?post=1757"},{"taxonomy":"product_tag","embeddable":true,"href":"https:\/\/ecmicrophones.com\/de\/wp-json\/wp\/v2\/product_tag?post=1757"}],"curies":[{"name":"wp","href":"https:\/\/api.w.org\/{rel}","templated":true}]}}