{"id":1782,"date":"2024-07-30T11:31:30","date_gmt":"2024-07-30T03:31:30","guid":{"rendered":"https:\/\/ecmicrophones.com\/?post_type=product&#038;p=1782"},"modified":"2026-03-19T15:14:33","modified_gmt":"2026-03-19T07:14:33","slug":"9-7mm-cardioid-electret-mic-capsule-for-professional-headsets","status":"publish","type":"product","link":"https:\/\/ecmicrophones.com\/de\/9-7mm-cardioid-electret-mic-capsule-for-professional-headsets\/","title":{"rendered":"9,7 mm Nieren-Elektret-Mikrofonkapsel f\u00fcr professionelle Headsets"},"content":{"rendered":"<h2 class=\"text-start\">Technische Daten<\/h2>\n<p class=\"text-start\">Unser unidirektionaler Mikrofonkern 9750 ist ein st\u00f6rungsresistenter, rauscharmer Elektretmikrofonkopf, der eine hochwertige Leistung gew\u00e4hrleistet.<\/p>\n<h3 class=\"pt-5 text-start\">Standardtestschaltung<\/h3>\n<p> <img loading=\"lazy\" decoding=\"async\" src=\"https:\/\/ecmicrophones.com\/wp-content\/uploads\/2024\/07\/standard-test-circuit_ecm-b9750ul38-956u.png\" alt=\"Standardtestschaltung\" width=\"589\" height=\"247\" class=\"alignnone size-full wp-image-1783\" srcset=\"https:\/\/ecmicrophones.com\/wp-content\/uploads\/2024\/07\/standard-test-circuit_ecm-b9750ul38-956u.png 589w, https:\/\/ecmicrophones.com\/wp-content\/uploads\/2024\/07\/standard-test-circuit_ecm-b9750ul38-956u-300x126.png 300w, https:\/\/ecmicrophones.com\/wp-content\/uploads\/2024\/07\/standard-test-circuit_ecm-b9750ul38-956u-18x8.png 18w\" sizes=\"auto, (max-width: 589px) 100vw, 589px\" \/> <\/p>\n<p>Testbedingungen: Lastwiderstand (RL) = 680\u03a9, Versorgungsspannung (VS) = 1,7V, Koppelkondensator (C) = 1\u03bcF.<\/p>\n<h3 class=\"pt-5 text-start\">Typischer Frequenzgang<\/h3>\n<p> <img loading=\"lazy\" decoding=\"async\" src=\"https:\/\/ecmicrophones.com\/wp-content\/uploads\/2024\/07\/typical-frequency-response_ecm-b9750ul38-956u.png\" alt=\"Typischer Frequenzgang\" width=\"657\" height=\"284\" class=\"alignnone size-full wp-image-1784\" srcset=\"https:\/\/ecmicrophones.com\/wp-content\/uploads\/2024\/07\/typical-frequency-response_ecm-b9750ul38-956u.png 657w, https:\/\/ecmicrophones.com\/wp-content\/uploads\/2024\/07\/typical-frequency-response_ecm-b9750ul38-956u-300x130.png 300w, https:\/\/ecmicrophones.com\/wp-content\/uploads\/2024\/07\/typical-frequency-response_ecm-b9750ul38-956u-18x8.png 18w, https:\/\/ecmicrophones.com\/wp-content\/uploads\/2024\/07\/typical-frequency-response_ecm-b9750ul38-956u-600x259.png 600w\" sizes=\"auto, (max-width: 657px) 100vw, 657px\" \/> <\/p>\n<p>Der Frequenzgang erstreckt sich von 100Hz bis 10kHz. Die Kurve steigt von 100Hz bis 1kHz stetig an und bleibt dann relativ flach, bis sie bei 7kHz abzufallen beginnt.<\/p>\n<h3 class=\"pt-5 text-start\">Abmessungen (UNIT: mm)<\/h3>\n<p> <img loading=\"lazy\" decoding=\"async\" src=\"https:\/\/ecmicrophones.com\/wp-content\/uploads\/2024\/07\/appearance-dimension_ecm-b9750ul38-956u.png\" alt=\"Aussehen Dimension\" width=\"598\" height=\"396\" class=\"alignnone size-full wp-image-1785\" srcset=\"https:\/\/ecmicrophones.com\/wp-content\/uploads\/2024\/07\/appearance-dimension_ecm-b9750ul38-956u.png 598w, https:\/\/ecmicrophones.com\/wp-content\/uploads\/2024\/07\/appearance-dimension_ecm-b9750ul38-956u-300x199.png 300w, https:\/\/ecmicrophones.com\/wp-content\/uploads\/2024\/07\/appearance-dimension_ecm-b9750ul38-956u-18x12.png 18w\" sizes=\"auto, (max-width: 598px) 100vw, 598px\" \/> <\/p>\n<p>Durchmesser: 9,7 mm; H\u00f6he: 5 mm; Vorderseite mit staubdichtem Netz, R\u00fcckseite mit Schalleinlass\u00f6ffnung.<\/p>","protected":false},"excerpt":{"rendered":"<p>Das ECM-B9750UL38-956U ist eine 9,7 \u00d7 5 mm gro\u00dfe, unidirektionale Mikrofonkapsel, die f\u00fcr Headset-Anwendungen geeignet ist. Mit einer Empfindlichkeit von -38 dB\u00b12 und einem Signal-Rausch-Verh\u00e4ltnis von 54 dB liefert es klaren und zuverl\u00e4ssigen Ton.<\/p>","protected":false},"featured_media":2737,"comment_status":"open","ping_status":"closed","template":"","meta":[],"product_brand":[721],"product_cat":[16,21],"product_tag":[282,288],"class_list":{"0":"post-1782","1":"product","2":"type-product","3":"status-publish","4":"has-post-thumbnail","6":"product_brand-ecmic","7":"product_cat-electret-microphones","8":"product_cat-unidirectional-microphones","9":"product_tag-9-7mm","10":"product_tag-solder-pads","12":"first","13":"instock","14":"shipping-taxable","15":"purchasable","16":"product-type-simple"},"_links":{"self":[{"href":"https:\/\/ecmicrophones.com\/de\/wp-json\/wp\/v2\/product\/1782","targetHints":{"allow":["GET"]}}],"collection":[{"href":"https:\/\/ecmicrophones.com\/de\/wp-json\/wp\/v2\/product"}],"about":[{"href":"https:\/\/ecmicrophones.com\/de\/wp-json\/wp\/v2\/types\/product"}],"replies":[{"embeddable":true,"href":"https:\/\/ecmicrophones.com\/de\/wp-json\/wp\/v2\/comments?post=1782"}],"wp:featuredmedia":[{"embeddable":true,"href":"https:\/\/ecmicrophones.com\/de\/wp-json\/wp\/v2\/media\/2737"}],"wp:attachment":[{"href":"https:\/\/ecmicrophones.com\/de\/wp-json\/wp\/v2\/media?parent=1782"}],"wp:term":[{"taxonomy":"product_brand","embeddable":true,"href":"https:\/\/ecmicrophones.com\/de\/wp-json\/wp\/v2\/product_brand?post=1782"},{"taxonomy":"product_cat","embeddable":true,"href":"https:\/\/ecmicrophones.com\/de\/wp-json\/wp\/v2\/product_cat?post=1782"},{"taxonomy":"product_tag","embeddable":true,"href":"https:\/\/ecmicrophones.com\/de\/wp-json\/wp\/v2\/product_tag?post=1782"}],"curies":[{"name":"wp","href":"https:\/\/api.w.org\/{rel}","templated":true}]}}