{"id":1786,"date":"2024-07-30T09:24:06","date_gmt":"2024-07-30T01:24:06","guid":{"rendered":"https:\/\/ecmicrophones.com\/?post_type=product&#038;p=1786"},"modified":"2026-03-19T15:16:19","modified_gmt":"2026-03-19T07:16:19","slug":"9-7mm-unidirectional-microphone-element-for-headset-microphones","status":"publish","type":"product","link":"https:\/\/ecmicrophones.com\/de\/9-7mm-unidirectional-microphone-element-for-headset-microphones\/","title":{"rendered":"9,7 mm unidirektionales Mikrofonelement f\u00fcr Headset-Mikrofone"},"content":{"rendered":"<h2 class=\"text-start\">Technische Daten<\/h2>\n<p class=\"text-start\">Unsere 9750-Mikrofonkapsel mit unidirektionaler Aufnahme bietet hohe Empfindlichkeit und hervorragende Klangqualit\u00e4t mit Funktionen zur Rauschunterdr\u00fcckung, Rauschunterdr\u00fcckung und Entst\u00f6rung.<\/p>\n<h3 class=\"pt-5 text-start\">Standardtestschaltung<\/h3>\n<p> <img loading=\"lazy\" decoding=\"async\" src=\"https:\/\/ecmicrophones.com\/wp-content\/uploads\/2024\/07\/standard-test-circuit_ecm-b9750ul-sbn-44.png\" alt=\"Standardtestschaltung\" width=\"466\" height=\"181\" class=\"alignnone size-full wp-image-1788\" srcset=\"https:\/\/ecmicrophones.com\/wp-content\/uploads\/2024\/07\/standard-test-circuit_ecm-b9750ul-sbn-44.png 466w, https:\/\/ecmicrophones.com\/wp-content\/uploads\/2024\/07\/standard-test-circuit_ecm-b9750ul-sbn-44-300x117.png 300w, https:\/\/ecmicrophones.com\/wp-content\/uploads\/2024\/07\/standard-test-circuit_ecm-b9750ul-sbn-44-18x7.png 18w\" sizes=\"auto, (max-width: 466px) 100vw, 466px\" \/> <\/p>\n<p>Testbedingungen: Lastwiderstand (RL) = 680\u03a9, Versorgungsspannung (VS) = 1,5V, Koppelkondensator (C) = 1\u03bcF.<\/p>\n<h3 class=\"pt-5 text-start\">Typischer Frequenzgang<\/h3>\n<p> <img loading=\"lazy\" decoding=\"async\" src=\"https:\/\/ecmicrophones.com\/wp-content\/uploads\/2024\/07\/typical-frequency-response_ecm-b9750ul-sbn-44.png\" alt=\"Typischer Frequenzgang\" width=\"596\" height=\"184\" class=\"alignnone size-full wp-image-1789\" srcset=\"https:\/\/ecmicrophones.com\/wp-content\/uploads\/2024\/07\/typical-frequency-response_ecm-b9750ul-sbn-44.png 596w, https:\/\/ecmicrophones.com\/wp-content\/uploads\/2024\/07\/typical-frequency-response_ecm-b9750ul-sbn-44-300x93.png 300w, https:\/\/ecmicrophones.com\/wp-content\/uploads\/2024\/07\/typical-frequency-response_ecm-b9750ul-sbn-44-18x6.png 18w\" sizes=\"auto, (max-width: 596px) 100vw, 596px\" \/> <\/p>\n<p>Der Frequenzgang reicht von 100Hz bis 16kHz. Er weist eine sp\u00fcrbare Verst\u00e4rkung der tiefen Frequenzen f\u00fcr eine vollmundige Stimmaufnahme, eine sanfte Anhebung im Mitteltonbereich und eine sanfte Abschw\u00e4chung bei 10 kHz auf - ideal zur Minimierung von Zischlauten und Hintergrundger\u00e4uschen.<\/p>\n<h3 class=\"pt-5 text-start\">Abmessungen (UNIT: mm)<\/h3>\n<p> <img loading=\"lazy\" decoding=\"async\" src=\"https:\/\/ecmicrophones.com\/wp-content\/uploads\/2024\/07\/appearance-dimension_ecm-b9750ul-sbn-44.png\" alt=\"Aussehen Dimension\" width=\"290\" height=\"281\" class=\"alignnone size-full wp-image-1787\" srcset=\"https:\/\/ecmicrophones.com\/wp-content\/uploads\/2024\/07\/appearance-dimension_ecm-b9750ul-sbn-44.png 290w, https:\/\/ecmicrophones.com\/wp-content\/uploads\/2024\/07\/appearance-dimension_ecm-b9750ul-sbn-44-12x12.png 12w\" sizes=\"auto, (max-width: 290px) 100vw, 290px\" \/> <\/p>\n<p>Durchmesser: 9,7 mm; H\u00f6he: 5,0 mm. Vorderseite mit staubdichtem Netz; R\u00fcckseite mit Schall\u00f6ffnung.<\/p>","protected":false},"excerpt":{"rendered":"<p>Das ECM-B9750UL-SBN-44 ist eine 9,7 \u00d7 5 mm gro\u00dfe, unidirektionale Mikrofonkapsel, die f\u00fcr Headsets, Ansteckmikrofone und \u00e4hnliche Anwendungen geeignet ist. Es verf\u00fcgt \u00fcber eine Empfindlichkeit von -44 dB\u00b13 und einen Signal-Rausch-Abstand von 58 dB, was eine klare und fokussierte Audioaufnahme gew\u00e4hrleistet.<\/p>","protected":false},"featured_media":2741,"comment_status":"open","ping_status":"closed","template":"","meta":[],"product_brand":[721],"product_cat":[16,21],"product_tag":[282,235,288],"class_list":{"0":"post-1786","1":"product","2":"type-product","3":"status-publish","4":"has-post-thumbnail","6":"product_brand-ecmic","7":"product_cat-electret-microphones","8":"product_cat-unidirectional-microphones","9":"product_tag-9-7mm","10":"product_tag-conference","11":"product_tag-solder-pads","13":"first","14":"instock","15":"shipping-taxable","16":"purchasable","17":"product-type-simple"},"_links":{"self":[{"href":"https:\/\/ecmicrophones.com\/de\/wp-json\/wp\/v2\/product\/1786","targetHints":{"allow":["GET"]}}],"collection":[{"href":"https:\/\/ecmicrophones.com\/de\/wp-json\/wp\/v2\/product"}],"about":[{"href":"https:\/\/ecmicrophones.com\/de\/wp-json\/wp\/v2\/types\/product"}],"replies":[{"embeddable":true,"href":"https:\/\/ecmicrophones.com\/de\/wp-json\/wp\/v2\/comments?post=1786"}],"wp:featuredmedia":[{"embeddable":true,"href":"https:\/\/ecmicrophones.com\/de\/wp-json\/wp\/v2\/media\/2741"}],"wp:attachment":[{"href":"https:\/\/ecmicrophones.com\/de\/wp-json\/wp\/v2\/media?parent=1786"}],"wp:term":[{"taxonomy":"product_brand","embeddable":true,"href":"https:\/\/ecmicrophones.com\/de\/wp-json\/wp\/v2\/product_brand?post=1786"},{"taxonomy":"product_cat","embeddable":true,"href":"https:\/\/ecmicrophones.com\/de\/wp-json\/wp\/v2\/product_cat?post=1786"},{"taxonomy":"product_tag","embeddable":true,"href":"https:\/\/ecmicrophones.com\/de\/wp-json\/wp\/v2\/product_tag?post=1786"}],"curies":[{"name":"wp","href":"https:\/\/api.w.org\/{rel}","templated":true}]}}