{"id":1791,"date":"2024-07-29T16:10:36","date_gmt":"2024-07-29T08:10:36","guid":{"rendered":"https:\/\/ecmicrophones.com\/?post_type=product&#038;p=1791"},"modified":"2026-03-19T15:16:30","modified_gmt":"2026-03-19T07:16:30","slug":"9-7mm-omnidirectional-microphone-element-for-voice-recognition","status":"publish","type":"product","link":"https:\/\/ecmicrophones.com\/de\/9-7mm-omnidirectional-microphone-element-for-voice-recognition\/","title":{"rendered":"9,7 mm omnidirektionales Mikrofonelement zur Spracherkennung"},"content":{"rendered":"<h2 class=\"text-start\">Technische Daten<\/h2>\n<p class=\"text-start\">Unsere omnidirektionale Mikrofonkapsel 9745 bietet eine hohe Empfindlichkeit und Entst\u00f6rungsfunktionen und gew\u00e4hrleistet so eine stabile und zuverl\u00e4ssige Leistung.<\/p>\n<h3 class=\"pt-5 text-start\">Standardtestschaltung<\/h3>\n<p><img loading=\"lazy\" decoding=\"async\" class=\"alignnone size-full wp-image-1793\" src=\"https:\/\/ecmicrophones.com\/wp-content\/uploads\/2024\/07\/standard-test-circuit_ecm-f9745al36-186.jpg\" alt=\"Standardtestschaltung\" width=\"750\" height=\"400\" srcset=\"https:\/\/ecmicrophones.com\/wp-content\/uploads\/2024\/07\/standard-test-circuit_ecm-f9745al36-186.jpg 750w, https:\/\/ecmicrophones.com\/wp-content\/uploads\/2024\/07\/standard-test-circuit_ecm-f9745al36-186-300x160.jpg 300w, https:\/\/ecmicrophones.com\/wp-content\/uploads\/2024\/07\/standard-test-circuit_ecm-f9745al36-186-18x10.jpg 18w, https:\/\/ecmicrophones.com\/wp-content\/uploads\/2024\/07\/standard-test-circuit_ecm-f9745al36-186-600x320.jpg 600w\" sizes=\"auto, (max-width: 750px) 100vw, 750px\" \/><\/p>\n<p>Gemessen unter Standardbedingungen: RL = 2,2k\u03a9, Vs = 2V, C = 1\u03bcF.<\/p>\n<h3 class=\"pt-5 text-start\">Typischer Frequenzgang<\/h3>\n<p><img loading=\"lazy\" decoding=\"async\" class=\"alignnone size-full wp-image-1794\" src=\"https:\/\/ecmicrophones.com\/wp-content\/uploads\/2024\/07\/typical-frequency-response_ecm-f9745al36-186.jpg\" alt=\"Typischer Frequenzgang\" width=\"750\" height=\"400\" srcset=\"https:\/\/ecmicrophones.com\/wp-content\/uploads\/2024\/07\/typical-frequency-response_ecm-f9745al36-186.jpg 750w, https:\/\/ecmicrophones.com\/wp-content\/uploads\/2024\/07\/typical-frequency-response_ecm-f9745al36-186-300x160.jpg 300w, https:\/\/ecmicrophones.com\/wp-content\/uploads\/2024\/07\/typical-frequency-response_ecm-f9745al36-186-18x10.jpg 18w, https:\/\/ecmicrophones.com\/wp-content\/uploads\/2024\/07\/typical-frequency-response_ecm-f9745al36-186-600x320.jpg 600w\" sizes=\"auto, (max-width: 750px) 100vw, 750px\" \/><\/p>\n<p>Flacher Frequenzgang von 50 Hz bis 2 kHz, Anstieg zwischen 2 kHz und 5 kHz bis zu einem Spitzenwert, gefolgt von einem allm\u00e4hlichen Abfall bei 20 kHz - ideal f\u00fcr die Erfassung klarer mittlerer bis hoher Frequenzen.<\/p>\n<h3 class=\"pt-5 text-start\">Abmessungen (UNIT: mm)<\/h3>\n<p><img loading=\"lazy\" decoding=\"async\" class=\"alignnone size-full wp-image-1792\" src=\"https:\/\/ecmicrophones.com\/wp-content\/uploads\/2024\/07\/appearance-dimension_ecm-f9745al36-186.jpg\" alt=\"Aussehen Dimension\" width=\"750\" height=\"400\" srcset=\"https:\/\/ecmicrophones.com\/wp-content\/uploads\/2024\/07\/appearance-dimension_ecm-f9745al36-186.jpg 750w, https:\/\/ecmicrophones.com\/wp-content\/uploads\/2024\/07\/appearance-dimension_ecm-f9745al36-186-300x160.jpg 300w, https:\/\/ecmicrophones.com\/wp-content\/uploads\/2024\/07\/appearance-dimension_ecm-f9745al36-186-18x10.jpg 18w, https:\/\/ecmicrophones.com\/wp-content\/uploads\/2024\/07\/appearance-dimension_ecm-f9745al36-186-600x320.jpg 600w\" sizes=\"auto, (max-width: 750px) 100vw, 750px\" \/><\/p>\n<p>\u00d89,7 \u00d7 4,5 mm gro\u00dfe Kapsel mit staubdichtem Netz auf der Vorderseite und einer versiegelten R\u00fcckseite ohne akustische \u00d6ffnung f\u00fcr eine bessere Isolierung.<\/p>","protected":false},"excerpt":{"rendered":"<p>Das ECM-F9745AL36-186 ist eine 9,7 x 4,5 mm gro\u00dfe omnidirektionale Mikrofonkapsel, die f\u00fcr Spracherkennungsanwendungen geeignet ist. Es verf\u00fcgt \u00fcber eine Empfindlichkeit von -36 dB\u00b12 und einen Signal-Rausch-Abstand von 65 dB, was eine genaue und klare Audioaufnahme gew\u00e4hrleistet.<\/p>","protected":false},"featured_media":2753,"comment_status":"open","ping_status":"closed","template":"","meta":[],"product_brand":[721],"product_cat":[16,20],"product_tag":[282,229,288],"class_list":{"0":"post-1791","1":"product","2":"type-product","3":"status-publish","4":"has-post-thumbnail","6":"product_brand-ecmic","7":"product_cat-electret-microphones","8":"product_cat-omnidirectional-microphones","9":"product_tag-9-7mm","10":"product_tag-equipment","11":"product_tag-solder-pads","13":"first","14":"instock","15":"shipping-taxable","16":"purchasable","17":"product-type-simple"},"_links":{"self":[{"href":"https:\/\/ecmicrophones.com\/de\/wp-json\/wp\/v2\/product\/1791","targetHints":{"allow":["GET"]}}],"collection":[{"href":"https:\/\/ecmicrophones.com\/de\/wp-json\/wp\/v2\/product"}],"about":[{"href":"https:\/\/ecmicrophones.com\/de\/wp-json\/wp\/v2\/types\/product"}],"replies":[{"embeddable":true,"href":"https:\/\/ecmicrophones.com\/de\/wp-json\/wp\/v2\/comments?post=1791"}],"wp:featuredmedia":[{"embeddable":true,"href":"https:\/\/ecmicrophones.com\/de\/wp-json\/wp\/v2\/media\/2753"}],"wp:attachment":[{"href":"https:\/\/ecmicrophones.com\/de\/wp-json\/wp\/v2\/media?parent=1791"}],"wp:term":[{"taxonomy":"product_brand","embeddable":true,"href":"https:\/\/ecmicrophones.com\/de\/wp-json\/wp\/v2\/product_brand?post=1791"},{"taxonomy":"product_cat","embeddable":true,"href":"https:\/\/ecmicrophones.com\/de\/wp-json\/wp\/v2\/product_cat?post=1791"},{"taxonomy":"product_tag","embeddable":true,"href":"https:\/\/ecmicrophones.com\/de\/wp-json\/wp\/v2\/product_tag?post=1791"}],"curies":[{"name":"wp","href":"https:\/\/api.w.org\/{rel}","templated":true}]}}