{"id":180,"date":"2024-03-27T11:59:38","date_gmt":"2024-03-27T11:59:38","guid":{"rendered":"https:\/\/ecmicrophones.com\/?post_type=product&#038;p=180"},"modified":"2026-03-19T15:42:45","modified_gmt":"2026-03-19T07:42:45","slug":"5-8mm-omnidirectional-electret-microphone-insert-for-wireless-lavalier","status":"publish","type":"product","link":"https:\/\/ecmicrophones.com\/de\/5-8mm-omnidirectional-electret-microphone-insert-for-wireless-lavalier\/","title":{"rendered":"5,8 mm omnidirektionaler Elektretmikrofon-Einsatz f\u00fcr kabelloses Lavaliermikrofon"},"content":{"rendered":"<h2 class=\"text-start\">Technische Daten<\/h2>\n<p class=\"text-start\">Unser omnidirektionaler Mikrofonkern 5820 ist mit einem Panasonic JFET ausgestattet und bietet Rauschunterdr\u00fcckung, Interferenzresistenz und Quellenausgabefunktionen.<\/p>\n<h3 class=\"pt-5 text-start\">Standardtestschaltung<\/h3>\n<p><img loading=\"lazy\" decoding=\"async\" class=\"alignnone size-full wp-image-305\" src=\"https:\/\/ecmicrophones.com\/wp-content\/uploads\/2024\/03\/standard-test-circuit_ecm-b5820al43-593.png\" alt=\"ECM-B5820AL43-593 Standard-Testschaltung: 6,8k\u03a9 Last, 4,5V Versorgung, 1\u03bcF Ausgang\" width=\"532\" height=\"248\" srcset=\"https:\/\/ecmicrophones.com\/wp-content\/uploads\/2024\/03\/standard-test-circuit_ecm-b5820al43-593.png 532w, https:\/\/ecmicrophones.com\/wp-content\/uploads\/2024\/03\/standard-test-circuit_ecm-b5820al43-593-300x140.png 300w, https:\/\/ecmicrophones.com\/wp-content\/uploads\/2024\/03\/standard-test-circuit_ecm-b5820al43-593-18x8.png 18w\" sizes=\"auto, (max-width: 532px) 100vw, 532px\" \/><\/p>\n<p>Getestet mit einem 6,8k\u03a9-Lastwiderstand, einer 4,5V-Gleichstromversorgung und einem 1\u03bcF-Kopplungskondensator.<\/p>\n<h3 class=\"pt-5 text-start\">Typischer Frequenzgang<\/h3>\n<p><img loading=\"lazy\" decoding=\"async\" class=\"alignnone size-full wp-image-303\" src=\"https:\/\/ecmicrophones.com\/wp-content\/uploads\/2024\/03\/typical-frequency-response_ecm-b5820al43-593.png\" alt=\"ECM-B5820AL43-593 Frequenzgangkurve\" width=\"397\" height=\"284\" srcset=\"https:\/\/ecmicrophones.com\/wp-content\/uploads\/2024\/03\/typical-frequency-response_ecm-b5820al43-593.png 397w, https:\/\/ecmicrophones.com\/wp-content\/uploads\/2024\/03\/typical-frequency-response_ecm-b5820al43-593-300x215.png 300w, https:\/\/ecmicrophones.com\/wp-content\/uploads\/2024\/03\/typical-frequency-response_ecm-b5820al43-593-18x12.png 18w\" sizes=\"auto, (max-width: 397px) 100vw, 397px\" \/><\/p>\n<p>Der Frequenzgang bleibt von 50 Hz bis etwa 10 kHz nahezu flach und nimmt dann leicht ab.<\/p>\n<h3 class=\"pt-5 text-start\">Abmessungen (UNIT: mm)<\/h3>\n<p><img loading=\"lazy\" decoding=\"async\" class=\"alignnone size-full wp-image-304\" src=\"https:\/\/ecmicrophones.com\/wp-content\/uploads\/2024\/03\/appearance-dimension_ecm-b5820al43-593.png\" alt=\"Abmessungen von ECM-B5820AL43-593: \u03a65,8\u00d72mm mit r\u00fcckseitigem Schalleinlass\" width=\"651\" height=\"504\" srcset=\"https:\/\/ecmicrophones.com\/wp-content\/uploads\/2024\/03\/appearance-dimension_ecm-b5820al43-593.png 651w, https:\/\/ecmicrophones.com\/wp-content\/uploads\/2024\/03\/appearance-dimension_ecm-b5820al43-593-300x232.png 300w, https:\/\/ecmicrophones.com\/wp-content\/uploads\/2024\/03\/appearance-dimension_ecm-b5820al43-593-16x12.png 16w, https:\/\/ecmicrophones.com\/wp-content\/uploads\/2024\/03\/appearance-dimension_ecm-b5820al43-593-600x465.png 600w\" sizes=\"auto, (max-width: 651px) 100vw, 651px\" \/><\/p>\n<p>Kompaktes 5,8 \u00d7 2,0 mm Design mit zwei L\u00f6tanschl\u00fcssen und einem flachen Massebereich f\u00fcr eine stabile Leiterplattenmontage - ideal f\u00fcr schlanke, abgedichtete Ger\u00e4te, die eine gleichbleibende Audioleistung erfordern.<\/p>","protected":false},"excerpt":{"rendered":"<p>Das ECM-B5820AL43-593 ist eine 5,8 \u00d7 2 mm gro\u00dfe omnidirektionale Mikrofonkapsel, die f\u00fcr drahtlose Ansteckmikrofone, Live-Streaming-Mikrofone und Videokonferenzmikrofone geeignet ist. Mit einer Empfindlichkeit von -43 dB\u00b12 und einem Signal-Rausch-Verh\u00e4ltnis von 70 dB sorgt es f\u00fcr eine klare Tonaufnahme in verschiedenen Anwendungen.<\/p>","protected":false},"featured_media":2549,"comment_status":"open","ping_status":"closed","template":"","meta":[],"product_brand":[721],"product_cat":[16,20],"product_tag":[286,235,288],"class_list":{"0":"post-180","1":"product","2":"type-product","3":"status-publish","4":"has-post-thumbnail","6":"product_brand-ecmic","7":"product_cat-electret-microphones","8":"product_cat-omnidirectional-microphones","9":"product_tag-5-8mm","10":"product_tag-conference","11":"product_tag-solder-pads","13":"first","14":"instock","15":"shipping-taxable","16":"purchasable","17":"product-type-simple"},"_links":{"self":[{"href":"https:\/\/ecmicrophones.com\/de\/wp-json\/wp\/v2\/product\/180","targetHints":{"allow":["GET"]}}],"collection":[{"href":"https:\/\/ecmicrophones.com\/de\/wp-json\/wp\/v2\/product"}],"about":[{"href":"https:\/\/ecmicrophones.com\/de\/wp-json\/wp\/v2\/types\/product"}],"replies":[{"embeddable":true,"href":"https:\/\/ecmicrophones.com\/de\/wp-json\/wp\/v2\/comments?post=180"}],"wp:featuredmedia":[{"embeddable":true,"href":"https:\/\/ecmicrophones.com\/de\/wp-json\/wp\/v2\/media\/2549"}],"wp:attachment":[{"href":"https:\/\/ecmicrophones.com\/de\/wp-json\/wp\/v2\/media?parent=180"}],"wp:term":[{"taxonomy":"product_brand","embeddable":true,"href":"https:\/\/ecmicrophones.com\/de\/wp-json\/wp\/v2\/product_brand?post=180"},{"taxonomy":"product_cat","embeddable":true,"href":"https:\/\/ecmicrophones.com\/de\/wp-json\/wp\/v2\/product_cat?post=180"},{"taxonomy":"product_tag","embeddable":true,"href":"https:\/\/ecmicrophones.com\/de\/wp-json\/wp\/v2\/product_tag?post=180"}],"curies":[{"name":"wp","href":"https:\/\/api.w.org\/{rel}","templated":true}]}}