{"id":1819,"date":"2024-07-30T11:03:14","date_gmt":"2024-07-30T03:03:14","guid":{"rendered":"https:\/\/ecmicrophones.com\/?post_type=product&#038;p=1819"},"modified":"2026-03-19T15:14:44","modified_gmt":"2026-03-19T07:14:44","slug":"9-7mm-unidirectional-electret-mic-capsule-for-karaoke-microphone","status":"publish","type":"product","link":"https:\/\/ecmicrophones.com\/de\/9-7mm-unidirectional-electret-mic-capsule-for-karaoke-microphone\/","title":{"rendered":"9,7 mm unidirektionale Elektret-Mikrofonkapsel f\u00fcr Karaoke-Mikrofon"},"content":{"rendered":"<h2 class=\"text-start\">Technische Daten<\/h2>\n<p class=\"text-start\">Unser f\u00fcr Karaoke entwickeltes unidirektionales Mikrofon 9750 verf\u00fcgt \u00fcber ein Zweikammerdesign f\u00fcr \u00fcberragende Leistung.<\/p>\n<h3 class=\"pt-5 text-start\">Standardtestschaltung<\/h3>\n<p><img loading=\"lazy\" decoding=\"async\" src=\"https:\/\/ecmicrophones.com\/wp-content\/uploads\/2024\/07\/standard-test-circuit_ecm-f9750ul-50.png\" alt=\"Standardtestschaltung\" width=\"540\" height=\"247\" class=\"alignnone size-full wp-image-1821\" srcset=\"https:\/\/ecmicrophones.com\/wp-content\/uploads\/2024\/07\/standard-test-circuit_ecm-f9750ul-50.png 540w, https:\/\/ecmicrophones.com\/wp-content\/uploads\/2024\/07\/standard-test-circuit_ecm-f9750ul-50-300x137.png 300w, https:\/\/ecmicrophones.com\/wp-content\/uploads\/2024\/07\/standard-test-circuit_ecm-f9750ul-50-18x8.png 18w\" sizes=\"auto, (max-width: 540px) 100vw, 540px\" \/><\/p>\n<p>Testbedingungen: Lastwiderstand (RL) = 680\u03a9, Versorgungsspannung (VS) = 1,5V, Koppelkondensator (C) = 1\u03bcF.<\/p>\n<h3 class=\"pt-5 text-start\">Typischer Frequenzgang<\/h3>\n<p><img loading=\"lazy\" decoding=\"async\" src=\"https:\/\/ecmicrophones.com\/wp-content\/uploads\/2024\/07\/typical-frequency-response_ecm-f9750ul-50.png\" alt=\"Typischer Frequenzgang\" width=\"628\" height=\"245\" class=\"alignnone size-full wp-image-1822\" srcset=\"https:\/\/ecmicrophones.com\/wp-content\/uploads\/2024\/07\/typical-frequency-response_ecm-f9750ul-50.png 628w, https:\/\/ecmicrophones.com\/wp-content\/uploads\/2024\/07\/typical-frequency-response_ecm-f9750ul-50-300x117.png 300w, https:\/\/ecmicrophones.com\/wp-content\/uploads\/2024\/07\/typical-frequency-response_ecm-f9750ul-50-18x7.png 18w, https:\/\/ecmicrophones.com\/wp-content\/uploads\/2024\/07\/typical-frequency-response_ecm-f9750ul-50-600x234.png 600w\" sizes=\"auto, (max-width: 628px) 100vw, 628px\" \/><\/p>\n<p>\nFrequenzgang: 100Hz-10kHz. Die Kurve steigt von 100Hz bis etwa 1kHz an und bleibt dann relativ flach mit einem leichten Aufw\u00e4rtstrend. In der N\u00e4he von 4 kHz beginnt eine leichte Abschw\u00e4chung.\n<\/p>\n<h3 class=\"pt-5 text-start\">Abmessungen (UNIT: mm)<\/h3>\n<p><img loading=\"lazy\" decoding=\"async\" src=\"https:\/\/ecmicrophones.com\/wp-content\/uploads\/2024\/07\/appearance-dimension_ecm-f9750ul-50.png\" alt=\"Aussehen Dimension\" width=\"607\" height=\"466\" class=\"alignnone size-full wp-image-1820\" srcset=\"https:\/\/ecmicrophones.com\/wp-content\/uploads\/2024\/07\/appearance-dimension_ecm-f9750ul-50.png 607w, https:\/\/ecmicrophones.com\/wp-content\/uploads\/2024\/07\/appearance-dimension_ecm-f9750ul-50-300x230.png 300w, https:\/\/ecmicrophones.com\/wp-content\/uploads\/2024\/07\/appearance-dimension_ecm-f9750ul-50-16x12.png 16w, https:\/\/ecmicrophones.com\/wp-content\/uploads\/2024\/07\/appearance-dimension_ecm-f9750ul-50-600x461.png 600w\" sizes=\"auto, (max-width: 607px) 100vw, 607px\" \/><\/p>\n<p>\nDurchmesser: 9,7 mm; H\u00f6he: 5,0 mm. Die Vorderseite ist mit einem staubdichten Netz versehen; die R\u00fcckseite enth\u00e4lt eine \u00d6ffnung f\u00fcr den Schallabnehmer.<\/p>","protected":false},"excerpt":{"rendered":"<p>Das ECM-F9750UL-50 ist eine 9,7 x 5 mm gro\u00dfe, unidirektionale Mikrofonkapsel, die sich ideal f\u00fcr Karaoke-Anwendungen eignet. Dank des Zweikammerdesigns verf\u00fcgt es \u00fcber eine Empfindlichkeit von -50 dB\u00b11 und einen Signal-Rausch-Abstand von 50 dB und sorgt so f\u00fcr eine klare und hochwertige Audioleistung.<\/p>","protected":false},"featured_media":2748,"comment_status":"open","ping_status":"closed","template":"","meta":[],"product_brand":[721],"product_cat":[21,16],"product_tag":[282,288,116],"class_list":{"0":"post-1819","1":"product","2":"type-product","3":"status-publish","4":"has-post-thumbnail","6":"product_brand-ecmic","7":"product_cat-unidirectional-microphones","8":"product_cat-electret-microphones","9":"product_tag-9-7mm","10":"product_tag-solder-pads","11":"product_tag-vocal","13":"first","14":"instock","15":"shipping-taxable","16":"purchasable","17":"product-type-simple"},"_links":{"self":[{"href":"https:\/\/ecmicrophones.com\/de\/wp-json\/wp\/v2\/product\/1819","targetHints":{"allow":["GET"]}}],"collection":[{"href":"https:\/\/ecmicrophones.com\/de\/wp-json\/wp\/v2\/product"}],"about":[{"href":"https:\/\/ecmicrophones.com\/de\/wp-json\/wp\/v2\/types\/product"}],"replies":[{"embeddable":true,"href":"https:\/\/ecmicrophones.com\/de\/wp-json\/wp\/v2\/comments?post=1819"}],"wp:featuredmedia":[{"embeddable":true,"href":"https:\/\/ecmicrophones.com\/de\/wp-json\/wp\/v2\/media\/2748"}],"wp:attachment":[{"href":"https:\/\/ecmicrophones.com\/de\/wp-json\/wp\/v2\/media?parent=1819"}],"wp:term":[{"taxonomy":"product_brand","embeddable":true,"href":"https:\/\/ecmicrophones.com\/de\/wp-json\/wp\/v2\/product_brand?post=1819"},{"taxonomy":"product_cat","embeddable":true,"href":"https:\/\/ecmicrophones.com\/de\/wp-json\/wp\/v2\/product_cat?post=1819"},{"taxonomy":"product_tag","embeddable":true,"href":"https:\/\/ecmicrophones.com\/de\/wp-json\/wp\/v2\/product_tag?post=1819"}],"curies":[{"name":"wp","href":"https:\/\/api.w.org\/{rel}","templated":true}]}}