{"id":1837,"date":"2024-07-30T15:52:16","date_gmt":"2024-07-30T07:52:16","guid":{"rendered":"https:\/\/ecmicrophones.com\/?post_type=product&#038;p=1837"},"modified":"2026-03-19T15:14:24","modified_gmt":"2026-03-19T07:14:24","slug":"9-7mm-omni-electret-microphone-with-pins-for-intercom-systems","status":"publish","type":"product","link":"https:\/\/ecmicrophones.com\/de\/9-7mm-omni-electret-microphone-with-pins-for-intercom-systems\/","title":{"rendered":"9,7-mm-Omni-Elektretmikrofon mit Pins f\u00fcr Intercom-Systeme"},"content":{"rendered":"<h2 class=\"text-start\">Technische Daten<\/h2>\n<p class=\"text-start\">Unser omnidirektionaler Elektretmikrofonkopf 9767 ist f\u00fcr Zugangskontroll-Sprechanlagen konzipiert, bietet St\u00f6rungsresistenz und geringes Rauschen und gew\u00e4hrleistet so zuverl\u00e4ssige Qualit\u00e4t.<\/p>\n<h3 class=\"pt-5 text-start\">Standardtestschaltung<\/h3>\n<p><img loading=\"lazy\" decoding=\"async\" src=\"https:\/\/ecmicrophones.com\/wp-content\/uploads\/2024\/07\/standard-test-circuit_ecm-f9767ap-38.png\" alt=\"Standardtestschaltung\" width=\"534\" height=\"273\" class=\"alignnone size-full wp-image-1840\" srcset=\"https:\/\/ecmicrophones.com\/wp-content\/uploads\/2024\/07\/standard-test-circuit_ecm-f9767ap-38.png 534w, https:\/\/ecmicrophones.com\/wp-content\/uploads\/2024\/07\/standard-test-circuit_ecm-f9767ap-38-300x153.png 300w, https:\/\/ecmicrophones.com\/wp-content\/uploads\/2024\/07\/standard-test-circuit_ecm-f9767ap-38-18x9.png 18w\" sizes=\"auto, (max-width: 534px) 100vw, 534px\" \/><\/p>\n<p>Testbedingungen: Lastwiderstand (RL) = 2,2k\u03a9, Versorgungsspannung (VS) = 3V, Koppelkondensator (C) = 1\u03bcF.<\/p>\n<h3 class=\"pt-5 text-start\">Typischer Frequenzgang<\/h3>\n<p><img loading=\"lazy\" decoding=\"async\" src=\"https:\/\/ecmicrophones.com\/wp-content\/uploads\/2024\/07\/typical-frequency-response_ecm-f9767ap-38.png\" alt=\"Typischer Frequenzgang\" width=\"552\" height=\"394\" class=\"alignnone size-full wp-image-1839\" srcset=\"https:\/\/ecmicrophones.com\/wp-content\/uploads\/2024\/07\/typical-frequency-response_ecm-f9767ap-38.png 552w, https:\/\/ecmicrophones.com\/wp-content\/uploads\/2024\/07\/typical-frequency-response_ecm-f9767ap-38-300x214.png 300w, https:\/\/ecmicrophones.com\/wp-content\/uploads\/2024\/07\/typical-frequency-response_ecm-f9767ap-38-18x12.png 18w\" sizes=\"auto, (max-width: 552px) 100vw, 552px\" \/><\/p>\n<p>Frequenzgang: 50Hz-20kHz. Der Frequenzgang ist bis zu 1 kHz gleichm\u00e4\u00dfig, gefolgt von einer allm\u00e4hlichen Abschw\u00e4chung bei den h\u00f6heren Frequenzen.<\/p>\n<h3 class=\"pt-5 text-start\">Abmessungen (UNIT: mm)<\/h3>\n<p><img loading=\"lazy\" decoding=\"async\" src=\"https:\/\/ecmicrophones.com\/wp-content\/uploads\/2024\/07\/appearance-dimension_ecm-f9767ap-38.png\" alt=\"Aussehen Dimension\" width=\"232\" height=\"397\" class=\"alignnone size-full wp-image-1838\" srcset=\"https:\/\/ecmicrophones.com\/wp-content\/uploads\/2024\/07\/appearance-dimension_ecm-f9767ap-38.png 232w, https:\/\/ecmicrophones.com\/wp-content\/uploads\/2024\/07\/appearance-dimension_ecm-f9767ap-38-175x300.png 175w, https:\/\/ecmicrophones.com\/wp-content\/uploads\/2024\/07\/appearance-dimension_ecm-f9767ap-38-7x12.png 7w\" sizes=\"auto, (max-width: 232px) 100vw, 232px\" \/><\/p>\n<p>Durchmesser: 9,7 mm; H\u00f6he: 6,7 mm; Vorderseite staubdichtes Netz, versiegelte R\u00fcckseite; 4,5 mm Stifte f\u00fcr Leiterplattenmontage mit 2,54 mm Abstand.<\/p>","protected":false},"excerpt":{"rendered":"<p>Das ECM-F9767AP-38 ist eine 9,7 x 6,7 mm gro\u00dfe omnidirektionale Mikrofonkapsel, die sich f\u00fcr Geb\u00e4udezugangskontrollsysteme eignet. Es verf\u00fcgt \u00fcber eine Empfindlichkeit von -38 dB\u00b12 und einen Signal-Rausch-Abstand von 60 dB und gew\u00e4hrleistet so eine klare und konsistente Audioleistung.<\/p>","protected":false},"featured_media":2746,"comment_status":"open","ping_status":"closed","template":"","meta":[],"product_brand":[721],"product_cat":[20,16],"product_tag":[282,109,291],"class_list":{"0":"post-1837","1":"product","2":"type-product","3":"status-publish","4":"has-post-thumbnail","6":"product_brand-ecmic","7":"product_cat-omnidirectional-microphones","8":"product_cat-electret-microphones","9":"product_tag-9-7mm","10":"product_tag-intercom","11":"product_tag-pin-type","13":"first","14":"instock","15":"shipping-taxable","16":"purchasable","17":"product-type-simple"},"_links":{"self":[{"href":"https:\/\/ecmicrophones.com\/de\/wp-json\/wp\/v2\/product\/1837","targetHints":{"allow":["GET"]}}],"collection":[{"href":"https:\/\/ecmicrophones.com\/de\/wp-json\/wp\/v2\/product"}],"about":[{"href":"https:\/\/ecmicrophones.com\/de\/wp-json\/wp\/v2\/types\/product"}],"replies":[{"embeddable":true,"href":"https:\/\/ecmicrophones.com\/de\/wp-json\/wp\/v2\/comments?post=1837"}],"wp:featuredmedia":[{"embeddable":true,"href":"https:\/\/ecmicrophones.com\/de\/wp-json\/wp\/v2\/media\/2746"}],"wp:attachment":[{"href":"https:\/\/ecmicrophones.com\/de\/wp-json\/wp\/v2\/media?parent=1837"}],"wp:term":[{"taxonomy":"product_brand","embeddable":true,"href":"https:\/\/ecmicrophones.com\/de\/wp-json\/wp\/v2\/product_brand?post=1837"},{"taxonomy":"product_cat","embeddable":true,"href":"https:\/\/ecmicrophones.com\/de\/wp-json\/wp\/v2\/product_cat?post=1837"},{"taxonomy":"product_tag","embeddable":true,"href":"https:\/\/ecmicrophones.com\/de\/wp-json\/wp\/v2\/product_tag?post=1837"}],"curies":[{"name":"wp","href":"https:\/\/api.w.org\/{rel}","templated":true}]}}