{"id":1841,"date":"2024-07-31T08:54:06","date_gmt":"2024-07-31T00:54:06","guid":{"rendered":"https:\/\/ecmicrophones.com\/?post_type=product&#038;p=1841"},"modified":"2026-03-19T15:12:38","modified_gmt":"2026-03-19T07:12:38","slug":"9-7mm-unidirectional-electret-mic-element-for-headset-microphones","status":"publish","type":"product","link":"https:\/\/ecmicrophones.com\/de\/9-7mm-unidirectional-electret-mic-element-for-headset-microphones\/","title":{"rendered":"9,7 mm unidirektionales Elektret-Mikrofonelement f\u00fcr Headset-Mikrofone"},"content":{"rendered":"<h2 class=\"text-start\">Technische Daten<\/h2>\n<p class=\"text-start\">Unser unidirektionaler Mikrofonkopf 9767 verf\u00fcgt \u00fcber Rauschunterdr\u00fcckung und Interferenzresistenz und gew\u00e4hrleistet so eine klare Stimmaufnahme.<\/p>\n<h3 class=\"pt-5 text-start\">Standardtestschaltung<\/h3>\n<p><img loading=\"lazy\" decoding=\"async\" src=\"https:\/\/ecmicrophones.com\/wp-content\/uploads\/2024\/07\/standard-test-circuit_ecm-f9767ul-44.png\" alt=\"Standardtestschaltung\" width=\"485\" height=\"211\" class=\"alignnone size-full wp-image-1842\" srcset=\"https:\/\/ecmicrophones.com\/wp-content\/uploads\/2024\/07\/standard-test-circuit_ecm-f9767ul-44.png 485w, https:\/\/ecmicrophones.com\/wp-content\/uploads\/2024\/07\/standard-test-circuit_ecm-f9767ul-44-300x131.png 300w, https:\/\/ecmicrophones.com\/wp-content\/uploads\/2024\/07\/standard-test-circuit_ecm-f9767ul-44-18x8.png 18w\" sizes=\"auto, (max-width: 485px) 100vw, 485px\" \/><\/p>\n<p>Testbedingungen: Lastwiderstand (RL) = 680\u03a9, Versorgungsspannung (VS) = 1,5V, Koppelkondensator (C) = 1\u03bcF.<\/p>\n<h3 class=\"pt-5 text-start\">Typischer Frequenzgang<\/h3>\n<p><img loading=\"lazy\" decoding=\"async\" src=\"https:\/\/ecmicrophones.com\/wp-content\/uploads\/2024\/07\/typical-frequency-response_ecm-f9767ul-44.png\" alt=\"Typischer Frequenzgang\" width=\"596\" height=\"252\" class=\"alignnone size-full wp-image-1844\" srcset=\"https:\/\/ecmicrophones.com\/wp-content\/uploads\/2024\/07\/typical-frequency-response_ecm-f9767ul-44.png 596w, https:\/\/ecmicrophones.com\/wp-content\/uploads\/2024\/07\/typical-frequency-response_ecm-f9767ul-44-300x127.png 300w, https:\/\/ecmicrophones.com\/wp-content\/uploads\/2024\/07\/typical-frequency-response_ecm-f9767ul-44-18x8.png 18w\" sizes=\"auto, (max-width: 596px) 100vw, 596px\" \/><\/p>\n<p>Frequenzgang: 100Hz-10kHz. Die Kurve zeigt einen stetigen Anstieg bis zu 1 kHz, gefolgt von einem relativ stabilen Bereich, dann beginnt sie um 5 kHz abzufallen.<\/p>\n<h3 class=\"pt-5 text-start\">Abmessungen (UNIT: mm)<\/h3>\n<p><img loading=\"lazy\" decoding=\"async\" src=\"https:\/\/ecmicrophones.com\/wp-content\/uploads\/2024\/07\/appearance-dimension_ecm-f9767ul-44.png\" alt=\"Aussehen Dimension\" width=\"610\" height=\"450\" class=\"alignnone size-full wp-image-1843\" srcset=\"https:\/\/ecmicrophones.com\/wp-content\/uploads\/2024\/07\/appearance-dimension_ecm-f9767ul-44.png 610w, https:\/\/ecmicrophones.com\/wp-content\/uploads\/2024\/07\/appearance-dimension_ecm-f9767ul-44-300x221.png 300w, https:\/\/ecmicrophones.com\/wp-content\/uploads\/2024\/07\/appearance-dimension_ecm-f9767ul-44-16x12.png 16w, https:\/\/ecmicrophones.com\/wp-content\/uploads\/2024\/07\/appearance-dimension_ecm-f9767ul-44-600x443.png 600w\" sizes=\"auto, (max-width: 610px) 100vw, 610px\" \/><\/p>\n<p>Durchmesser: 9,7 mm; H\u00f6he: 6,7 mm. Die Vorderseite ist mit einem staubdichten Netz versehen; die R\u00fcckseite ist ohne \u00d6ffnungen versiegelt.<\/p>","protected":false},"excerpt":{"rendered":"<p>Das ECM-F9767UL-44 ist eine 9,7 \u00d7 6,7 mm gro\u00dfe, unidirektionale Mikrofonkapsel, die f\u00fcr Headset-Mikrofone geeignet ist. Es verf\u00fcgt \u00fcber eine Empfindlichkeit von -44 dB\u00b12 und einen Signal-Rausch-Abstand von 60 dB und bietet eine klare und zuverl\u00e4ssige Audioleistung.<\/p>","protected":false},"featured_media":2744,"comment_status":"open","ping_status":"closed","template":"","meta":[],"product_brand":[721],"product_cat":[16,21],"product_tag":[282,235,288],"class_list":{"0":"post-1841","1":"product","2":"type-product","3":"status-publish","4":"has-post-thumbnail","6":"product_brand-ecmic","7":"product_cat-electret-microphones","8":"product_cat-unidirectional-microphones","9":"product_tag-9-7mm","10":"product_tag-conference","11":"product_tag-solder-pads","13":"first","14":"instock","15":"shipping-taxable","16":"purchasable","17":"product-type-simple"},"_links":{"self":[{"href":"https:\/\/ecmicrophones.com\/de\/wp-json\/wp\/v2\/product\/1841","targetHints":{"allow":["GET"]}}],"collection":[{"href":"https:\/\/ecmicrophones.com\/de\/wp-json\/wp\/v2\/product"}],"about":[{"href":"https:\/\/ecmicrophones.com\/de\/wp-json\/wp\/v2\/types\/product"}],"replies":[{"embeddable":true,"href":"https:\/\/ecmicrophones.com\/de\/wp-json\/wp\/v2\/comments?post=1841"}],"wp:featuredmedia":[{"embeddable":true,"href":"https:\/\/ecmicrophones.com\/de\/wp-json\/wp\/v2\/media\/2744"}],"wp:attachment":[{"href":"https:\/\/ecmicrophones.com\/de\/wp-json\/wp\/v2\/media?parent=1841"}],"wp:term":[{"taxonomy":"product_brand","embeddable":true,"href":"https:\/\/ecmicrophones.com\/de\/wp-json\/wp\/v2\/product_brand?post=1841"},{"taxonomy":"product_cat","embeddable":true,"href":"https:\/\/ecmicrophones.com\/de\/wp-json\/wp\/v2\/product_cat?post=1841"},{"taxonomy":"product_tag","embeddable":true,"href":"https:\/\/ecmicrophones.com\/de\/wp-json\/wp\/v2\/product_tag?post=1841"}],"curies":[{"name":"wp","href":"https:\/\/api.w.org\/{rel}","templated":true}]}}