{"id":187,"date":"2024-03-27T12:06:12","date_gmt":"2024-03-27T12:06:12","guid":{"rendered":"https:\/\/ecmicrophones.com\/?post_type=product&#038;p=187"},"modified":"2026-03-19T15:42:56","modified_gmt":"2026-03-19T07:42:56","slug":"security-camera-microphone-capsule-6mm","status":"publish","type":"product","link":"https:\/\/ecmicrophones.com\/de\/security-camera-microphone-capsule-6mm\/","title":{"rendered":"Mikrofonkapsel f\u00fcr \u00dcberwachungskameras, 6 mm"},"content":{"rendered":"<h2 class=\"text-start\">Technische Daten<\/h2>\n<p class=\"text-start\">Das ECM-B6027AL30RC ist eine kompakte 6-mm-Kugelmikrofonkapsel, die f\u00fcr Sicherheitskameras entwickelt wurde und hochwertige Audioaufnahmen in verschiedenen \u00dcberwachungsumgebungen erm\u00f6glicht. Mit einer Empfindlichkeit von -30dB und einem Signal-Rausch-Verh\u00e4ltnis von 74dB sorgt es f\u00fcr klare und pr\u00e4zise Audioaufnahmen, selbst in lauten Umgebungen. Der Frequenzgang von 50 Hz bis 10 kHz erfasst sowohl tiefe als auch hohe Frequenzen pr\u00e4zise und ist damit ideal f\u00fcr eine umfassende \u00dcberwachung.<\/p>\n<p class=\"text-start\">Diese Mikrofonkapsel ist aus einer robusten Al- und Mg-Legierung gefertigt und zeichnet sich durch Zuverl\u00e4ssigkeit und Langlebigkeit aus, selbst in schwierigen Au\u00dfenumgebungen. Sie wird mit 2 VDC betrieben und eignet sich perfekt f\u00fcr die Integration in drahtgebundene und drahtlose Kamerasysteme, die ein kleines, effizientes und zuverl\u00e4ssiges Mikrofon mit minimalen Interferenzen ben\u00f6tigen.<\/p>\n<p class=\"text-start\">F\u00fcr den robusteren Einsatz im Freien empfiehlt sich das <a href=\"https:\/\/ecmicrophones.com\/de\/wireless-interview-microphone-capsule-6mm\/\">ECM-B6027AL30-L100DFS<\/a>die verbesserte wasserdichte Eigenschaften f\u00fcr anspruchsvolle Bedingungen bietet.<\/p>\n<h3 class=\"pt-5 text-start\">Standardtestschaltung<\/h3>\n<p><img loading=\"lazy\" decoding=\"async\" class=\"alignnone size-full wp-image-307\" src=\"https:\/\/ecmicrophones.com\/wp-content\/uploads\/2024\/03\/standard-test-circuit_ecm-b6027al30rc.png\" alt=\"ECM-B6027AL30RC Testschaltung: 2,2k\u03a9 Vorspannung, 2V Versorgung, 1\u03bcF Ausgang\" width=\"608\" height=\"250\" srcset=\"https:\/\/ecmicrophones.com\/wp-content\/uploads\/2024\/03\/standard-test-circuit_ecm-b6027al30rc.png 608w, https:\/\/ecmicrophones.com\/wp-content\/uploads\/2024\/03\/standard-test-circuit_ecm-b6027al30rc-300x123.png 300w, https:\/\/ecmicrophones.com\/wp-content\/uploads\/2024\/03\/standard-test-circuit_ecm-b6027al30rc-18x7.png 18w, https:\/\/ecmicrophones.com\/wp-content\/uploads\/2024\/03\/standard-test-circuit_ecm-b6027al30rc-600x247.png 600w\" sizes=\"auto, (max-width: 608px) 100vw, 608px\" \/><\/p>\n<p>2,2k\u03a9 Vorspannungswiderstand, 2V Versorgung, 1\u03bcF Ausgangskappe. Optimiert f\u00fcr klare Sprachaufnahmen.<\/p>\n<h3 class=\"pt-5 text-start\">Typischer Frequenzgang<\/h3>\n<p><img loading=\"lazy\" decoding=\"async\" class=\"alignnone size-full wp-image-308\" src=\"https:\/\/ecmicrophones.com\/wp-content\/uploads\/2024\/03\/typical-frequency-response_ecm-b6027al30rc.png\" alt=\"ECM-B6027AL30RC Frequenzgang: Flacher Frequenzgang mit leichtem Abfall oberhalb von 10kHz\" width=\"570\" height=\"301\" srcset=\"https:\/\/ecmicrophones.com\/wp-content\/uploads\/2024\/03\/typical-frequency-response_ecm-b6027al30rc.png 570w, https:\/\/ecmicrophones.com\/wp-content\/uploads\/2024\/03\/typical-frequency-response_ecm-b6027al30rc-300x158.png 300w, https:\/\/ecmicrophones.com\/wp-content\/uploads\/2024\/03\/typical-frequency-response_ecm-b6027al30rc-18x10.png 18w\" sizes=\"auto, (max-width: 570px) 100vw, 570px\" \/><\/p>\n<p>Flacher Frequenzgang mit leichtem Abfall oberhalb von 10kHz.<\/p>\n<h3 class=\"pt-5 text-start\">Abmessungen (Einheit: mm)<\/h3>\n<p><img loading=\"lazy\" decoding=\"async\" class=\"alignnone size-full wp-image-306\" src=\"https:\/\/ecmicrophones.com\/wp-content\/uploads\/2024\/03\/appearance-dimension_ecm-b6027al30rc.png\" alt=\"ECM-B6027AL30RC Abmessungen: \u03a66\u00d72,7mm mit Staubschutzgitter vorne (versiegelte R\u00fcckseite)\" width=\"723\" height=\"638\" srcset=\"https:\/\/ecmicrophones.com\/wp-content\/uploads\/2024\/03\/appearance-dimension_ecm-b6027al30rc.png 723w, https:\/\/ecmicrophones.com\/wp-content\/uploads\/2024\/03\/appearance-dimension_ecm-b6027al30rc-300x265.png 300w, https:\/\/ecmicrophones.com\/wp-content\/uploads\/2024\/03\/appearance-dimension_ecm-b6027al30rc-14x12.png 14w, https:\/\/ecmicrophones.com\/wp-content\/uploads\/2024\/03\/appearance-dimension_ecm-b6027al30rc-600x529.png 600w\" sizes=\"auto, (max-width: 723px) 100vw, 723px\" \/><\/p>\n<p>\u03a66\u00d72,7 mm mit Staubschutzgitter auf der Vorderseite (versiegelte R\u00fcckseite).<\/p>","protected":false},"excerpt":{"rendered":"<p>Leistungsstarke 6-mm-Kugelmikrofonkapsel mit ausgezeichneter Empfindlichkeit und breitem Frequenzgang, ideal f\u00fcr Sicherheitskamerasysteme und \u00dcberwachungsanwendungen. F\u00fcr den robusteren Au\u00dfeneinsatz siehe das <a href=\"https:\/\/ecmicrophones.com\/de\/wireless-interview-microphone-capsule-6mm\/\">ECM-B6027AL30-L100DFS<\/a> mit wasserdichten Eigenschaften.<\/p>","protected":false},"featured_media":2660,"comment_status":"open","ping_status":"closed","template":"","meta":[],"product_brand":[721],"product_cat":[16,20],"product_tag":[283,230,288],"class_list":{"0":"post-187","1":"product","2":"type-product","3":"status-publish","4":"has-post-thumbnail","6":"product_brand-ecmic","7":"product_cat-electret-microphones","8":"product_cat-omnidirectional-microphones","9":"product_tag-6mm","10":"product_tag-security","11":"product_tag-solder-pads","13":"first","14":"instock","15":"shipping-taxable","16":"purchasable","17":"product-type-simple"},"_links":{"self":[{"href":"https:\/\/ecmicrophones.com\/de\/wp-json\/wp\/v2\/product\/187","targetHints":{"allow":["GET"]}}],"collection":[{"href":"https:\/\/ecmicrophones.com\/de\/wp-json\/wp\/v2\/product"}],"about":[{"href":"https:\/\/ecmicrophones.com\/de\/wp-json\/wp\/v2\/types\/product"}],"replies":[{"embeddable":true,"href":"https:\/\/ecmicrophones.com\/de\/wp-json\/wp\/v2\/comments?post=187"}],"wp:featuredmedia":[{"embeddable":true,"href":"https:\/\/ecmicrophones.com\/de\/wp-json\/wp\/v2\/media\/2660"}],"wp:attachment":[{"href":"https:\/\/ecmicrophones.com\/de\/wp-json\/wp\/v2\/media?parent=187"}],"wp:term":[{"taxonomy":"product_brand","embeddable":true,"href":"https:\/\/ecmicrophones.com\/de\/wp-json\/wp\/v2\/product_brand?post=187"},{"taxonomy":"product_cat","embeddable":true,"href":"https:\/\/ecmicrophones.com\/de\/wp-json\/wp\/v2\/product_cat?post=187"},{"taxonomy":"product_tag","embeddable":true,"href":"https:\/\/ecmicrophones.com\/de\/wp-json\/wp\/v2\/product_tag?post=187"}],"curies":[{"name":"wp","href":"https:\/\/api.w.org\/{rel}","templated":true}]}}