{"id":1899,"date":"2024-08-28T16:09:55","date_gmt":"2024-08-28T08:09:55","guid":{"rendered":"https:\/\/ecmicrophones.com\/?post_type=product&#038;p=1899"},"modified":"2026-03-19T15:12:06","modified_gmt":"2026-03-19T07:12:06","slug":"40mm-speaker-driver-for-telephone-handsets","status":"publish","type":"product","link":"https:\/\/ecmicrophones.com\/de\/40mm-speaker-driver-for-telephone-handsets\/","title":{"rendered":"Leistungsstarker 40-mm-Lautsprechertreiber f\u00fcr Gaming-Headsets"},"content":{"rendered":"<h2 class=\"text-start\">Technische Daten<\/h2>\n<p class=\"text-start\">Unser kompakter dynamischer Treiber liefert eine leistungsstarke Audioausgabe mit klarer Klangqualit\u00e4t und breiter Frequenzabdeckung und ist damit ideal f\u00fcr Gaming-Headsets geeignet, die ein dynamisches Klangerlebnis mit hoher Klarheit und tiefen B\u00e4ssen f\u00fcr ein packendes Gameplay bieten.<\/p>\n<h3 class=\"pt-5 text-start\">Frequenzgang-Kurve<\/h3>\n<p><img loading=\"lazy\" decoding=\"async\" class=\"alignnone size-full wp-image-1900\" src=\"https:\/\/ecmicrophones.com\/wp-content\/uploads\/2024\/08\/response-curve_xy40g-349.png\" alt=\"Antwortkurve\" width=\"727\" height=\"318\" srcset=\"https:\/\/ecmicrophones.com\/wp-content\/uploads\/2024\/08\/response-curve_xy40g-349.png 727w, https:\/\/ecmicrophones.com\/wp-content\/uploads\/2024\/08\/response-curve_xy40g-349-300x131.png 300w, https:\/\/ecmicrophones.com\/wp-content\/uploads\/2024\/08\/response-curve_xy40g-349-18x8.png 18w, https:\/\/ecmicrophones.com\/wp-content\/uploads\/2024\/08\/response-curve_xy40g-349-600x262.png 600w\" sizes=\"auto, (max-width: 727px) 100vw, 727px\" \/><\/p>\n<p>\nDer Lautsprecher verf\u00fcgt \u00fcber ein mehrschichtiges Design, das f\u00fcr klare mittlere bis tiefe Frequenzen und geringere Verzerrungen optimiert ist. Ideal f\u00fcr Anwendungen, die satte B\u00e4sse und klare Stimmen erfordern, z. B. f\u00fcr tragbare Audioger\u00e4te.<\/p>\n<h3 class=\"pt-5 text-start\">Abmessungen (UNIT: mm)<\/h3>\n<p><img loading=\"lazy\" decoding=\"async\" class=\"alignnone size-full wp-image-1901\" src=\"https:\/\/ecmicrophones.com\/wp-content\/uploads\/2024\/08\/appearance-size_xy40g-349.jpg\" alt=\"Aussehen Gr\u00f6\u00dfe\" width=\"680\" height=\"350\" srcset=\"https:\/\/ecmicrophones.com\/wp-content\/uploads\/2024\/08\/appearance-size_xy40g-349.jpg 680w, https:\/\/ecmicrophones.com\/wp-content\/uploads\/2024\/08\/appearance-size_xy40g-349-300x154.jpg 300w, https:\/\/ecmicrophones.com\/wp-content\/uploads\/2024\/08\/appearance-size_xy40g-349-18x9.jpg 18w, https:\/\/ecmicrophones.com\/wp-content\/uploads\/2024\/08\/appearance-size_xy40g-349-600x309.jpg 600w\" sizes=\"auto, (max-width: 680px) 100vw, 680px\" \/><\/p>\n<p>\nDurchmesser: 39,8 mm; H\u00f6he: 7,2 mm. Kompakte Lautsprechertreibereinheit.<\/p>","protected":false},"excerpt":{"rendered":"<p>Der ECM-SPYX40G-349 ist ein leistungsstarker dynamischer 40-mm-Lautsprechertreiber, der f\u00fcr Gaming-Headsets entwickelt wurde. Mit pr\u00e4zisen Abmessungen von 39,8 \u00d7 7,2 mm bietet er eine Impedanz von 32\u03a9\u00b115% und liefert einen maximalen Schalldruckpegel von 118,7dB\u00b13. Der Treiber bietet einen weiten Frequenzbereich von 20Hz bis 20kHz und sorgt f\u00fcr einen klaren, immersiven Klang mit tiefen B\u00e4ssen und scharfen H\u00f6hen.<\/p>","protected":false},"featured_media":2620,"comment_status":"open","ping_status":"closed","template":"","meta":[],"product_brand":[721],"product_cat":[393],"product_tag":[],"class_list":{"0":"post-1899","1":"product","2":"type-product","3":"status-publish","4":"has-post-thumbnail","6":"product_brand-ecmic","7":"product_cat-speaker-drivers","9":"first","10":"instock","11":"shipping-taxable","12":"purchasable","13":"product-type-simple"},"_links":{"self":[{"href":"https:\/\/ecmicrophones.com\/de\/wp-json\/wp\/v2\/product\/1899","targetHints":{"allow":["GET"]}}],"collection":[{"href":"https:\/\/ecmicrophones.com\/de\/wp-json\/wp\/v2\/product"}],"about":[{"href":"https:\/\/ecmicrophones.com\/de\/wp-json\/wp\/v2\/types\/product"}],"replies":[{"embeddable":true,"href":"https:\/\/ecmicrophones.com\/de\/wp-json\/wp\/v2\/comments?post=1899"}],"wp:featuredmedia":[{"embeddable":true,"href":"https:\/\/ecmicrophones.com\/de\/wp-json\/wp\/v2\/media\/2620"}],"wp:attachment":[{"href":"https:\/\/ecmicrophones.com\/de\/wp-json\/wp\/v2\/media?parent=1899"}],"wp:term":[{"taxonomy":"product_brand","embeddable":true,"href":"https:\/\/ecmicrophones.com\/de\/wp-json\/wp\/v2\/product_brand?post=1899"},{"taxonomy":"product_cat","embeddable":true,"href":"https:\/\/ecmicrophones.com\/de\/wp-json\/wp\/v2\/product_cat?post=1899"},{"taxonomy":"product_tag","embeddable":true,"href":"https:\/\/ecmicrophones.com\/de\/wp-json\/wp\/v2\/product_tag?post=1899"}],"curies":[{"name":"wp","href":"https:\/\/api.w.org\/{rel}","templated":true}]}}