{"id":201,"date":"2024-03-28T09:04:47","date_gmt":"2024-03-28T09:04:47","guid":{"rendered":"https:\/\/ecmicrophones.com\/?post_type=product&#038;p=201"},"modified":"2026-03-19T15:46:47","modified_gmt":"2026-03-19T07:46:47","slug":"vocal-recording-microphone-capsule-14mm","status":"publish","type":"product","link":"https:\/\/ecmicrophones.com\/de\/vocal-recording-microphone-capsule-14mm\/","title":{"rendered":"Mikrofonkapsel f\u00fcr Gesangsaufnahmen, 14 mm"},"content":{"rendered":"<h2 class=\"text-start\">Technische Daten<\/h2>\n<p class=\"text-start\">Unser unidirektionaler Mikrofonkopf 1445, der f\u00fcr Gesangsanwendungen entwickelt wurde, wird strengen Tests unterzogen, darunter einem 12-st\u00fcndigen Alterungsprozess bei 80 \u00b0C, Falltests aus 1 Meter H\u00f6he sowie Salzspr\u00fchnebel- und Feuchtigkeitstests. Er gew\u00e4hrleistet gleichbleibende Qualit\u00e4t auch unter den anspruchsvollsten Bedingungen.<\/p>\n<h3 class=\"pt-5 text-start\">Standardtestschaltung<\/h3>\n<p><img loading=\"lazy\" decoding=\"async\" class=\"alignnone size-full wp-image-311\" src=\"https:\/\/ecmicrophones.com\/wp-content\/uploads\/2024\/03\/standard-test-circuit_ecm-b1445ul44-476.png\" alt=\"Standardtestschaltung\" width=\"490\" height=\"207\" srcset=\"https:\/\/ecmicrophones.com\/wp-content\/uploads\/2024\/03\/standard-test-circuit_ecm-b1445ul44-476.png 490w, https:\/\/ecmicrophones.com\/wp-content\/uploads\/2024\/03\/standard-test-circuit_ecm-b1445ul44-476-300x127.png 300w, https:\/\/ecmicrophones.com\/wp-content\/uploads\/2024\/03\/standard-test-circuit_ecm-b1445ul44-476-18x8.png 18w\" sizes=\"auto, (max-width: 490px) 100vw, 490px\" \/><\/p>\n<p>Testbedingungen: RL = 680\u03a9, VS = 1,5V, C = 1\u03bcF.<\/p>\n<h3 class=\"pt-5 text-start\">Typischer Frequenzgang<\/h3>\n<p><img loading=\"lazy\" decoding=\"async\" class=\"alignnone size-full wp-image-312\" src=\"https:\/\/ecmicrophones.com\/wp-content\/uploads\/2024\/03\/typical-frequency-response_ecm-b1445ul44-476.png\" alt=\"Typischer Frequenzgang\" width=\"528\" height=\"255\" srcset=\"https:\/\/ecmicrophones.com\/wp-content\/uploads\/2024\/03\/typical-frequency-response_ecm-b1445ul44-476.png 528w, https:\/\/ecmicrophones.com\/wp-content\/uploads\/2024\/03\/typical-frequency-response_ecm-b1445ul44-476-300x145.png 300w, https:\/\/ecmicrophones.com\/wp-content\/uploads\/2024\/03\/typical-frequency-response_ecm-b1445ul44-476-18x9.png 18w\" sizes=\"auto, (max-width: 528px) 100vw, 528px\" \/><\/p>\n<p>Der Frequenzgang bleibt von 100Hz bis 3kHz flach, steigt zwischen 3kHz und 5kHz merklich an und rollt dann allm\u00e4hlich in Richtung 20kHz ab.<\/p>\n<h3 class=\"pt-5 text-start\">Abmessungen (UNIT: mm)<\/h3>\n<p><img loading=\"lazy\" decoding=\"async\" class=\"alignnone size-full wp-image-310\" src=\"https:\/\/ecmicrophones.com\/wp-content\/uploads\/2024\/03\/appearance-dimension_ecm-b1445ul44-476.png\" alt=\"Aussehen Dimension\" width=\"820\" height=\"602\" srcset=\"https:\/\/ecmicrophones.com\/wp-content\/uploads\/2024\/03\/appearance-dimension_ecm-b1445ul44-476.png 820w, https:\/\/ecmicrophones.com\/wp-content\/uploads\/2024\/03\/appearance-dimension_ecm-b1445ul44-476-300x220.png 300w, https:\/\/ecmicrophones.com\/wp-content\/uploads\/2024\/03\/appearance-dimension_ecm-b1445ul44-476-768x564.png 768w, https:\/\/ecmicrophones.com\/wp-content\/uploads\/2024\/03\/appearance-dimension_ecm-b1445ul44-476-16x12.png 16w, https:\/\/ecmicrophones.com\/wp-content\/uploads\/2024\/03\/appearance-dimension_ecm-b1445ul44-476-600x440.png 600w\" sizes=\"auto, (max-width: 820px) 100vw, 820px\" \/><\/p>\n<p>Die Kapsel hat einen Durchmesser von 14 mm und eine H\u00f6he von 4,5 mm und verf\u00fcgt \u00fcber ein Staubschutzgitter auf der Vorderseite und eine akustische \u00d6ffnung auf der R\u00fcckseite.<\/p>","protected":false},"excerpt":{"rendered":"<p>Das ECM-B1445UL44-476 ist eine 14 \u00d7 4,5 mm gro\u00dfe, unidirektionale Mikrofonkapsel, die speziell f\u00fcr Gesangsanwendungen entwickelt wurde. Mit einer Empfindlichkeit von -44 dB\u00b12 und einem Signal-Rausch-Verh\u00e4ltnis von 66 dB garantiert es eine klare und knackige Klangwiedergabe. Ideal f\u00fcr die pr\u00e4zise und klare Aufnahme menschlicher Stimmen.<\/p>","protected":false},"featured_media":2628,"comment_status":"open","ping_status":"closed","template":"","meta":[],"product_brand":[721],"product_cat":[16,21],"product_tag":[280,288,116],"class_list":{"0":"post-201","1":"product","2":"type-product","3":"status-publish","4":"has-post-thumbnail","6":"product_brand-ecmic","7":"product_cat-electret-microphones","8":"product_cat-unidirectional-microphones","9":"product_tag-14mm","10":"product_tag-solder-pads","11":"product_tag-vocal","13":"first","14":"instock","15":"shipping-taxable","16":"purchasable","17":"product-type-simple"},"_links":{"self":[{"href":"https:\/\/ecmicrophones.com\/de\/wp-json\/wp\/v2\/product\/201","targetHints":{"allow":["GET"]}}],"collection":[{"href":"https:\/\/ecmicrophones.com\/de\/wp-json\/wp\/v2\/product"}],"about":[{"href":"https:\/\/ecmicrophones.com\/de\/wp-json\/wp\/v2\/types\/product"}],"replies":[{"embeddable":true,"href":"https:\/\/ecmicrophones.com\/de\/wp-json\/wp\/v2\/comments?post=201"}],"wp:featuredmedia":[{"embeddable":true,"href":"https:\/\/ecmicrophones.com\/de\/wp-json\/wp\/v2\/media\/2628"}],"wp:attachment":[{"href":"https:\/\/ecmicrophones.com\/de\/wp-json\/wp\/v2\/media?parent=201"}],"wp:term":[{"taxonomy":"product_brand","embeddable":true,"href":"https:\/\/ecmicrophones.com\/de\/wp-json\/wp\/v2\/product_brand?post=201"},{"taxonomy":"product_cat","embeddable":true,"href":"https:\/\/ecmicrophones.com\/de\/wp-json\/wp\/v2\/product_cat?post=201"},{"taxonomy":"product_tag","embeddable":true,"href":"https:\/\/ecmicrophones.com\/de\/wp-json\/wp\/v2\/product_tag?post=201"}],"curies":[{"name":"wp","href":"https:\/\/api.w.org\/{rel}","templated":true}]}}