{"id":206,"date":"2024-03-28T09:09:16","date_gmt":"2024-03-28T09:09:16","guid":{"rendered":"https:\/\/ecmicrophones.com\/?post_type=product&#038;p=206"},"modified":"2026-03-19T15:46:56","modified_gmt":"2026-03-19T07:46:56","slug":"tws-earbuds-microphone-smd-4mm","status":"publish","type":"product","link":"https:\/\/ecmicrophones.com\/de\/tws-earbuds-microphone-smd-4mm\/","title":{"rendered":"4-mm-SMD-Mikrofon f\u00fcr TWS-Ohrh\u00f6rer"},"content":{"rendered":"<h2 class=\"text-start\">Technische Daten<\/h2>\n<p class=\"text-start\">Durch die Verwendung importierter, umweltfreundlicher und hochtemperaturbest\u00e4ndiger Materialien gew\u00e4hrleistet unser hochempfindlicher 4013-Mikrofonkopf zur Oberfl\u00e4chenmontage eine zuverl\u00e4ssige Leistung unter anspruchsvollen Bedingungen.<\/p>\n<h3 class=\"pt-5 text-start\">Standardtestschaltung<\/h3>\n<p><img loading=\"lazy\" decoding=\"async\" class=\"alignnone wp-image-316\" src=\"https:\/\/ecmicrophones.com\/wp-content\/uploads\/2024\/03\/standard-test-circuit_ecm-b4013al-smd-29.png\" alt=\"Standardtestschaltung\" width=\"608\" height=\"298\" srcset=\"https:\/\/ecmicrophones.com\/wp-content\/uploads\/2024\/03\/standard-test-circuit_ecm-b4013al-smd-29.png 1542w, https:\/\/ecmicrophones.com\/wp-content\/uploads\/2024\/03\/standard-test-circuit_ecm-b4013al-smd-29-300x147.png 300w, https:\/\/ecmicrophones.com\/wp-content\/uploads\/2024\/03\/standard-test-circuit_ecm-b4013al-smd-29-1024x502.png 1024w, https:\/\/ecmicrophones.com\/wp-content\/uploads\/2024\/03\/standard-test-circuit_ecm-b4013al-smd-29-768x377.png 768w, https:\/\/ecmicrophones.com\/wp-content\/uploads\/2024\/03\/standard-test-circuit_ecm-b4013al-smd-29-1536x753.png 1536w, https:\/\/ecmicrophones.com\/wp-content\/uploads\/2024\/03\/standard-test-circuit_ecm-b4013al-smd-29-18x9.png 18w, https:\/\/ecmicrophones.com\/wp-content\/uploads\/2024\/03\/standard-test-circuit_ecm-b4013al-smd-29-600x294.png 600w\" sizes=\"auto, (max-width: 608px) 100vw, 608px\" \/><\/p>\n<p>Testbedingungen: 2,2k\u03a9 Vorspannungswiderstand, 2V Versorgungsspannung, 1\u03bcF Ausgangskondensator.<\/p>\n<h3 class=\"pt-5 text-start\">Typischer Frequenzgang<\/h3>\n<p><img loading=\"lazy\" decoding=\"async\" class=\"alignnone size-full wp-image-314\" src=\"https:\/\/ecmicrophones.com\/wp-content\/uploads\/2024\/03\/typical-frequency-response_ecm-b4013al-smd-29.png\" alt=\"Typischer Frequenzgang\" width=\"561\" height=\"191\" srcset=\"https:\/\/ecmicrophones.com\/wp-content\/uploads\/2024\/03\/typical-frequency-response_ecm-b4013al-smd-29.png 561w, https:\/\/ecmicrophones.com\/wp-content\/uploads\/2024\/03\/typical-frequency-response_ecm-b4013al-smd-29-300x102.png 300w, https:\/\/ecmicrophones.com\/wp-content\/uploads\/2024\/03\/typical-frequency-response_ecm-b4013al-smd-29-18x6.png 18w\" sizes=\"auto, (max-width: 561px) 100vw, 561px\" \/><\/p>\n<p>Frequenzbereich von 50Hz bis 16kHz; relativ flacher Frequenzgang von 50Hz bis 3kHz, gefolgt von einem allm\u00e4hlichen Abfall von 3kHz bis 16kHz.<\/p>\n<h3 class=\"pt-5 text-start\">Abmessungen (UNIT: mm)<\/h3>\n<p><img loading=\"lazy\" decoding=\"async\" class=\"alignnone size-full wp-image-315\" src=\"https:\/\/ecmicrophones.com\/wp-content\/uploads\/2024\/03\/appearance-dimension_ecm-b4013al-smd-29.png\" alt=\"Aussehen Dimension\" width=\"454\" height=\"454\" srcset=\"https:\/\/ecmicrophones.com\/wp-content\/uploads\/2024\/03\/appearance-dimension_ecm-b4013al-smd-29.png 454w, https:\/\/ecmicrophones.com\/wp-content\/uploads\/2024\/03\/appearance-dimension_ecm-b4013al-smd-29-300x300.png 300w, https:\/\/ecmicrophones.com\/wp-content\/uploads\/2024\/03\/appearance-dimension_ecm-b4013al-smd-29-150x150.png 150w, https:\/\/ecmicrophones.com\/wp-content\/uploads\/2024\/03\/appearance-dimension_ecm-b4013al-smd-29-12x12.png 12w, https:\/\/ecmicrophones.com\/wp-content\/uploads\/2024\/03\/appearance-dimension_ecm-b4013al-smd-29-100x100.png 100w\" sizes=\"auto, (max-width: 454px) 100vw, 454px\" \/><\/p>\n<p>Kompakte SMD-Elektretmikrofonkapsel mit einem Durchmesser von 4 mm und einer H\u00f6he von 1,3 mm.<\/p>","protected":false},"excerpt":{"rendered":"<p>Das ECM-B4013AL-SMD-29 ist ein 4 \u00d7 1,3 mm gro\u00dfes SMD-Mikrofon, das speziell f\u00fcr TWS-Ohrh\u00f6rer entwickelt wurde. Mit seiner omnidirektionalen Richtwirkung und einer Empfindlichkeit von -29 dB\u00b12 sorgt es f\u00fcr eine effektive Tonaufnahme.<\/p>","protected":false},"featured_media":2435,"comment_status":"open","ping_status":"closed","template":"","meta":[],"product_brand":[721],"product_cat":[18],"product_tag":[284,229],"class_list":{"0":"post-206","1":"product","2":"type-product","3":"status-publish","4":"has-post-thumbnail","6":"product_brand-ecmic","7":"product_cat-smd-microphones","8":"product_tag-4mm","9":"product_tag-equipment","11":"first","12":"instock","13":"shipping-taxable","14":"purchasable","15":"product-type-simple"},"_links":{"self":[{"href":"https:\/\/ecmicrophones.com\/de\/wp-json\/wp\/v2\/product\/206","targetHints":{"allow":["GET"]}}],"collection":[{"href":"https:\/\/ecmicrophones.com\/de\/wp-json\/wp\/v2\/product"}],"about":[{"href":"https:\/\/ecmicrophones.com\/de\/wp-json\/wp\/v2\/types\/product"}],"replies":[{"embeddable":true,"href":"https:\/\/ecmicrophones.com\/de\/wp-json\/wp\/v2\/comments?post=206"}],"wp:featuredmedia":[{"embeddable":true,"href":"https:\/\/ecmicrophones.com\/de\/wp-json\/wp\/v2\/media\/2435"}],"wp:attachment":[{"href":"https:\/\/ecmicrophones.com\/de\/wp-json\/wp\/v2\/media?parent=206"}],"wp:term":[{"taxonomy":"product_brand","embeddable":true,"href":"https:\/\/ecmicrophones.com\/de\/wp-json\/wp\/v2\/product_brand?post=206"},{"taxonomy":"product_cat","embeddable":true,"href":"https:\/\/ecmicrophones.com\/de\/wp-json\/wp\/v2\/product_cat?post=206"},{"taxonomy":"product_tag","embeddable":true,"href":"https:\/\/ecmicrophones.com\/de\/wp-json\/wp\/v2\/product_tag?post=206"}],"curies":[{"name":"wp","href":"https:\/\/api.w.org\/{rel}","templated":true}]}}