{"id":2081,"date":"2024-11-21T18:14:06","date_gmt":"2024-11-21T10:14:06","guid":{"rendered":"https:\/\/ecmicrophones.com\/?post_type=product&#038;p=2081"},"modified":"2026-03-19T15:10:44","modified_gmt":"2026-03-19T07:10:44","slug":"compact-silicon-microphone-for-clear-audio","status":"publish","type":"product","link":"https:\/\/ecmicrophones.com\/de\/compact-silicon-microphone-for-clear-audio\/","title":{"rendered":"Optimiertes MEMS-Mikrofon f\u00fcr Arrays, Kameras und Laptops"},"content":{"rendered":"<h2 class=\"text-start\">Technische Daten<\/h2>\n<p class=\"text-start\">Das ECM-IM3729T421-N313H ist ein leistungsstarkes analoges MEMS-Mikrofon, das f\u00fcr Unterhaltungselektronik entwickelt wurde, die eine klare Audioerfassung in kompakten Designs erfordert. Mit einer Empfindlichkeit von -42dBV\/Pa \u00b13dB und einem SNR von 58dB liefert es eine zuverl\u00e4ssige Audioleistung \u00fcber einen gro\u00dfen Dynamikbereich. Sein akustischer \u00dcbersteuerungspunkt von 132 dB SPL gew\u00e4hrleistet verzerrungsfreie Aufnahmen auch in Umgebungen mit hoher Lautst\u00e4rke. Das Mikrofon zeichnet sich durch eine hervorragende HF-Immunit\u00e4t aus, die Interferenzen in unmittelbarer N\u00e4he von Funkantennen reduziert. Die Betriebsspannung reicht von 1,6 V bis 3,6 V und ist damit ideal f\u00fcr batteriebetriebene Ger\u00e4te. Das kompakte Geh\u00e4use mit den Ma\u00dfen 3,76 mm x 2,95 mm x 1,10 mm erm\u00f6glicht einen zuverl\u00e4ssigen Betrieb im Bereich von -40\u2103 bis +100\u2103 und eignet sich somit f\u00fcr Mikrofonarrays, Kameras und Laptops.<\/p>\n<h3 class=\"text-start\">Anwendungsszenarien<\/h3>\n<ul class=\"list-unstyled text-start\">\n<li><i class=\"fa fa-check-circle me-2 text-primary\"><\/i>Mikrofon-Arrays: Geeignet f\u00fcr Mikrofonarrays, die eine klare Audioaufnahme in komplexen Umgebungen erm\u00f6glichen.<\/li>\n<li><i class=\"fa fa-check-circle me-2 text-primary\"><\/i>Kameras: Ideal f\u00fcr Sicherheitskameras und Action-Kameras, die auch bei hohen Ger\u00e4uschpegeln klare Audioaufnahmen liefern.<\/li>\n<li><i class=\"fa fa-check-circle me-2 text-primary\"><\/i>Laptops: Entwickelt f\u00fcr Laptops, die klare Sprachkommunikation und Aufnahmequalit\u00e4t bieten.<\/li>\n<\/ul>\n<h3 class=\"pt-5 text-start\">Empfohlener Interface-Schaltkreis<\/h3>\n<p><img loading=\"lazy\" decoding=\"async\" class=\"alignnone size-full wp-image-2082\" src=\"https:\/\/ecmicrophones.com\/wp-content\/uploads\/2024\/11\/standard-test-circuit_ecm-im3729t421-n313h.jpg\" alt=\"Standardtestschaltung\" width=\"480\" height=\"240\" srcset=\"https:\/\/ecmicrophones.com\/wp-content\/uploads\/2024\/11\/standard-test-circuit_ecm-im3729t421-n313h.jpg 480w, https:\/\/ecmicrophones.com\/wp-content\/uploads\/2024\/11\/standard-test-circuit_ecm-im3729t421-n313h-300x150.jpg 300w, https:\/\/ecmicrophones.com\/wp-content\/uploads\/2024\/11\/standard-test-circuit_ecm-im3729t421-n313h-18x9.jpg 18w\" sizes=\"auto, (max-width: 480px) 100vw, 480px\" \/><\/p>\n<h3 class=\"pt-5 text-start\">Frequenzgang-Kurve<\/h3>\n<p><img loading=\"lazy\" decoding=\"async\" class=\"alignnone size-full wp-image-2084\" src=\"https:\/\/ecmicrophones.com\/wp-content\/uploads\/2024\/11\/typical-frequency-response_ecm-im3729t421-n313h.jpg\" alt=\"Typischer Frequenzgang\" width=\"550\" height=\"328\" srcset=\"https:\/\/ecmicrophones.com\/wp-content\/uploads\/2024\/11\/typical-frequency-response_ecm-im3729t421-n313h.jpg 550w, https:\/\/ecmicrophones.com\/wp-content\/uploads\/2024\/11\/typical-frequency-response_ecm-im3729t421-n313h-300x179.jpg 300w, https:\/\/ecmicrophones.com\/wp-content\/uploads\/2024\/11\/typical-frequency-response_ecm-im3729t421-n313h-18x12.jpg 18w\" sizes=\"auto, (max-width: 550px) 100vw, 550px\" \/><\/p>\n<h3 class=\"pt-5 text-start\">Abmessungen (UNIT: mm)<\/h3>\n<p><img loading=\"lazy\" decoding=\"async\" class=\"alignnone size-full wp-image-2083\" src=\"https:\/\/ecmicrophones.com\/wp-content\/uploads\/2024\/11\/appearance-dimension_ecm-im3729t421-n313h.jpg\" alt=\"Aussehen Dimension\" width=\"610\" height=\"260\" srcset=\"https:\/\/ecmicrophones.com\/wp-content\/uploads\/2024\/11\/appearance-dimension_ecm-im3729t421-n313h.jpg 610w, https:\/\/ecmicrophones.com\/wp-content\/uploads\/2024\/11\/appearance-dimension_ecm-im3729t421-n313h-300x128.jpg 300w, https:\/\/ecmicrophones.com\/wp-content\/uploads\/2024\/11\/appearance-dimension_ecm-im3729t421-n313h-18x8.jpg 18w, https:\/\/ecmicrophones.com\/wp-content\/uploads\/2024\/11\/appearance-dimension_ecm-im3729t421-n313h-600x256.jpg 600w\" sizes=\"auto, (max-width: 610px) 100vw, 610px\" \/><\/p>","protected":false},"excerpt":{"rendered":"<p>Leistungsstarkes analoges MEMS-Mikrofon mit -42dBV\/Pa Empfindlichkeit, 58dB SNR und 132dB AOP. Ausgezeichnete HF-Immunit\u00e4t f\u00fcr Mikrofon-Arrays, Kameras und Laptops.<\/p>","protected":false},"featured_media":2440,"comment_status":"open","ping_status":"closed","template":"","meta":[],"product_brand":[721],"product_cat":[91,19],"product_tag":[708,710,718,699,711,709],"class_list":{"0":"post-2081","1":"product","2":"type-product","3":"status-publish","4":"has-post-thumbnail","6":"product_brand-ecmic","7":"product_cat-analog-microphones","8":"product_cat-mems-microphones","9":"product_tag-analog","10":"product_tag-high-aop","11":"product_tag-industrial-grade","12":"product_tag-mems-mics","13":"product_tag-rf-immunity","14":"product_tag-top-port","16":"first","17":"instock","18":"shipping-taxable","19":"purchasable","20":"product-type-simple"},"_links":{"self":[{"href":"https:\/\/ecmicrophones.com\/de\/wp-json\/wp\/v2\/product\/2081","targetHints":{"allow":["GET"]}}],"collection":[{"href":"https:\/\/ecmicrophones.com\/de\/wp-json\/wp\/v2\/product"}],"about":[{"href":"https:\/\/ecmicrophones.com\/de\/wp-json\/wp\/v2\/types\/product"}],"replies":[{"embeddable":true,"href":"https:\/\/ecmicrophones.com\/de\/wp-json\/wp\/v2\/comments?post=2081"}],"wp:featuredmedia":[{"embeddable":true,"href":"https:\/\/ecmicrophones.com\/de\/wp-json\/wp\/v2\/media\/2440"}],"wp:attachment":[{"href":"https:\/\/ecmicrophones.com\/de\/wp-json\/wp\/v2\/media?parent=2081"}],"wp:term":[{"taxonomy":"product_brand","embeddable":true,"href":"https:\/\/ecmicrophones.com\/de\/wp-json\/wp\/v2\/product_brand?post=2081"},{"taxonomy":"product_cat","embeddable":true,"href":"https:\/\/ecmicrophones.com\/de\/wp-json\/wp\/v2\/product_cat?post=2081"},{"taxonomy":"product_tag","embeddable":true,"href":"https:\/\/ecmicrophones.com\/de\/wp-json\/wp\/v2\/product_tag?post=2081"}],"curies":[{"name":"wp","href":"https:\/\/api.w.org\/{rel}","templated":true}]}}