{"id":213,"date":"2024-03-28T09:15:31","date_gmt":"2024-03-28T09:15:31","guid":{"rendered":"https:\/\/ecmicrophones.com\/?post_type=product&#038;p=213"},"modified":"2026-03-19T15:47:17","modified_gmt":"2026-03-19T07:47:17","slug":"digital-mems-microphone-for-camera","status":"publish","type":"product","link":"https:\/\/ecmicrophones.com\/de\/digital-mems-microphone-for-camera\/","title":{"rendered":"Hochempfindliches digitales MEMS-Mikrofon - Audioabnahme"},"content":{"rendered":"<h2 class=\"text-start\">Technische Daten<\/h2>\n<p class=\"text-start\">Das ECM-M4737-2660D ist ein hochempfindliches, leistungsstarkes MEMS-Mikrofon mit digitalem PDM-Ausgang, das f\u00fcr hochwertige Audioaufnahmen und Spracherkennungsanwendungen entwickelt wurde. Mit einer Empfindlichkeit von -26dBFS und einem SNR von 58dB liefert es saubere Audioaufnahmen \u00fcber einen gro\u00dfen Dynamikbereich. Die gr\u00f6\u00dfere akustische \u00d6ffnung (\u03a60,84 mm) verbessert die Klangqualit\u00e4t zus\u00e4tzlich. Die Betriebsspannung reicht von 1,6 V bis 3,6 V bei einem typischen Stromverbrauch von 0,86 mA. Mit Abmessungen von 4,72 mm x 3,76 mm x 1,25 mm ist er ideal f\u00fcr Unterhaltungselektronik, Automobilsysteme und High-End-IoT-Ger\u00e4te.<\/p>\n<h3 class=\"text-start\">Anwendungsszenarien<\/h3>\n<ul class=\"list-unstyled text-start\">\n<li><i class=\"fa fa-check-circle me-2 text-primary\"><\/i>Unterhaltungselektronik, wie Smartphones, Tablets und Laptops, f\u00fcr hochwertige Audioaufnahmen und Spracherkennung.<\/li>\n<li><i class=\"fa fa-check-circle me-2 text-primary\"><\/i>Automobilelektronik, einschlie\u00dflich Sprachassistenten und Freisprechanlagen, bei denen hohe Empfindlichkeit und Rauschfestigkeit unerl\u00e4sslich sind.<\/li>\n<li><i class=\"fa fa-check-circle me-2 text-primary\"><\/i>Hochwertige IoT-Ger\u00e4te, wie z. B. intelligente \u00dcberwachungssysteme und sprachgesteuerte Ger\u00e4te, die erstklassige Audioqualit\u00e4t und Steuerungsfunktionen erfordern.<\/li>\n<\/ul>\n<h3 class=\"pt-5 text-start\">Empfohlener Interface-Schaltkreis<\/h3>\n<p><img loading=\"lazy\" decoding=\"async\" class=\"alignnone size-full wp-image-322\" src=\"https:\/\/ecmicrophones.com\/wp-content\/uploads\/2024\/03\/standard-test-circuit_ecm-m4737-2660d.png\" alt=\"Standardtestschaltung\" width=\"588\" height=\"356\" srcset=\"https:\/\/ecmicrophones.com\/wp-content\/uploads\/2024\/03\/standard-test-circuit_ecm-m4737-2660d.png 588w, https:\/\/ecmicrophones.com\/wp-content\/uploads\/2024\/03\/standard-test-circuit_ecm-m4737-2660d-300x182.png 300w, https:\/\/ecmicrophones.com\/wp-content\/uploads\/2024\/03\/standard-test-circuit_ecm-m4737-2660d-18x12.png 18w\" sizes=\"auto, (max-width: 588px) 100vw, 588px\" \/><\/p>\n<h3 class=\"pt-5 text-start\">Frequenzgang-Kurve<\/h3>\n<p><img loading=\"lazy\" decoding=\"async\" class=\"alignnone size-full wp-image-320\" src=\"https:\/\/ecmicrophones.com\/wp-content\/uploads\/2024\/03\/typical-frequency-response_ecm-m4737-2660d.png\" alt=\"Typischer Frequenzgang\" width=\"777\" height=\"411\" srcset=\"https:\/\/ecmicrophones.com\/wp-content\/uploads\/2024\/03\/typical-frequency-response_ecm-m4737-2660d.png 777w, https:\/\/ecmicrophones.com\/wp-content\/uploads\/2024\/03\/typical-frequency-response_ecm-m4737-2660d-300x159.png 300w, https:\/\/ecmicrophones.com\/wp-content\/uploads\/2024\/03\/typical-frequency-response_ecm-m4737-2660d-768x406.png 768w, https:\/\/ecmicrophones.com\/wp-content\/uploads\/2024\/03\/typical-frequency-response_ecm-m4737-2660d-18x10.png 18w, https:\/\/ecmicrophones.com\/wp-content\/uploads\/2024\/03\/typical-frequency-response_ecm-m4737-2660d-600x317.png 600w\" sizes=\"auto, (max-width: 777px) 100vw, 777px\" \/><\/p>\n<h3 class=\"pt-5 text-start\">Abmessungen (UNIT: mm)<\/h3>\n<p><img loading=\"lazy\" decoding=\"async\" class=\"alignnone size-full wp-image-321\" src=\"https:\/\/ecmicrophones.com\/wp-content\/uploads\/2024\/03\/appearance-dimension_ecm-m4737-2660d.png\" alt=\"Aussehen Dimension\" width=\"601\" height=\"307\" srcset=\"https:\/\/ecmicrophones.com\/wp-content\/uploads\/2024\/03\/appearance-dimension_ecm-m4737-2660d.png 601w, https:\/\/ecmicrophones.com\/wp-content\/uploads\/2024\/03\/appearance-dimension_ecm-m4737-2660d-300x153.png 300w, https:\/\/ecmicrophones.com\/wp-content\/uploads\/2024\/03\/appearance-dimension_ecm-m4737-2660d-18x9.png 18w\" sizes=\"auto, (max-width: 601px) 100vw, 601px\" \/><\/p>","protected":false},"excerpt":{"rendered":"<p>Leistungsstarkes PDM-MEMS-Mikrofon mit digitalem Ausgang und einer Empfindlichkeit von -26 dBFS und 58 dB SNR. Verf\u00fcgt \u00fcber eine gr\u00f6\u00dfere akustische \u00d6ffnung (\u03a60,84 mm) f\u00fcr verbesserte Klangklarheit. Ideal f\u00fcr Unterhaltungselektronik, Automobilsysteme und High-End-IoT-Ger\u00e4te.<\/p>","protected":false},"featured_media":2451,"comment_status":"open","ping_status":"closed","template":"","meta":[],"product_brand":[721],"product_cat":[92,19],"product_tag":[705,706,699,701],"class_list":{"0":"post-213","1":"product","2":"type-product","3":"status-publish","4":"has-post-thumbnail","6":"product_brand-ecmic","7":"product_cat-digital-microphones","8":"product_cat-mems-microphones","9":"product_tag-high-sensitivity","10":"product_tag-large-aperture","11":"product_tag-mems-mics","12":"product_tag-pdm-mics","14":"first","15":"instock","16":"shipping-taxable","17":"purchasable","18":"product-type-simple"},"_links":{"self":[{"href":"https:\/\/ecmicrophones.com\/de\/wp-json\/wp\/v2\/product\/213","targetHints":{"allow":["GET"]}}],"collection":[{"href":"https:\/\/ecmicrophones.com\/de\/wp-json\/wp\/v2\/product"}],"about":[{"href":"https:\/\/ecmicrophones.com\/de\/wp-json\/wp\/v2\/types\/product"}],"replies":[{"embeddable":true,"href":"https:\/\/ecmicrophones.com\/de\/wp-json\/wp\/v2\/comments?post=213"}],"wp:featuredmedia":[{"embeddable":true,"href":"https:\/\/ecmicrophones.com\/de\/wp-json\/wp\/v2\/media\/2451"}],"wp:attachment":[{"href":"https:\/\/ecmicrophones.com\/de\/wp-json\/wp\/v2\/media?parent=213"}],"wp:term":[{"taxonomy":"product_brand","embeddable":true,"href":"https:\/\/ecmicrophones.com\/de\/wp-json\/wp\/v2\/product_brand?post=213"},{"taxonomy":"product_cat","embeddable":true,"href":"https:\/\/ecmicrophones.com\/de\/wp-json\/wp\/v2\/product_cat?post=213"},{"taxonomy":"product_tag","embeddable":true,"href":"https:\/\/ecmicrophones.com\/de\/wp-json\/wp\/v2\/product_tag?post=213"}],"curies":[{"name":"wp","href":"https:\/\/api.w.org\/{rel}","templated":true}]}}