{"id":2134,"date":"2024-12-13T16:20:00","date_gmt":"2024-12-13T08:20:00","guid":{"rendered":"https:\/\/ecmicrophones.com\/?post_type=product&#038;p=2134"},"modified":"2026-03-19T15:09:39","modified_gmt":"2026-03-19T07:09:39","slug":"4mm-gold-plated-unidirectional-microphone-capsule-for-two-way-radios","status":"publish","type":"product","link":"https:\/\/ecmicrophones.com\/de\/4mm-gold-plated-unidirectional-microphone-capsule-for-two-way-radios\/","title":{"rendered":"4mm vergoldete unidirektionale Mikrofonkapsel f\u00fcr Zweiweg-Funkger\u00e4te"},"content":{"rendered":"<h2 class=\"text-start\">Technische Daten<\/h2>\n<p class=\"text-start\">Das ECM-B4015UP40-474 ist eine 4mm-Mikrofonkapsel mit unidirektionaler Richtcharakteristik, die speziell f\u00fcr Zweiwege-Funkger\u00e4te entwickelt wurde. Ihr Dreifach-Kondensator-Design sorgt f\u00fcr au\u00dfergew\u00f6hnliche Stabilit\u00e4t, reduziert Interferenzen und sorgt f\u00fcr eine gleichbleibende Audioqualit\u00e4t auch unter dynamischen Bedingungen.<\/p>\n<p class=\"text-start\">Mit einer Empfindlichkeit von -40dB\u00b12 und einem Signal-Rausch-Verh\u00e4ltnis von 52dB nimmt diese Mikrofonkapsel klare und verst\u00e4ndliche Sprachsignale auf und minimiert gleichzeitig Hintergrundger\u00e4usche. Sein Frequenzgang von 100Hz-16kHz und seine F\u00e4higkeit, bis zu 105dB SPL zu verarbeiten, machen es ideal f\u00fcr den Einsatz in Umgebungen, in denen klare Kommunikation unerl\u00e4sslich ist.<\/p>\n<p class=\"text-start\">Diese Kapsel ist mit vergoldeten Cu-Stiften ausgestattet, die eine ausgezeichnete elektrische Leitf\u00e4higkeit und Oxidationsbest\u00e4ndigkeit bieten und somit eine langfristige Zuverl\u00e4ssigkeit gew\u00e4hrleisten. Mit einer Gr\u00f6\u00dfe von nur 4 mm \u00d7 1,5 mm erm\u00f6glicht das kompakte Design eine nahtlose Integration in Kommunikationsger\u00e4te.<\/p>\n<p class=\"text-start\">Das ECM-B4015UP40-474 eignet sich perfekt f\u00fcr Zweiwege-Funkger\u00e4te in Branchen wie Sicherheit, Einzelhandel und Outdoor-Kommunikation und bietet eine \u00fcberragende Leistung mit Schwerpunkt auf Haltbarkeit und Zuverl\u00e4ssigkeit.<\/p>\n<h3 class=\"pt-5 text-start\">Standardtestschaltung<\/h3>\n<p><img loading=\"lazy\" decoding=\"async\" class=\"alignnone size-full wp-image-2141\" src=\"https:\/\/ecmicrophones.com\/wp-content\/uploads\/2024\/12\/standard-test-circuit_ecm-b4015up40-474.png\" alt=\"ECM-B4015UP40-474 Testschaltung: 2,2k\u03a9 Vorspannung, 2V Versorgung, 1\u03bcF Koppelkondensator\" width=\"503\" height=\"223\" srcset=\"https:\/\/ecmicrophones.com\/wp-content\/uploads\/2024\/12\/standard-test-circuit_ecm-b4015up40-474.png 503w, https:\/\/ecmicrophones.com\/wp-content\/uploads\/2024\/12\/standard-test-circuit_ecm-b4015up40-474-300x133.png 300w, https:\/\/ecmicrophones.com\/wp-content\/uploads\/2024\/12\/standard-test-circuit_ecm-b4015up40-474-18x8.png 18w\" sizes=\"auto, (max-width: 503px) 100vw, 503px\" \/><\/p>\n<p>2,2k\u03a9 Vorspannungswiderstand, 2V Gleichstromversorgung, 1\u03bcF Koppelkondensator.<\/p>\n<h3 class=\"pt-5 text-start\">Typischer Frequenzgang<\/h3>\n<p><img loading=\"lazy\" decoding=\"async\" class=\"alignnone wp-image-2142 size-large\" src=\"https:\/\/ecmicrophones.com\/wp-content\/uploads\/2024\/12\/typical-frequency-response_ecm-b4015up40-474-1024x512.png\" alt=\"ECM-B4015UP40-474 Frequenzgang: Steigender Frequenzgang von etwa 200Hz bis 16kHz\" width=\"1024\" height=\"512\" srcset=\"https:\/\/ecmicrophones.com\/wp-content\/uploads\/2024\/12\/typical-frequency-response_ecm-b4015up40-474-1024x512.png 1024w, https:\/\/ecmicrophones.com\/wp-content\/uploads\/2024\/12\/typical-frequency-response_ecm-b4015up40-474-300x150.png 300w, https:\/\/ecmicrophones.com\/wp-content\/uploads\/2024\/12\/typical-frequency-response_ecm-b4015up40-474-768x384.png 768w, https:\/\/ecmicrophones.com\/wp-content\/uploads\/2024\/12\/typical-frequency-response_ecm-b4015up40-474-1536x768.png 1536w, https:\/\/ecmicrophones.com\/wp-content\/uploads\/2024\/12\/typical-frequency-response_ecm-b4015up40-474-18x9.png 18w, https:\/\/ecmicrophones.com\/wp-content\/uploads\/2024\/12\/typical-frequency-response_ecm-b4015up40-474-600x300.png 600w, https:\/\/ecmicrophones.com\/wp-content\/uploads\/2024\/12\/typical-frequency-response_ecm-b4015up40-474.png 1580w\" sizes=\"auto, (max-width: 1024px) 100vw, 1024px\" \/><\/p>\n<p>Allm\u00e4hlich ansteigender Frequenzgang von ca. 200 Hz bis 16 kHz, abgestimmt auf die Sprachverst\u00e4ndlichkeit bei Headset-Mikrofonanwendungen.<\/p>\n<h3 class=\"pt-5 text-start\">Abmessungen (Einheit: mm)<\/h3>\n<p><img loading=\"lazy\" decoding=\"async\" class=\"alignnone size-full wp-image-2140\" src=\"https:\/\/ecmicrophones.com\/wp-content\/uploads\/2024\/12\/appearance-dimension_ecm-b4015up40-474.png\" alt=\"ECM-B4015UP40-474 Abmessungen: \u03a64,0\u00d71,5mm mit Staubschutzgitter vorne und Schall\u00f6ffnung hinten\" width=\"528\" height=\"406\" srcset=\"https:\/\/ecmicrophones.com\/wp-content\/uploads\/2024\/12\/appearance-dimension_ecm-b4015up40-474.png 528w, https:\/\/ecmicrophones.com\/wp-content\/uploads\/2024\/12\/appearance-dimension_ecm-b4015up40-474-300x231.png 300w, https:\/\/ecmicrophones.com\/wp-content\/uploads\/2024\/12\/appearance-dimension_ecm-b4015up40-474-16x12.png 16w\" sizes=\"auto, (max-width: 528px) 100vw, 528px\" \/><\/p>\n<p>\u03a64,0\u00d71,5 mm kompaktes Geh\u00e4use mit Staubschutzgitter an der Vorderseite, r\u00fcckseitiger Sound-Anschluss, 2,8 mm Stifte mit 1,4 mm Abstand.<\/p>","protected":false},"excerpt":{"rendered":"<p>Kompakte 4-mm-Mikrofonkapsel mit unidirektionaler Richtcharakteristik f\u00fcr Zwei-Wege-Funkger\u00e4te. Ein Dreifach-Kondensator-Design f\u00fcr verbesserte Stabilit\u00e4t, vergoldete Stifte f\u00fcr hervorragende Leitf\u00e4higkeit und eine ger\u00e4uschunterdr\u00fcckende Richtcharakteristik sorgen f\u00fcr klare und zuverl\u00e4ssige Sprach\u00fcbertragung in anspruchsvollen Umgebungen.<\/p>","protected":false},"featured_media":2716,"comment_status":"open","ping_status":"closed","template":"","meta":[],"product_brand":[721],"product_cat":[16,21],"product_tag":[284,235,291],"class_list":{"0":"post-2134","1":"product","2":"type-product","3":"status-publish","4":"has-post-thumbnail","6":"product_brand-ecmic","7":"product_cat-electret-microphones","8":"product_cat-unidirectional-microphones","9":"product_tag-4mm","10":"product_tag-conference","11":"product_tag-pin-type","13":"first","14":"instock","15":"shipping-taxable","16":"purchasable","17":"product-type-simple"},"_links":{"self":[{"href":"https:\/\/ecmicrophones.com\/de\/wp-json\/wp\/v2\/product\/2134","targetHints":{"allow":["GET"]}}],"collection":[{"href":"https:\/\/ecmicrophones.com\/de\/wp-json\/wp\/v2\/product"}],"about":[{"href":"https:\/\/ecmicrophones.com\/de\/wp-json\/wp\/v2\/types\/product"}],"replies":[{"embeddable":true,"href":"https:\/\/ecmicrophones.com\/de\/wp-json\/wp\/v2\/comments?post=2134"}],"wp:featuredmedia":[{"embeddable":true,"href":"https:\/\/ecmicrophones.com\/de\/wp-json\/wp\/v2\/media\/2716"}],"wp:attachment":[{"href":"https:\/\/ecmicrophones.com\/de\/wp-json\/wp\/v2\/media?parent=2134"}],"wp:term":[{"taxonomy":"product_brand","embeddable":true,"href":"https:\/\/ecmicrophones.com\/de\/wp-json\/wp\/v2\/product_brand?post=2134"},{"taxonomy":"product_cat","embeddable":true,"href":"https:\/\/ecmicrophones.com\/de\/wp-json\/wp\/v2\/product_cat?post=2134"},{"taxonomy":"product_tag","embeddable":true,"href":"https:\/\/ecmicrophones.com\/de\/wp-json\/wp\/v2\/product_tag?post=2134"}],"curies":[{"name":"wp","href":"https:\/\/api.w.org\/{rel}","templated":true}]}}