{"id":324,"date":"2024-04-16T05:39:48","date_gmt":"2024-04-16T05:39:48","guid":{"rendered":"https:\/\/ecmicrophones.com\/?post_type=product&#038;p=324"},"modified":"2026-03-19T15:47:27","modified_gmt":"2026-03-19T07:47:27","slug":"instrument-microphone-capsule-electret-6mm","status":"publish","type":"product","link":"https:\/\/ecmicrophones.com\/de\/instrument-microphone-capsule-electret-6mm\/","title":{"rendered":"6-mm-Elektret-Instrumentenmikrofonkapsel mit Stiften"},"content":{"rendered":"<h2 class=\"text-start\">Technische Daten<\/h2>\n<p class=\"text-start\">Unser unidirektionaler Plug-in-Mikrofonkopf 6027 verf\u00fcgt \u00fcber zwei Kondensatoren zur effektiven Abschirmung gegen HF-St\u00f6rsignale. Er nutzt einen koreanischen HF-JFET f\u00fcr verbesserte Leistung und Haltbarkeit und gew\u00e4hrleistet so stabile und zuverl\u00e4ssige Qualit\u00e4t.<\/p>\n<h3 class=\"pt-5 text-start\">Standardtestschaltung<\/h3>\n<p><img loading=\"lazy\" decoding=\"async\" class=\"alignnone size-full wp-image-327\" src=\"https:\/\/ecmicrophones.com\/wp-content\/uploads\/2024\/04\/standard-test-circuit_ecm-b6027up-47.png\" alt=\"Standardtestschaltung\" width=\"515\" height=\"220\" srcset=\"https:\/\/ecmicrophones.com\/wp-content\/uploads\/2024\/04\/standard-test-circuit_ecm-b6027up-47.png 515w, https:\/\/ecmicrophones.com\/wp-content\/uploads\/2024\/04\/standard-test-circuit_ecm-b6027up-47-300x128.png 300w, https:\/\/ecmicrophones.com\/wp-content\/uploads\/2024\/04\/standard-test-circuit_ecm-b6027up-47-18x8.png 18w\" sizes=\"auto, (max-width: 515px) 100vw, 515px\" \/><\/p>\n<p>Standardkonfiguration mit 2,2k\u03a9 Lastwiderstand, 2V DC Versorgung und 1\u03bcF Koppelkondensator.<\/p>\n<h3 class=\"pt-5 text-start\">Typischer Frequenzgang<\/h3>\n<p><img loading=\"lazy\" decoding=\"async\" class=\"alignnone size-full wp-image-325\" src=\"https:\/\/ecmicrophones.com\/wp-content\/uploads\/2024\/04\/typical-frequency-response_ecm-b6027up-47.png\" alt=\"Typischer Frequenzgang\" width=\"614\" height=\"302\" srcset=\"https:\/\/ecmicrophones.com\/wp-content\/uploads\/2024\/04\/typical-frequency-response_ecm-b6027up-47.png 614w, https:\/\/ecmicrophones.com\/wp-content\/uploads\/2024\/04\/typical-frequency-response_ecm-b6027up-47-300x148.png 300w, https:\/\/ecmicrophones.com\/wp-content\/uploads\/2024\/04\/typical-frequency-response_ecm-b6027up-47-18x9.png 18w, https:\/\/ecmicrophones.com\/wp-content\/uploads\/2024\/04\/typical-frequency-response_ecm-b6027up-47-600x295.png 600w\" sizes=\"auto, (max-width: 614px) 100vw, 614px\" \/><\/p>\n<p>Ansteigender Tieftonbereich bis ~800Hz, gefolgt von einem flachen Mitteltonbereich und einem stetigen Anstieg der Verst\u00e4rkung von 5kHz bis 10kHz f\u00fcr verbesserte Klarheit im Hochtonbereich.<\/p>\n<h3 class=\"pt-5 text-start\">Abmessungen (UNIT: mm)<\/h3>\n<p><img loading=\"lazy\" decoding=\"async\" class=\"alignnone size-full wp-image-326\" src=\"https:\/\/ecmicrophones.com\/wp-content\/uploads\/2024\/04\/appearance-dimension_ecm-b6027up-47.png\" alt=\"Aussehen Dimension\" width=\"316\" height=\"431\" srcset=\"https:\/\/ecmicrophones.com\/wp-content\/uploads\/2024\/04\/appearance-dimension_ecm-b6027up-47.png 316w, https:\/\/ecmicrophones.com\/wp-content\/uploads\/2024\/04\/appearance-dimension_ecm-b6027up-47-220x300.png 220w, https:\/\/ecmicrophones.com\/wp-content\/uploads\/2024\/04\/appearance-dimension_ecm-b6027up-47-9x12.png 9w\" sizes=\"auto, (max-width: 316px) 100vw, 316px\" \/><\/p>\n<p>Kompaktes Design (6,0 \u00d7 2,7 mm) mit staubdichtem Netz an der Vorderseite und einem akustischen Anschluss an der R\u00fcckseite f\u00fcr eine bessere Tonaufnahme. Ausgestattet mit 2,8-mm-Stiften mit 1,9-mm-Abstand.<\/p>","protected":false},"excerpt":{"rendered":"<p>Das ECM-B6027UP-47 ist eine unidirektionale Elektretmikrofonkapsel (6 x 2,7 mm) mit 2 Pins, einer Empfindlichkeit von -47 dB\u00b12 und einem SNR von 52 dB. Ideal f\u00fcr die Tonabnahme von Gitarren und anderen Instrumenten.<\/p>","protected":false},"featured_media":2570,"comment_status":"open","ping_status":"closed","template":"","meta":[],"product_brand":[721],"product_cat":[16,21],"product_tag":[283,111,291],"class_list":{"0":"post-324","1":"product","2":"type-product","3":"status-publish","4":"has-post-thumbnail","6":"product_brand-ecmic","7":"product_cat-electret-microphones","8":"product_cat-unidirectional-microphones","9":"product_tag-6mm","10":"product_tag-instrument","11":"product_tag-pin-type","13":"first","14":"instock","15":"shipping-taxable","16":"purchasable","17":"product-type-simple"},"_links":{"self":[{"href":"https:\/\/ecmicrophones.com\/de\/wp-json\/wp\/v2\/product\/324","targetHints":{"allow":["GET"]}}],"collection":[{"href":"https:\/\/ecmicrophones.com\/de\/wp-json\/wp\/v2\/product"}],"about":[{"href":"https:\/\/ecmicrophones.com\/de\/wp-json\/wp\/v2\/types\/product"}],"replies":[{"embeddable":true,"href":"https:\/\/ecmicrophones.com\/de\/wp-json\/wp\/v2\/comments?post=324"}],"wp:featuredmedia":[{"embeddable":true,"href":"https:\/\/ecmicrophones.com\/de\/wp-json\/wp\/v2\/media\/2570"}],"wp:attachment":[{"href":"https:\/\/ecmicrophones.com\/de\/wp-json\/wp\/v2\/media?parent=324"}],"wp:term":[{"taxonomy":"product_brand","embeddable":true,"href":"https:\/\/ecmicrophones.com\/de\/wp-json\/wp\/v2\/product_brand?post=324"},{"taxonomy":"product_cat","embeddable":true,"href":"https:\/\/ecmicrophones.com\/de\/wp-json\/wp\/v2\/product_cat?post=324"},{"taxonomy":"product_tag","embeddable":true,"href":"https:\/\/ecmicrophones.com\/de\/wp-json\/wp\/v2\/product_tag?post=324"}],"curies":[{"name":"wp","href":"https:\/\/api.w.org\/{rel}","templated":true}]}}