{"id":328,"date":"2024-04-15T09:13:49","date_gmt":"2024-04-15T09:13:49","guid":{"rendered":"https:\/\/ecmicrophones.com\/?post_type=product&#038;p=328"},"modified":"2026-03-19T15:47:38","modified_gmt":"2026-03-19T07:47:38","slug":"waterproof-lavalier-microphone-capsule-9-7mm","status":"publish","type":"product","link":"https:\/\/ecmicrophones.com\/de\/waterproof-lavalier-microphone-capsule-9-7mm\/","title":{"rendered":"Wasserdichte Lavalier-Mikrofonkapsel 9,7 mm"},"content":{"rendered":"<h2 class=\"text-start\">Technische Daten<\/h2>\n<p class=\"text-start\">Unser wasserdichter Mikrofonkopf 9745 mit Schutzklasse IP67 zeichnet sich durch hohe Empfindlichkeit aus und ist daher ideal f\u00fcr Ansteckmikrofone. Er wurde speziell mit einem koreanischen RF JFET und einem hochwertigen wasserdichten amerikanischen Netz hergestellt und gew\u00e4hrleistet eine stabile und zuverl\u00e4ssige Leistung.<\/p>\n<h3 class=\"pt-5 text-start\">Standardtestschaltung<\/h3>\n<p> <img loading=\"lazy\" decoding=\"async\" class=\"alignnone size-full wp-image-333\" src=\"https:\/\/ecmicrophones.com\/wp-content\/uploads\/2024\/04\/standard-test-circuit_ecm-f9745al36-ip67.jpg\" alt=\"Standardtestschaltung\" width=\"723\" height=\"283\" srcset=\"https:\/\/ecmicrophones.com\/wp-content\/uploads\/2024\/04\/standard-test-circuit_ecm-f9745al36-ip67.jpg 723w, https:\/\/ecmicrophones.com\/wp-content\/uploads\/2024\/04\/standard-test-circuit_ecm-f9745al36-ip67-300x117.jpg 300w, https:\/\/ecmicrophones.com\/wp-content\/uploads\/2024\/04\/standard-test-circuit_ecm-f9745al36-ip67-18x7.jpg 18w, https:\/\/ecmicrophones.com\/wp-content\/uploads\/2024\/04\/standard-test-circuit_ecm-f9745al36-ip67-600x235.jpg 600w\" sizes=\"auto, (max-width: 723px) 100vw, 723px\" \/> <\/p>\n<p>Pr\u00fcfschaltung mit RL=2,2K\u03a9, VS=2V und C=1\u03bcF.<\/p>\n<h3 class=\"pt-5 text-start\">Typischer Frequenzgang<\/h3>\n<p> <img loading=\"lazy\" decoding=\"async\" class=\"alignnone size-full wp-image-331\" src=\"https:\/\/ecmicrophones.com\/wp-content\/uploads\/2024\/04\/typical-frequency-response_ecm-f9745al36-ip67.jpg\" alt=\"Typischer Frequenzgang\" width=\"718\" height=\"509\" srcset=\"https:\/\/ecmicrophones.com\/wp-content\/uploads\/2024\/04\/typical-frequency-response_ecm-f9745al36-ip67.jpg 718w, https:\/\/ecmicrophones.com\/wp-content\/uploads\/2024\/04\/typical-frequency-response_ecm-f9745al36-ip67-300x213.jpg 300w, https:\/\/ecmicrophones.com\/wp-content\/uploads\/2024\/04\/typical-frequency-response_ecm-f9745al36-ip67-18x12.jpg 18w, https:\/\/ecmicrophones.com\/wp-content\/uploads\/2024\/04\/typical-frequency-response_ecm-f9745al36-ip67-600x425.jpg 600w\" sizes=\"auto, (max-width: 718px) 100vw, 718px\" \/> <\/p>\n<p>Der Frequenzgang nimmt von 50Hz bis 3kHz ab, steigt dann zwischen 3kHz und 5kHz an, bevor er bis 20kHz allm\u00e4hlich abf\u00e4llt.<\/p>\n<h3 class=\"pt-5 text-start\">Abmessungen (UNIT: mm)<\/h3>\n<p> <img loading=\"lazy\" decoding=\"async\" class=\"alignnone size-full wp-image-332\" src=\"https:\/\/ecmicrophones.com\/wp-content\/uploads\/2024\/04\/appearance-dimension_ecm-f9745al36-ip67.jpg\" alt=\"Aussehen Dimension\" width=\"432\" height=\"488\" srcset=\"https:\/\/ecmicrophones.com\/wp-content\/uploads\/2024\/04\/appearance-dimension_ecm-f9745al36-ip67.jpg 432w, https:\/\/ecmicrophones.com\/wp-content\/uploads\/2024\/04\/appearance-dimension_ecm-f9745al36-ip67-266x300.jpg 266w, https:\/\/ecmicrophones.com\/wp-content\/uploads\/2024\/04\/appearance-dimension_ecm-f9745al36-ip67-11x12.jpg 11w\" sizes=\"auto, (max-width: 432px) 100vw, 432px\" \/> <\/p>\n<p>Durchmesser 9,7 mm, H\u00f6he 4,5 mm, mit einer wasserdichten Membran auf der Vorderseite und ohne \u00d6ffnungen auf der R\u00fcckseite.<\/p>","protected":false},"excerpt":{"rendered":"<p>Das ECM-F9745AL36-IP67 ist eine 9,7 \u00d7 4,5 mm gro\u00dfe omnidirektionale Mikrofonkapsel, die f\u00fcr hohe Anforderungen an die Wasserfestigkeit in Tonabnehmerprodukten entwickelt wurde. Es verf\u00fcgt \u00fcber eine Empfindlichkeit von -36 dB\u00b12 und einen Signal-Rausch-Abstand von 65 dB und gew\u00e4hrleistet so eine zuverl\u00e4ssige Leistung in anspruchsvollen Umgebungen.<\/p>","protected":false},"featured_media":2790,"comment_status":"open","ping_status":"closed","template":"","meta":[],"product_brand":[721],"product_cat":[20,16],"product_tag":[282,235,288],"class_list":{"0":"post-328","1":"product","2":"type-product","3":"status-publish","4":"has-post-thumbnail","6":"product_brand-ecmic","7":"product_cat-omnidirectional-microphones","8":"product_cat-electret-microphones","9":"product_tag-9-7mm","10":"product_tag-conference","11":"product_tag-solder-pads","13":"first","14":"instock","15":"shipping-taxable","16":"purchasable","17":"product-type-simple"},"_links":{"self":[{"href":"https:\/\/ecmicrophones.com\/de\/wp-json\/wp\/v2\/product\/328","targetHints":{"allow":["GET"]}}],"collection":[{"href":"https:\/\/ecmicrophones.com\/de\/wp-json\/wp\/v2\/product"}],"about":[{"href":"https:\/\/ecmicrophones.com\/de\/wp-json\/wp\/v2\/types\/product"}],"replies":[{"embeddable":true,"href":"https:\/\/ecmicrophones.com\/de\/wp-json\/wp\/v2\/comments?post=328"}],"wp:featuredmedia":[{"embeddable":true,"href":"https:\/\/ecmicrophones.com\/de\/wp-json\/wp\/v2\/media\/2790"}],"wp:attachment":[{"href":"https:\/\/ecmicrophones.com\/de\/wp-json\/wp\/v2\/media?parent=328"}],"wp:term":[{"taxonomy":"product_brand","embeddable":true,"href":"https:\/\/ecmicrophones.com\/de\/wp-json\/wp\/v2\/product_brand?post=328"},{"taxonomy":"product_cat","embeddable":true,"href":"https:\/\/ecmicrophones.com\/de\/wp-json\/wp\/v2\/product_cat?post=328"},{"taxonomy":"product_tag","embeddable":true,"href":"https:\/\/ecmicrophones.com\/de\/wp-json\/wp\/v2\/product_tag?post=328"}],"curies":[{"name":"wp","href":"https:\/\/api.w.org\/{rel}","templated":true}]}}