{"id":343,"date":"2024-04-15T07:12:24","date_gmt":"2024-04-15T07:12:24","guid":{"rendered":"https:\/\/ecmicrophones.com\/?post_type=product&#038;p=343"},"modified":"2026-03-19T15:48:00","modified_gmt":"2026-03-19T07:48:00","slug":"6mm-omnidirectional-electret-microphone-insert-for-wireless-lavalier","status":"publish","type":"product","link":"https:\/\/ecmicrophones.com\/de\/6mm-omnidirectional-electret-microphone-insert-for-wireless-lavalier\/","title":{"rendered":"6mm omnidirektionaler Elektretmikrofoneinsatz f\u00fcr kabelloses Lavaliermikrofon"},"content":{"rendered":"<h2 class=\"text-start\">Technische Daten<\/h2>\n<p class=\"text-start\">Der omnidirektionale Mikrofonkopf 6027 zeichnet sich durch hohe Empfindlichkeit und ein hohes Signal-Rausch-Verh\u00e4ltnis aus und verf\u00fcgt \u00fcber ein internes Doppelkondensatordesign f\u00fcr \u00fcberragende Audioqualit\u00e4t.<\/p>\n<h3 class=\"pt-5 text-start\">Standardtestschaltung<\/h3>\n<p><img loading=\"lazy\" decoding=\"async\" class=\"alignnone size-full wp-image-344\" src=\"https:\/\/ecmicrophones.com\/wp-content\/uploads\/2024\/04\/standard-test-circuit_ecm-b6027al30-715.png\" alt=\"ECM-B6027AL30 Testschaltung: 2,2k\u03a9 Vorspannung, 2V Versorgung, 1\u03bcF Ausgang\" width=\"656\" height=\"280\" srcset=\"https:\/\/ecmicrophones.com\/wp-content\/uploads\/2024\/04\/standard-test-circuit_ecm-b6027al30-715.png 656w, https:\/\/ecmicrophones.com\/wp-content\/uploads\/2024\/04\/standard-test-circuit_ecm-b6027al30-715-300x128.png 300w, https:\/\/ecmicrophones.com\/wp-content\/uploads\/2024\/04\/standard-test-circuit_ecm-b6027al30-715-18x8.png 18w, https:\/\/ecmicrophones.com\/wp-content\/uploads\/2024\/04\/standard-test-circuit_ecm-b6027al30-715-600x256.png 600w\" sizes=\"auto, (max-width: 656px) 100vw, 656px\" \/><\/p>\n<p>2,2k\u03a9 Vorspannungswiderstand, 2V Versorgung, 1\u03bcF Ausgangskondensator. Standard Voice-Grade-Konfiguration.<\/p>\n<h3 class=\"pt-5 text-start\">Typischer Frequenzgang<\/h3>\n<p><img loading=\"lazy\" decoding=\"async\" class=\"alignnone size-full wp-image-345\" src=\"https:\/\/ecmicrophones.com\/wp-content\/uploads\/2024\/04\/typical-frequency-response_ecm-b6027al30-715.png\" alt=\"ECM-B6027AL30 Frequenzgang: Flach mit Roll-off oberhalb von 8kHz\" width=\"397\" height=\"284\" srcset=\"https:\/\/ecmicrophones.com\/wp-content\/uploads\/2024\/04\/typical-frequency-response_ecm-b6027al30-715.png 397w, https:\/\/ecmicrophones.com\/wp-content\/uploads\/2024\/04\/typical-frequency-response_ecm-b6027al30-715-300x215.png 300w, https:\/\/ecmicrophones.com\/wp-content\/uploads\/2024\/04\/typical-frequency-response_ecm-b6027al30-715-18x12.png 18w\" sizes=\"auto, (max-width: 397px) 100vw, 397px\" \/><\/p>\n<p>Flacher Frequenzgang mit kontrolliertem Roll-Off oberhalb von 8kHz.<\/p>\n<h3 class=\"pt-5 text-start\">Abmessungen (Einheit: mm)<\/h3>\n<p><img loading=\"lazy\" decoding=\"async\" class=\"alignnone size-full wp-image-346\" src=\"https:\/\/ecmicrophones.com\/wp-content\/uploads\/2024\/04\/appearance-dimension_ecm-b6027al30-715.png\" alt=\"ECM-B6027AL30 Abmessungen: \u03a66\u00d72,7mm mit Staubschutzgitter an der Vorderseite (nicht portierte Ausf\u00fchrung)\" width=\"341\" height=\"431\" srcset=\"https:\/\/ecmicrophones.com\/wp-content\/uploads\/2024\/04\/appearance-dimension_ecm-b6027al30-715.png 341w, https:\/\/ecmicrophones.com\/wp-content\/uploads\/2024\/04\/appearance-dimension_ecm-b6027al30-715-237x300.png 237w, https:\/\/ecmicrophones.com\/wp-content\/uploads\/2024\/04\/appearance-dimension_ecm-b6027al30-715-9x12.png 9w\" sizes=\"auto, (max-width: 341px) 100vw, 341px\" \/><\/p>\n<p>\u03a66\u00d72,7 mm kompaktes Design mit Staubschutzgitter auf der Vorderseite (nicht portierte R\u00fcckseite).<\/p>","protected":false},"excerpt":{"rendered":"<p>Das ECM-B6027AL30-715 ist eine 6 \u00d7 2,7 mm gro\u00dfe omnidirektionale Mikrofonkapsel f\u00fcr Ansteckmikrofone. Es bietet eine Empfindlichkeit von -30 dB\u00b12 und ein Signal-Rausch-Verh\u00e4ltnis von 72 dB und sorgt so f\u00fcr eine klare Tonaufnahme in verschiedenen Szenarien. Damit eignet es sich perfekt f\u00fcr Ansteckmikrofonanwendungen.<\/p>","protected":false},"featured_media":2559,"comment_status":"open","ping_status":"closed","template":"","meta":[],"product_brand":[721],"product_cat":[16,20],"product_tag":[283,235,288],"class_list":{"0":"post-343","1":"product","2":"type-product","3":"status-publish","4":"has-post-thumbnail","6":"product_brand-ecmic","7":"product_cat-electret-microphones","8":"product_cat-omnidirectional-microphones","9":"product_tag-6mm","10":"product_tag-conference","11":"product_tag-solder-pads","13":"first","14":"instock","15":"shipping-taxable","16":"purchasable","17":"product-type-simple"},"_links":{"self":[{"href":"https:\/\/ecmicrophones.com\/de\/wp-json\/wp\/v2\/product\/343","targetHints":{"allow":["GET"]}}],"collection":[{"href":"https:\/\/ecmicrophones.com\/de\/wp-json\/wp\/v2\/product"}],"about":[{"href":"https:\/\/ecmicrophones.com\/de\/wp-json\/wp\/v2\/types\/product"}],"replies":[{"embeddable":true,"href":"https:\/\/ecmicrophones.com\/de\/wp-json\/wp\/v2\/comments?post=343"}],"wp:featuredmedia":[{"embeddable":true,"href":"https:\/\/ecmicrophones.com\/de\/wp-json\/wp\/v2\/media\/2559"}],"wp:attachment":[{"href":"https:\/\/ecmicrophones.com\/de\/wp-json\/wp\/v2\/media?parent=343"}],"wp:term":[{"taxonomy":"product_brand","embeddable":true,"href":"https:\/\/ecmicrophones.com\/de\/wp-json\/wp\/v2\/product_brand?post=343"},{"taxonomy":"product_cat","embeddable":true,"href":"https:\/\/ecmicrophones.com\/de\/wp-json\/wp\/v2\/product_cat?post=343"},{"taxonomy":"product_tag","embeddable":true,"href":"https:\/\/ecmicrophones.com\/de\/wp-json\/wp\/v2\/product_tag?post=343"}],"curies":[{"name":"wp","href":"https:\/\/api.w.org\/{rel}","templated":true}]}}