{"id":3581,"date":"2025-10-08T09:19:11","date_gmt":"2025-10-08T01:19:11","guid":{"rendered":"https:\/\/ecmicrophones.com\/?post_type=product&#038;p=3581"},"modified":"2026-03-19T15:05:34","modified_gmt":"2026-03-19T07:05:34","slug":"14mm-unidirectional-microphone-capsule-for-broadcast","status":"publish","type":"product","link":"https:\/\/ecmicrophones.com\/de\/14mm-unidirectional-microphone-capsule-for-broadcast\/","title":{"rendered":"14mm Unidirektionale Mikrofonkapsel f\u00fcr Broadcast"},"content":{"rendered":"<h2 class=\"text-start\">Technische Daten<\/h2>\n<p class=\"text-start\">Unsere unidirektionale Mikrofonkapsel 1455 liefert Hi-Fi-Sound mit hoher Wiedergabetreue und geringem Rauschen.<br \/>\nMit einem neu entwickelten Gro\u00dfmembran-Design, das f\u00fcr Richtrohrmikrofon-Anwendungen optimiert ist,<br \/>\nEr bietet kraftvolle B\u00e4sse, satte Mitten und helle H\u00f6hen f\u00fcr eine ausgewogene, das gesamte Spektrum umfassende Klangwiedergabe.<\/p>\n<h3 class=\"pt-5 text-start\">Standardtestschaltung<\/h3>\n<p><img loading=\"lazy\" decoding=\"async\" class=\"alignnone size-full wp-image-3588\" src=\"https:\/\/ecmicrophones.com\/wp-content\/uploads\/2025\/10\/standard-test-circuit_ecm-b1463uml35-750.png.png\" alt=\"Standardtestschaltung\" width=\"534\" height=\"237\" srcset=\"https:\/\/ecmicrophones.com\/wp-content\/uploads\/2025\/10\/standard-test-circuit_ecm-b1463uml35-750.png.png 534w, https:\/\/ecmicrophones.com\/wp-content\/uploads\/2025\/10\/standard-test-circuit_ecm-b1463uml35-750.png-300x133.png 300w, https:\/\/ecmicrophones.com\/wp-content\/uploads\/2025\/10\/standard-test-circuit_ecm-b1463uml35-750.png-18x8.png 18w\" sizes=\"auto, (max-width: 534px) 100vw, 534px\" \/><\/p>\n<p>Pr\u00fcfbedingungen: RL = 15K\u03a9, VS = 2V, C = 1\u03bcF.<\/p>\n<h3 class=\"pt-5 text-start\">Typischer Frequenzgang<\/h3>\n<p><img loading=\"lazy\" decoding=\"async\" class=\"alignnone wp-image-3582 size-large\" src=\"https:\/\/ecmicrophones.com\/wp-content\/uploads\/2025\/10\/typical-frequency-response_ecm-b1463uml35-750-1024x460.png\" alt=\"Typischer Frequenzgang\" width=\"1024\" height=\"460\" srcset=\"https:\/\/ecmicrophones.com\/wp-content\/uploads\/2025\/10\/typical-frequency-response_ecm-b1463uml35-750-1024x460.png 1024w, https:\/\/ecmicrophones.com\/wp-content\/uploads\/2025\/10\/typical-frequency-response_ecm-b1463uml35-750-300x135.png 300w, https:\/\/ecmicrophones.com\/wp-content\/uploads\/2025\/10\/typical-frequency-response_ecm-b1463uml35-750-768x345.png 768w, https:\/\/ecmicrophones.com\/wp-content\/uploads\/2025\/10\/typical-frequency-response_ecm-b1463uml35-750-1536x689.png 1536w, https:\/\/ecmicrophones.com\/wp-content\/uploads\/2025\/10\/typical-frequency-response_ecm-b1463uml35-750-18x8.png 18w, https:\/\/ecmicrophones.com\/wp-content\/uploads\/2025\/10\/typical-frequency-response_ecm-b1463uml35-750-600x269.png 600w, https:\/\/ecmicrophones.com\/wp-content\/uploads\/2025\/10\/typical-frequency-response_ecm-b1463uml35-750.png 1651w\" sizes=\"auto, (max-width: 1024px) 100vw, 1024px\" \/><\/p>\n<p>Er verf\u00fcgt \u00fcber einen sanften, leicht ansteigenden Frequenzgang von ca. 100Hz bis 10kHz und liefert satte Mitten und helle H\u00f6hen,<br \/>\nbei einer R\u00fcckw\u00e4rtsd\u00e4mpfung von \u00fcber 15 dB - entwickelt f\u00fcr unidirektionale Sprachaufnahmen in hoher Qualit\u00e4t<br \/>\nin Richtrohr- und Interviewmikrofonen.<\/p>\n<h3 class=\"pt-5 text-start\">Abmessungen (UNIT: mm)<\/h3>\n<p><img loading=\"lazy\" decoding=\"async\" class=\"alignnone size-full wp-image-3583\" src=\"https:\/\/ecmicrophones.com\/wp-content\/uploads\/2025\/10\/appearance-dimension_ecm-b1463uml35-750.png\" alt=\"Aussehen Dimension\" width=\"552\" height=\"312\" srcset=\"https:\/\/ecmicrophones.com\/wp-content\/uploads\/2025\/10\/appearance-dimension_ecm-b1463uml35-750.png 552w, https:\/\/ecmicrophones.com\/wp-content\/uploads\/2025\/10\/appearance-dimension_ecm-b1463uml35-750-300x170.png 300w, https:\/\/ecmicrophones.com\/wp-content\/uploads\/2025\/10\/appearance-dimension_ecm-b1463uml35-750-18x10.png 18w\" sizes=\"auto, (max-width: 552px) 100vw, 552px\" \/><\/p>\n<p>Abmessungen der Kapsel: \u00d814 \u00d7 6,3 mm.<br \/>\nMit Staubschutzgitter auf der Vorderseite und einer akustischen \u00d6ffnung auf der R\u00fcckseite, die mit einer d\u00e4mpfenden Netzschicht \u00fcberzogen ist<br \/>\nf\u00fcr eine stabile Richtungsleistung.<\/p>","protected":false},"excerpt":{"rendered":"<p>Das ECM-B1463UML35-750 ist eine 14\u00d76,3 mm gro\u00dfe Mikrofonkapsel f\u00fcr Interview-Mikrofone mit einer Empfindlichkeit von -35 dB\u00b12, 80 dB SNR und 120 dB maximalem Schalldruckpegel. &lt;1%-Verzerrung f\u00fcr klaren, hochwertigen Klang.\n<\/p>","protected":false},"featured_media":3587,"comment_status":"open","ping_status":"closed","template":"","meta":[],"product_brand":[721],"product_cat":[16,21],"product_tag":[280,235,288],"class_list":{"0":"post-3581","1":"product","2":"type-product","3":"status-publish","4":"has-post-thumbnail","6":"product_brand-ecmic","7":"product_cat-electret-microphones","8":"product_cat-unidirectional-microphones","9":"product_tag-14mm","10":"product_tag-conference","11":"product_tag-solder-pads","13":"first","14":"instock","15":"shipping-taxable","16":"purchasable","17":"product-type-simple"},"_links":{"self":[{"href":"https:\/\/ecmicrophones.com\/de\/wp-json\/wp\/v2\/product\/3581","targetHints":{"allow":["GET"]}}],"collection":[{"href":"https:\/\/ecmicrophones.com\/de\/wp-json\/wp\/v2\/product"}],"about":[{"href":"https:\/\/ecmicrophones.com\/de\/wp-json\/wp\/v2\/types\/product"}],"replies":[{"embeddable":true,"href":"https:\/\/ecmicrophones.com\/de\/wp-json\/wp\/v2\/comments?post=3581"}],"wp:featuredmedia":[{"embeddable":true,"href":"https:\/\/ecmicrophones.com\/de\/wp-json\/wp\/v2\/media\/3587"}],"wp:attachment":[{"href":"https:\/\/ecmicrophones.com\/de\/wp-json\/wp\/v2\/media?parent=3581"}],"wp:term":[{"taxonomy":"product_brand","embeddable":true,"href":"https:\/\/ecmicrophones.com\/de\/wp-json\/wp\/v2\/product_brand?post=3581"},{"taxonomy":"product_cat","embeddable":true,"href":"https:\/\/ecmicrophones.com\/de\/wp-json\/wp\/v2\/product_cat?post=3581"},{"taxonomy":"product_tag","embeddable":true,"href":"https:\/\/ecmicrophones.com\/de\/wp-json\/wp\/v2\/product_tag?post=3581"}],"curies":[{"name":"wp","href":"https:\/\/api.w.org\/{rel}","templated":true}]}}