{"id":3627,"date":"2025-11-05T14:34:30","date_gmt":"2025-11-05T06:34:30","guid":{"rendered":"https:\/\/ecmicrophones.com\/?post_type=product&#038;p=3627"},"modified":"2026-03-19T15:37:32","modified_gmt":"2026-03-19T07:37:32","slug":"car-cabin-electret-microphone-9-7-x-5-mm-overhead-lamp-infotainment-screen","status":"publish","type":"product","link":"https:\/\/ecmicrophones.com\/de\/car-cabin-electret-microphone-9-7-x-5-mm-overhead-lamp-infotainment-screen\/","title":{"rendered":"Auto-Innenraum-Elektretmikrofon - 9,7 \u00d7 5 mm, Deckenleuchte und Infotainment-Bildschirm"},"content":{"rendered":"<div class=\"product-description\">\n<div class=\"container\">\n<h2 class=\"mb-3 text-start\">Wichtigste Verkaufsargumente<\/h2>\n<p class=\"text-start mb-2\">\u25cf Installation der Deckenleuchte - nahe beim Fahrer f\u00fcr optimale Sprachaufnahme.<\/p>\n<p class=\"text-start mb-2\">\u25cf Integration des Infotainment-Bildschirms - Unterst\u00fctzt freih\u00e4ndiges Telefonieren, Sprachbefehle und Infotainment-Interaktion.<\/p>\n<p class=\"text-start mb-2\">\u25cf Fokussierte Sprachaufnahme - Unidirektionales Design reduziert Motor-, Stra\u00dfen- und Kabinenger\u00e4usche.<\/p>\n<p class=\"text-start mb-2\">\u25cf Langlebigkeit in Automobilqualit\u00e4t - Widerstandsf\u00e4hig gegen extreme Temperaturen, Vibrationen, Feuchtigkeit und EMI.<\/p>\n<p class=\"text-start mb-2\">\u25cf Kompakt und leicht zu integrieren - 9,7 \u00d7 5 mm Kapsel mit 2-poligen Anschl\u00fcssen.<\/p>\n<p class=\"text-start mb-2\">\u25cf Unterst\u00fctzt den Einsatz von mehreren Mikrofonen - Ideal f\u00fcr Fahrzeuge, die mehrere Mikrofone f\u00fcr eine vollst\u00e4ndige Abdeckung der Kabine ben\u00f6tigen.<\/p>\n<h2 class=\"mb-3 mt-4 text-start\">Empfohlene Installationen<\/h2>\n<div class=\"row align-items-center mb-4\">\n<div class=\"col-12 col-md-6 d-flex justify-content-center mb-3 mb-md-0\">\n        <img loading=\"lazy\" decoding=\"async\" src=\"https:\/\/ecmicrophones.com\/wp-content\/uploads\/2025\/11\/infotainment-screen.png\" alt=\"Installation von Deckenleuchten\" width=\"480\" height=\"360\" class=\"alignnone size-full wp-image-3631\" srcset=\"https:\/\/ecmicrophones.com\/wp-content\/uploads\/2025\/11\/infotainment-screen.png 480w, https:\/\/ecmicrophones.com\/wp-content\/uploads\/2025\/11\/infotainment-screen-300x225.png 300w, https:\/\/ecmicrophones.com\/wp-content\/uploads\/2025\/11\/infotainment-screen-16x12.png 16w\" sizes=\"auto, (max-width: 480px) 100vw, 480px\" \/>\n      <\/div>\n<div class=\"col-12 col-md-6 d-flex flex-column justify-content-center\">\n<p class=\"text-start mb-1\">\u25cf Hervorragende Sprachaufnahme, die Motor-, Stra\u00dfen- und Kabinenger\u00e4usche reduziert.<\/p>\n<p class=\"text-start mb-1\">\u25cf Verdeckte und \u00e4sthetische Installation, die ein sauberes Aussehen des Innenraums gew\u00e4hrleistet.<\/p>\n<p class=\"text-start mb-1\">\u25cf Unterst\u00fctzt mehrere Mikrofone f\u00fcr eine vollst\u00e4ndige Abdeckung der Kabine.<\/p>\n<\/p><\/div>\n<\/p><\/div>\n<div class=\"row align-items-center\">\n<div class=\"col-12 col-md-6 order-md-2 d-flex justify-content-center mb-3 mb-md-0\">\n        <img loading=\"lazy\" decoding=\"async\" src=\"https:\/\/ecmicrophones.com\/wp-content\/uploads\/2025\/11\/overhead-lamp.png\" alt=\"Einbau des Infotainment-Bildschirms\" width=\"480\" height=\"360\" class=\"alignnone size-full wp-image-3632\" srcset=\"https:\/\/ecmicrophones.com\/wp-content\/uploads\/2025\/11\/overhead-lamp.png 480w, https:\/\/ecmicrophones.com\/wp-content\/uploads\/2025\/11\/overhead-lamp-300x225.png 300w, https:\/\/ecmicrophones.com\/wp-content\/uploads\/2025\/11\/overhead-lamp-16x12.png 16w\" sizes=\"auto, (max-width: 480px) 100vw, 480px\" \/>\n      <\/div>\n<div class=\"col-12 col-md-6 order-md-1 d-flex flex-column justify-content-center\">\n<p class=\"text-start mb-1\">\u25cf Geeignet f\u00fcr die Integration in Armaturenbrettmodule oder Infotainment-Bildschirme.<\/p>\n<p class=\"text-start mb-1\">\u25cf Erm\u00f6glicht Freisprechanrufe, Sprachsteuerung und Infotainment-Interaktion.<\/p>\n<p class=\"text-start mb-1\">\u25cf Verbessert die Spracherkennung in der Kabine, wenn es mit anderen Mikrofonen kombiniert wird.<\/p>\n<\/p><\/div>\n<\/p><\/div>\n<\/p><\/div>\n<\/div>","protected":false},"excerpt":{"rendered":"<p>Hochleistungs-Elektretmikrofonkapsel (9,7 \u00d7 5 mm) mit unidirektionaler Richtcharakteristik f\u00fcr den Einsatz in Fahrzeugkabinen. Optimiert f\u00fcr den Einbau in Decken-\/Kartenlampen und Infotainment-Bildschirme, um eine klare Sprachaufnahme des Fahrers, eine Freisprecheinrichtung und eine genaue Spracherkennung bei lauten Stra\u00dfenbedingungen zu gew\u00e4hrleisten. Ausgestattet mit einer 2-Pin-Konfiguration f\u00fcr eine einfache Integration.<\/p>","protected":false},"featured_media":3628,"comment_status":"open","ping_status":"closed","template":"","meta":[],"product_brand":[721],"product_cat":[21,16],"product_tag":[282,229,291],"class_list":{"0":"post-3627","1":"product","2":"type-product","3":"status-publish","4":"has-post-thumbnail","6":"product_brand-ecmic","7":"product_cat-unidirectional-microphones","8":"product_cat-electret-microphones","9":"product_tag-9-7mm","10":"product_tag-equipment","11":"product_tag-pin-type","13":"first","14":"instock","15":"shipping-taxable","16":"purchasable","17":"product-type-simple"},"_links":{"self":[{"href":"https:\/\/ecmicrophones.com\/de\/wp-json\/wp\/v2\/product\/3627","targetHints":{"allow":["GET"]}}],"collection":[{"href":"https:\/\/ecmicrophones.com\/de\/wp-json\/wp\/v2\/product"}],"about":[{"href":"https:\/\/ecmicrophones.com\/de\/wp-json\/wp\/v2\/types\/product"}],"replies":[{"embeddable":true,"href":"https:\/\/ecmicrophones.com\/de\/wp-json\/wp\/v2\/comments?post=3627"}],"wp:featuredmedia":[{"embeddable":true,"href":"https:\/\/ecmicrophones.com\/de\/wp-json\/wp\/v2\/media\/3628"}],"wp:attachment":[{"href":"https:\/\/ecmicrophones.com\/de\/wp-json\/wp\/v2\/media?parent=3627"}],"wp:term":[{"taxonomy":"product_brand","embeddable":true,"href":"https:\/\/ecmicrophones.com\/de\/wp-json\/wp\/v2\/product_brand?post=3627"},{"taxonomy":"product_cat","embeddable":true,"href":"https:\/\/ecmicrophones.com\/de\/wp-json\/wp\/v2\/product_cat?post=3627"},{"taxonomy":"product_tag","embeddable":true,"href":"https:\/\/ecmicrophones.com\/de\/wp-json\/wp\/v2\/product_tag?post=3627"}],"curies":[{"name":"wp","href":"https:\/\/api.w.org\/{rel}","templated":true}]}}