{"id":3679,"date":"2025-12-02T14:26:10","date_gmt":"2025-12-02T06:26:10","guid":{"rendered":"https:\/\/ecmicrophones.com\/?post_type=product&#038;p=3679"},"modified":"2026-03-19T15:02:13","modified_gmt":"2026-03-19T07:02:13","slug":"14-5mm-waterproof-unidirectional-dynamic-microphone-capsule","status":"publish","type":"product","link":"https:\/\/ecmicrophones.com\/de\/14-5mm-waterproof-unidirectional-dynamic-microphone-capsule\/","title":{"rendered":"14,5 mm wasserdichte unidirektionale dynamische Mikrofonkapsel"},"content":{"rendered":"<h2 class=\"text-start\">Technische Daten<\/h2>\n<p class=\"text-start\">Das ECM-DM1458TP200 ist eine verbesserte wasserdichte Version unserer dynamischen 14,5-mm-Mikrofonkapsel, die f\u00fcr Flugfunk-Headsets, Intercom-Systeme und robuste Kommunikationsger\u00e4te entwickelt wurde. Es verf\u00fcgt \u00fcber eine unidirektionale Richtcharakteristik in Verbindung mit einem abgestimmten Frequenzgang, der f\u00fcr eine klare Sprachwiedergabe zwischen 100 Hz und 9 kHz optimiert ist. Dieses Design verbessert die Sprachverst\u00e4ndlichkeit und reduziert gleichzeitig Umgebungsger\u00e4usche effektiv, wodurch auch in schwierigen Umgebungen eine stabile Leistung gew\u00e4hrleistet ist.<\/p>\n<p class=\"text-start\">Der ECM-DM1458TP200 besteht aus feuchtigkeitsbest\u00e4ndigen Komponenten und verf\u00fcgt \u00fcber ein versiegeltes Geh\u00e4use, wodurch er zuverl\u00e4ssige Wasserdichtigkeit bietet. Mit w\u00e4hlbaren Impedanzoptionen von 150 \u03a9 bis 600 \u03a9 l\u00e4sst sich sein kompakter Formfaktor von 14,5 \u00d7 7,5 mm leicht in eine Vielzahl von Kommunikationsger\u00e4ten integrieren, die Langlebigkeit, Stabilit\u00e4t und klare Sprach\u00fcbertragung erfordern.<\/p>\n<h3 class=\"pt-5 text-start\">Explosionszeichnung &amp; Teileliste<\/h3>\n<p><img loading=\"lazy\" decoding=\"async\" class=\"alignnone wp-image-3878 size-full\" src=\"https:\/\/ecmicrophones.com\/wp-content\/uploads\/2025\/12\/dynamic-part_ecm-dm1458tp200.png\" alt=\"ECM-DMP1458TP200 Explosionszeichnung: 8 Hauptkomponenten einschlie\u00dflich Membran, Schwingspule und Magneteinheit\" width=\"570\" height=\"310\" srcset=\"https:\/\/ecmicrophones.com\/wp-content\/uploads\/2025\/12\/dynamic-part_ecm-dm1458tp200.png 570w, https:\/\/ecmicrophones.com\/wp-content\/uploads\/2025\/12\/dynamic-part_ecm-dm1458tp200-300x163.png 300w, https:\/\/ecmicrophones.com\/wp-content\/uploads\/2025\/12\/dynamic-part_ecm-dm1458tp200-18x10.png 18w\" sizes=\"auto, (max-width: 570px) 100vw, 570px\" \/><\/p>\n<p>Strukturelle Zerlegung mit wasserdichtem Schwamm, Schutzabdeckung, Membran, Spule, Magnetstahl, Eisenbeh\u00e4ltern, Halterung und Leiterplattenbaugruppe.<\/p>\n<h3 class=\"pt-5 text-start\">Frequenzgang-Kurve<\/h3>\n<p><img loading=\"lazy\" decoding=\"async\" class=\"alignnone wp-image-3681 size-full\" src=\"https:\/\/ecmicrophones.com\/wp-content\/uploads\/2025\/12\/response-curve_ecm-dm1458t200.png\" alt=\"ECM-DM1458TP200 Frequenzgang: haupts\u00e4chlich im Bereich von 100 Hz bis 9 kHz\" width=\"566\" height=\"495\" srcset=\"https:\/\/ecmicrophones.com\/wp-content\/uploads\/2025\/12\/response-curve_ecm-dm1458t200.png 566w, https:\/\/ecmicrophones.com\/wp-content\/uploads\/2025\/12\/response-curve_ecm-dm1458t200-300x262.png 300w, https:\/\/ecmicrophones.com\/wp-content\/uploads\/2025\/12\/response-curve_ecm-dm1458t200-14x12.png 14w\" sizes=\"auto, (max-width: 566px) 100vw, 566px\" \/><\/p>\n<p>Frequenzgang im Bereich von 100 Hz bis 9 kHz f\u00fcr optimierte Sprachverst\u00e4ndlichkeit.<\/p>\n<h3 class=\"pt-5 text-start\">Abmessungen (UNIT: mm)<\/h3>\n<p><img loading=\"lazy\" decoding=\"async\" class=\"alignnone wp-image-3682 size-full\" src=\"https:\/\/ecmicrophones.com\/wp-content\/uploads\/2025\/12\/appearance-size_ecm-dm1458t200.png\" alt=\"ECM-DM1458TP200 Abmessungen: \u03a614,5 \u00d7 7,5 mm kompakte dynamische Mikrofonkapsel\" width=\"448\" height=\"453\" srcset=\"https:\/\/ecmicrophones.com\/wp-content\/uploads\/2025\/12\/appearance-size_ecm-dm1458t200.png 448w, https:\/\/ecmicrophones.com\/wp-content\/uploads\/2025\/12\/appearance-size_ecm-dm1458t200-297x300.png 297w, https:\/\/ecmicrophones.com\/wp-content\/uploads\/2025\/12\/appearance-size_ecm-dm1458t200-12x12.png 12w, https:\/\/ecmicrophones.com\/wp-content\/uploads\/2025\/12\/appearance-size_ecm-dm1458t200-100x100.png 100w\" sizes=\"auto, (max-width: 448px) 100vw, 448px\" \/><\/p>\n<p>Kompaktes, wasserdichtes Geh\u00e4use mit den Ma\u00dfen \u03a614,5 \u00d7 7,5 mm.<\/p>","protected":false},"excerpt":{"rendered":"<p>Kompakte, wasserdichte, nach IP67 zertifizierte, unidirektionale dynamische Mikrofonkapsel mit 14,5 mm Durchmesser, entwickelt f\u00fcr Flugfunk-Headsets, Gegensprechanlagen, Sprechfunk-Mikrofone und dynamische Schwanenhals-Gegensprechmikrofone \u2013 f\u00fcr klare, zuverl\u00e4ssige Sprachaufnahme in lauten und rauen Umgebungen.<\/p>","protected":false},"featured_media":3683,"comment_status":"open","ping_status":"closed","template":"","meta":[],"product_brand":[721],"product_cat":[17],"product_tag":[311,109],"class_list":{"0":"post-3679","1":"product","2":"type-product","3":"status-publish","4":"has-post-thumbnail","6":"product_brand-ecmic","7":"product_cat-dynamic-microphones","8":"product_tag-15mm","9":"product_tag-intercom","11":"first","12":"instock","13":"shipping-taxable","14":"purchasable","15":"product-type-simple"},"_links":{"self":[{"href":"https:\/\/ecmicrophones.com\/de\/wp-json\/wp\/v2\/product\/3679","targetHints":{"allow":["GET"]}}],"collection":[{"href":"https:\/\/ecmicrophones.com\/de\/wp-json\/wp\/v2\/product"}],"about":[{"href":"https:\/\/ecmicrophones.com\/de\/wp-json\/wp\/v2\/types\/product"}],"replies":[{"embeddable":true,"href":"https:\/\/ecmicrophones.com\/de\/wp-json\/wp\/v2\/comments?post=3679"}],"wp:featuredmedia":[{"embeddable":true,"href":"https:\/\/ecmicrophones.com\/de\/wp-json\/wp\/v2\/media\/3683"}],"wp:attachment":[{"href":"https:\/\/ecmicrophones.com\/de\/wp-json\/wp\/v2\/media?parent=3679"}],"wp:term":[{"taxonomy":"product_brand","embeddable":true,"href":"https:\/\/ecmicrophones.com\/de\/wp-json\/wp\/v2\/product_brand?post=3679"},{"taxonomy":"product_cat","embeddable":true,"href":"https:\/\/ecmicrophones.com\/de\/wp-json\/wp\/v2\/product_cat?post=3679"},{"taxonomy":"product_tag","embeddable":true,"href":"https:\/\/ecmicrophones.com\/de\/wp-json\/wp\/v2\/product_tag?post=3679"}],"curies":[{"name":"wp","href":"https:\/\/api.w.org\/{rel}","templated":true}]}}